{"id":1988,"date":"2019-01-04T10:48:43","date_gmt":"2019-01-04T09:48:43","guid":{"rendered":"http:\/\/chdouelafontaine.fr\/centre-hospitalier\/?page_id=1988"},"modified":"2019-01-04T15:49:23","modified_gmt":"2019-01-04T14:49:23","slug":"developpement-durable","status":"publish","type":"page","link":"https:\/\/chdouelafontaine.fr\/centre-hospitalier\/etablissement\/developpement-durable\/","title":{"rendered":"D\u00c9VELOPPEMENT DURABLE"},"content":{"rendered":"<h2>NOS ENGAGEMENT EN MATI\u00c8RE DE D\u00c9VELOPPEMENT DURABLE<\/h2>\n<p><img loading=\"lazy\" decoding=\"async\" class=\"alignleft wp-image-2001\" src=\"https:\/\/chdouelafontaine.fr\/centre-hospitalier\/wp-content\/uploads\/2019\/01\/Schema_dd-300x286.png\" alt=\"\" width=\"200\" height=\"191\" srcset=\"https:\/\/chdouelafontaine.fr\/centre-hospitalier\/wp-content\/uploads\/2019\/01\/Schema_dd-300x286.png 300w, https:\/\/chdouelafontaine.fr\/centre-hospitalier\/wp-content\/uploads\/2019\/01\/Schema_dd-768x732.png 768w, https:\/\/chdouelafontaine.fr\/centre-hospitalier\/wp-content\/uploads\/2019\/01\/Schema_dd-1024x975.png 1024w, https:\/\/chdouelafontaine.fr\/centre-hospitalier\/wp-content\/uploads\/2019\/01\/Schema_dd.png 1200w\" sizes=\"auto, (max-width: 200px) 100vw, 200px\" \/><br \/>\nLe Centre Hospitalier de Dou\u00e9-la-Fontaine est engag\u00e9 dans une d\u00e9marche de promotion du d\u00e9veloppement durable depuis l\u2019ann\u00e9e 2015.<\/p>\n<p><strong>Il d\u00e9veloppe des plans d\u2019actions autours de cinq axes<\/strong> qui s\u2019articulent autour des trois piliers du d\u00e9veloppement durable et des pr\u00e9conisations de la Haute Autorit\u00e9 de Sant\u00e9.<\/p>\n<p>&nbsp;<\/p>\n<h5><span style=\"color: #2d3e50;\">1. DIMINUER NOTRE <\/span><span style=\"color: #d3482f;\">IMPACT ENVIRONNEMENTAL<\/span><\/h5>\n<ul>\n<li>Agir sur nos consommations \u00e9nerg\u00e9tiques<img loading=\"lazy\" decoding=\"async\" class=\"alignright wp-image-1996\" src=\"https:\/\/chdouelafontaine.fr\/centre-hospitalier\/wp-content\/uploads\/2019\/01\/DD_schema-300x172.png\" alt=\"\" width=\"400\" height=\"230\" srcset=\"https:\/\/chdouelafontaine.fr\/centre-hospitalier\/wp-content\/uploads\/2019\/01\/DD_schema-300x172.png 300w, https:\/\/chdouelafontaine.fr\/centre-hospitalier\/wp-content\/uploads\/2019\/01\/DD_schema-768x441.png 768w, https:\/\/chdouelafontaine.fr\/centre-hospitalier\/wp-content\/uploads\/2019\/01\/DD_schema.png 1000w\" sizes=\"auto, (max-width: 400px) 100vw, 400px\" \/><\/li>\n<li>Diminuer notre production de CO2<\/li>\n<li>\u00c9tablir un bilan \u00e9nerg\u00e9tique<\/li>\n<\/ul>\n<p><span style=\"font-size: 18pt;\"><strong><span style=\"color: #2d3e50;\">2. PR\u00c9SERVER LES<\/span> <span style=\"color: #d3482f;\">RESSOURCES<\/span><\/strong><\/span><\/p>\n<ul>\n<li>D\u00e9velopper l\u2019achat \u00e9co responsable<\/li>\n<li>\u00c9conomiser l\u2019eau<\/li>\n<li>R\u00e9duire la consommation de papier<\/li>\n<li>R\u00e9guler la consommation de fioul<\/li>\n<\/ul>\n<h5><span style=\"color: #2d3e50;\">3. AGIR SUR NOTRE PRODUCTION DE<\/span><span style=\"color: #d3482f;\">\u00a0D\u00c9CHETS<\/span><\/h5>\n<ul>\n<li>Optimiser le tri des d\u00e9chets<\/li>\n<li>Communiquer aupr\u00e8s des professionnels sur les proc\u00e9dures de tri<\/li>\n<li>Diminuer le tonnage de d\u00e9chets produits par an<\/li>\n<\/ul>\n<h5><span style=\"color: #2d3e50;\">4. ASSURER LA PROMOTION DU<\/span><span style=\"color: #d3482f;\">\u00a0D\u00c9VELOPPEMENT DURABLE<\/span><\/h5>\n<ul>\n<li>Informer<\/li>\n<li>Sensibiliser<\/li>\n<li>Mobiliser<\/li>\n<\/ul>\n<h5><span style=\"color: #2d3e50;\">5. PROMOUVOIR L&rsquo;EFFICIENCE DE L&rsquo;ETABLISSEMENT AU TRAVERS DE SA<\/span><span style=\"color: #d3482f;\">\u00a0PERFORMANCE SOCIALE<\/span><\/h5>\n<ul>\n<li>Assurer l\u2019int\u00e9gration des nouveaux arrivants<\/li>\n<li>G\u00e9rer les carri\u00e8res, gestion pr\u00e9visionnelle des m\u00e9tiers et des comp\u00e9tences<\/li>\n<li>D\u00e9velopper un projet social tenant compte des aspirations des agents de l\u2019\u00e9tablissement<\/li>\n<li>Pr\u00e9venir les situations de souffrance au travail et favoriser le bien-\u00eatre au travail<\/li>\n<\/ul>\n<p>&nbsp;<\/p>\n<p><img loading=\"lazy\" decoding=\"async\" class=\"size-medium wp-image-1997 alignright\" src=\"https:\/\/chdouelafontaine.fr\/centre-hospitalier\/wp-content\/uploads\/2019\/01\/logo_eco-300x222.png\" alt=\"\" width=\"300\" height=\"222\" srcset=\"https:\/\/chdouelafontaine.fr\/centre-hospitalier\/wp-content\/uploads\/2019\/01\/logo_eco-300x222.png 300w, https:\/\/chdouelafontaine.fr\/centre-hospitalier\/wp-content\/uploads\/2019\/01\/logo_eco.png 689w\" sizes=\"auto, (max-width: 300px) 100vw, 300px\" \/>L\u2019\u00e9tablissement a sign\u00e9 le 1 d\u00e9cembre 2017 avec le SMITOM du Sud Saumurois une charte d\u2019engagement z\u00e9ro d\u00e9chet, z\u00e9ro gaspillage. Il s\u2019est engag\u00e9 \u00e0 lutter contre le gaspillage alimentaire, \u00e0 assurer le tri des d\u00e9chets, \u00e0 mettre en place une politique d\u2019\u00e9conomies d\u2019eau et d\u2019\u00e9nergie.<\/p>\n<p>Il dispose d\u2019un groupe de travail compos\u00e9 de diff\u00e9rents personnels charg\u00e9s de faire vivre les projets qui vont du tri des d\u00e9chets, action simple \u00e0 la mise en place d\u2019un projet social favorisant la qualit\u00e9 de vie au travail.<\/p>\n<p>&gt;&gt;&gt; <a href=\"https:\/\/chdouelafontaine.fr\/centre-hospitalier\/wp-content\/uploads\/2019\/01\/Charte-eco-responsable.pdf\" target=\"_blank\" rel=\"noopener\">Charte d\u2019\u00e9co responsabilit\u00e9 <\/a><\/p>\n","protected":false},"excerpt":{"rendered":"<p>NOS ENGAGEMENT EN MATI\u00c8RE DE D\u00c9VELOPPEMENT DURABLE Le Centre Hospitalier de Dou\u00e9-la-Fontaine est engag\u00e9 dans une d\u00e9marche de promotion du d\u00e9veloppement durable depuis l\u2019ann\u00e9e 2015. Il d\u00e9veloppe des plans d\u2019actions autours de cinq axes qui s\u2019articulent autour des trois piliers du d\u00e9veloppement durable et des pr\u00e9conisations de la Haute Autorit\u00e9 de Sant\u00e9. &nbsp; 1. DIMINUER [&hellip;]<\/p>\n","protected":false},"author":2,"featured_media":0,"parent":957,"menu_order":5,"comment_status":"closed","ping_status":"closed","template":"","meta":{"footnotes":""},"class_list":["post-1988","page","type-page","status-publish","hentry"],"_links":{"self":[{"href":"https:\/\/chdouelafontaine.fr\/centre-hospitalier\/wp-json\/wp\/v2\/pages\/1988","targetHints":{"allow":["GET"]}}],"collection":[{"href":"https:\/\/chdouelafontaine.fr\/centre-hospitalier\/wp-json\/wp\/v2\/pages"}],"about":[{"href":"https:\/\/chdouelafontaine.fr\/centre-hospitalier\/wp-json\/wp\/v2\/types\/page"}],"author":[{"embeddable":true,"href":"https:\/\/chdouelafontaine.fr\/centre-hospitalier\/wp-json\/wp\/v2\/users\/2"}],"replies":[{"embeddable":true,"href":"https:\/\/chdouelafontaine.fr\/centre-hospitalier\/wp-json\/wp\/v2\/comments?post=1988"}],"version-history":[{"count":10,"href":"https:\/\/chdouelafontaine.fr\/centre-hospitalier\/wp-json\/wp\/v2\/pages\/1988\/revisions"}],"predecessor-version":[{"id":2008,"href":"https:\/\/chdouelafontaine.fr\/centre-hospitalier\/wp-json\/wp\/v2\/pages\/1988\/revisions\/2008"}],"up":[{"embeddable":true,"href":"https:\/\/chdouelafontaine.fr\/centre-hospitalier\/wp-json\/wp\/v2\/pages\/957"}],"wp:attachment":[{"href":"https:\/\/chdouelafontaine.fr\/centre-hospitalier\/wp-json\/wp\/v2\/media?parent=1988"}],"curies":[{"name":"wp","href":"https:\/\/api.w.org\/{rel}","templated":true}]}}