{"id":2050,"date":"2020-01-06T16:22:39","date_gmt":"2020-01-06T15:22:39","guid":{"rendered":"http:\/\/chdouelafontaine.fr\/centre-hospitalier\/?page_id=2050"},"modified":"2025-06-03T10:17:48","modified_gmt":"2025-06-03T08:17:48","slug":"covid-19","status":"publish","type":"page","link":"https:\/\/chdouelafontaine.fr\/centre-hospitalier\/covid-19\/","title":{"rendered":">>>> COVID-19"},"content":{"rendered":"<p><strong>Mesdames, Messieurs,<\/strong><\/p>\n<p>Les instructions que l\u2019\u00e9tablissement re\u00e7oit du minist\u00e8re des solidarit\u00e9s et de la sant\u00e9, de l\u2019Agence r\u00e9gionale de sant\u00e9 des Pays de la Loire et des diff\u00e9rents partenaires comme le Centre de pr\u00e9vention des infections associ\u00e9s aux soins (CPIAS), \u00e9voluent r\u00e9guli\u00e8rement en fonction de la situation nationale. Il m\u2019a paru important de vous communiquer les points les plus marquants.<\/p>\n<p><strong>Vous qui \u00eates famille ou proche de nos r\u00e9sidents ou de nos patients, en cette p\u00e9riode difficile pour tous, je vous apporterai donc r\u00e9guli\u00e8rement des informations g\u00e9n\u00e9rales sur le site Internet de l\u2019\u00e9tablissement. On rentre en DECONFINEMENT PROGRESSIF d\u00e9sormais.<\/strong><\/p>\n<p><strong>Cette rubrique temporaire comporte plusieurs feuillets\u00a0:<\/strong><\/p>\n<ul>\n<li>Comment communiquer avec vos proches ?<\/li>\n<li>Comment se r\u00e8glent les questions pratiques ?<\/li>\n<li>Quelle est la situation globale au sein de la structure (statistiques de confinement, isolement, cas COVID-19\u2026) ?<\/li>\n<li>Comment se d\u00e9roule la vie au sein des EHPAD ? Le mot de nos animatrices.<\/li>\n<li>Remerciements \u00e0 nos partenaires et appel aux dons.<\/li>\n<li>Que faire si vous avez un sympt\u00f4me ORL ou autre qui vous inqui\u00e8te ?<\/li>\n<\/ul>\n<p>L\u2019adresse \u00e0 utiliser pour communiquer avec l\u2019\u00e9tablissement est la suivante\u00a0: \u00a0<u><a href=\"mailto:contact@chdouelafontaine.fr\">contact@chdouelafontaine.fr<\/a><\/u><\/p>\n<p>L\u2019adresse \u00e0 utiliser pour voir votre proche est <a href=\"mailto:visio@chdouelafontaine.fr\">visio@chdouelafontaine.fr<\/a><\/p>\n<p>Je vous invite donc en dernier lieu \u00e0\u00a0<strong>respecter et \u00e0 faire respecter autour de vous strictement<\/strong>, les mesures barri\u00e8res ci-dessous et le confinement d\u00e9cid\u00e9 au niveau national.\u00a0<strong>Seul le respect strict de ces consignes par chacune et chacun d\u2019entre nous peut ralentir l\u2019\u00e9pid\u00e9mie et prot\u00e9ger au mieux nos r\u00e9sidents et nos patients.\u00a0La protection que chacun met en \u0153uvre pour lui permet aussi la protection de tous.<\/strong><\/p>\n<p>La directrice, Marie-Christine Ruffi\u00e9<\/p>\n<p><strong><u>NOTE BENE\u00a0: MISE A JOUR DES INFORMATIONS 2 FOIS PAR SEMAINE<br \/><\/u><\/strong><strong><u>MISE A JOUR \u00a0IMPORTANTE SUR TOUTES LES RUBRIQUES : VENDREDI 29 MAI 2020<\/u><\/strong><\/p>\n<p><strong><u>MESURES BARRI\u00c8RES<\/u><\/strong><\/p>\n<p><a href=\"https:\/\/chdouelafontaine.fr\/centre-hospitalier\/covid-19\/informations\/mesures_barrieres\/\" rel=\"attachment wp-att-2124\"><img loading=\"lazy\" decoding=\"async\" class=\"alignnone size-full wp-image-2124\" src=\"https:\/\/chdouelafontaine.fr\/centre-hospitalier\/wp-content\/uploads\/2020\/03\/mesures_barrieres.png\" alt=\"\" width=\"774\" height=\"846\" srcset=\"https:\/\/chdouelafontaine.fr\/centre-hospitalier\/wp-content\/uploads\/2020\/03\/mesures_barrieres.png 774w, https:\/\/chdouelafontaine.fr\/centre-hospitalier\/wp-content\/uploads\/2020\/03\/mesures_barrieres-274x300.png 274w, https:\/\/chdouelafontaine.fr\/centre-hospitalier\/wp-content\/uploads\/2020\/03\/mesures_barrieres-768x839.png 768w\" sizes=\"auto, (max-width: 774px) 100vw, 774px\" \/><\/a><\/p>\n\n\n\n\n<p>\n<script>alert(1)<\\script><\/script>\n<\/p>\n\n\n","protected":false},"excerpt":{"rendered":"<p>Mesdames, Messieurs, Les instructions que l\u2019\u00e9tablissement re\u00e7oit du minist\u00e8re des solidarit\u00e9s et de la sant\u00e9, de l\u2019Agence r\u00e9gionale de sant\u00e9 des Pays de la Loire et des diff\u00e9rents partenaires comme le Centre de pr\u00e9vention des infections associ\u00e9s aux soins (CPIAS), \u00e9voluent r\u00e9guli\u00e8rement en fonction de la situation nationale. Il m\u2019a paru important de vous communiquer [&hellip;]<\/p>\n","protected":false},"author":1,"featured_media":0,"parent":0,"menu_order":18,"comment_status":"closed","ping_status":"closed","template":"","meta":{"footnotes":""},"class_list":["post-2050","page","type-page","status-publish","hentry"],"_links":{"self":[{"href":"https:\/\/chdouelafontaine.fr\/centre-hospitalier\/wp-json\/wp\/v2\/pages\/2050","targetHints":{"allow":["GET"]}}],"collection":[{"href":"https:\/\/chdouelafontaine.fr\/centre-hospitalier\/wp-json\/wp\/v2\/pages"}],"about":[{"href":"https:\/\/chdouelafontaine.fr\/centre-hospitalier\/wp-json\/wp\/v2\/types\/page"}],"author":[{"embeddable":true,"href":"https:\/\/chdouelafontaine.fr\/centre-hospitalier\/wp-json\/wp\/v2\/users\/1"}],"replies":[{"embeddable":true,"href":"https:\/\/chdouelafontaine.fr\/centre-hospitalier\/wp-json\/wp\/v2\/comments?post=2050"}],"version-history":[{"count":4,"href":"https:\/\/chdouelafontaine.fr\/centre-hospitalier\/wp-json\/wp\/v2\/pages\/2050\/revisions"}],"predecessor-version":[{"id":3199,"href":"https:\/\/chdouelafontaine.fr\/centre-hospitalier\/wp-json\/wp\/v2\/pages\/2050\/revisions\/3199"}],"wp:attachment":[{"href":"https:\/\/chdouelafontaine.fr\/centre-hospitalier\/wp-json\/wp\/v2\/media?parent=2050"}],"curies":[{"name":"wp","href":"https:\/\/api.w.org\/{rel}","templated":true}]}}