{"id":2121,"date":"2020-03-24T17:48:13","date_gmt":"2020-03-24T16:48:13","guid":{"rendered":"http:\/\/chdouelafontaine.fr\/centre-hospitalier\/?page_id=2121"},"modified":"2021-05-28T16:52:52","modified_gmt":"2021-05-28T14:52:52","slug":"situation","status":"publish","type":"page","link":"https:\/\/chdouelafontaine.fr\/centre-hospitalier\/covid-19\/situation\/","title":{"rendered":"SITUATION"},"content":{"rendered":"<h1>QUELLE EST LA SITUATION GLOBALE AU SEIN DE LA STRUCTURE <strong>(MAJ 27\/05\/2021)<\/strong><\/h1>\n<h2>SECTEURS SANITAIRES ET EHPAD<\/h2>\n<h3><span style=\"text-decoration: underline;\">MESURES DE PR\u00c9VENTION PRISES A L\u2019\u00c9GARD DES R\u00c9SIDENTS<\/span><\/h3>\n<p><strong>1\u00b0 QUAND LE CONFINEMENT EST-IL MIS EN PLACE ?<\/strong><\/p>\n<p>Le confinement en chambre pour un r\u00e9sident ou patient est mis en \u0153uvre \u00e0 titre <span style=\"color: #ff9900;\">de pr\u00e9caution lors d\u2019une admission en EHPAD en provenance du domicile.<\/span><br \/>\nUne admission en provenance du secteur sanitaire de l\u2019\u00e9tablissement ne g\u00e9n\u00e8re plus de confinement.<\/p>\n<p><strong>2\u00b0 QUAND L\u2019ISOLEMENT EST-IL MIS EN PLACE\u00a0?\u00a0<\/strong><\/p>\n<p>Quand le r\u00e9sident ou le patient pr\u00e9sente de la toux et de la fi\u00e8vre, le m\u00e9decin traitant est imm\u00e9diatement appel\u00e9 pour conduite \u00e0 tenir.\u00a0 Le r\u00e9sident ou le patient est plac\u00e9, avant l\u2019arriv\u00e9e du m\u00e9decin en isolement dans sa chambre. C\u2019est le m\u00e9decin qui d\u00e9cide de la conduite \u00e0 tenir en lien avec le centre 15, si n\u00e9cessaire. L\u2019isolement concerne aussi d\u2019autres pathologies contagieuses.<br \/>\nLa diff\u00e9rence entre les deux situations concerne les pr\u00e9cautions et donc les \u00e9quipements des soignants.<\/p>\n<h3><u>INDICATEURS GLOBAUX LIES A LA PAND\u00c9MIE<br \/>\n<\/u><u><\/u><\/h3>\n<p><strong><u>mise \u00e0 jour 27\/05\/2021<\/u><\/strong><\/p>\n<h3><strong><u>SITUATION DU DEPARTEMENT DE MAINE ET LOIRE<\/u><\/strong><\/h3>\n<p><strong>Taux d\u2019incidence pour 100 000 habitants<\/strong><\/p>\n<p><strong><u>Seuil d\u2019alerte : 50 \u2013 seul d\u2019alerte maximale\u00a0: 250 <\/u><\/strong><\/p>\n<table style=\"border-collapse: collapse; width: 45.4203%; height: 137px;\">\n<tbody>\n<tr style=\"height: 10px;\">\n<td style=\"width: 39.4247%; height: 10px;\"><span style=\"font-size: 12pt;\">Semaine du 29 janvier :<\/span><\/td>\n<td style=\"width: 3.61011%; height: 10px;\" width=\"81\"><strong>167.5<\/strong><\/td>\n<\/tr>\n<tr style=\"height: 22px;\">\n<td style=\"width: 39.4247%; height: 22px;\" width=\"423\"><span style=\"font-size: 12pt;\">Semaine du 9 f\u00e9vrier :<\/span><\/td>\n<td style=\"width: 3.61011%; height: 22px;\" width=\"81\"><strong>164.1<\/strong><\/td>\n<\/tr>\n<tr style=\"height: 24px;\">\n<td style=\"width: 39.4247%; height: 24px;\" width=\"423\"><span style=\"font-size: 12pt;\">Semaine du 19 f\u00e9vrier :<\/span><\/td>\n<td style=\"width: 3.61011%; height: 24px;\" width=\"81\"><strong>152.4<\/strong><\/td>\n<\/tr>\n<tr style=\"height: 21px;\">\n<td style=\"width: 39.4247%; height: 21px;\" width=\"423\"><span style=\"font-size: 12pt;\">Semaine du 23 mars :<\/span><\/td>\n<td style=\"width: 3.61011%; height: 21px;\" width=\"81\"><strong>236.8<\/strong><\/td>\n<\/tr>\n<tr style=\"height: 20px;\">\n<td style=\"width: 39.4247%; height: 20px;\"><span style=\"font-size: 12pt;\">Semaine du 2 avril :<\/span><\/td>\n<td style=\"width: 3.61011%; height: 20px;\"><strong>326.3<\/strong><\/td>\n<\/tr>\n<tr style=\"height: 20px;\">\n<td style=\"width: 39.4247%; height: 20px;\"><span style=\"font-size: 12pt;\">Semaine du 16 avril :<\/span><\/td>\n<td style=\"width: 3.61011%; height: 20px;\"><strong>308.3<\/strong><\/td>\n<\/tr>\n<tr style=\"height: 20px;\">\n<td style=\"width: 39.4247%; height: 20px;\"><span style=\"font-size: 12pt;\">Semaine du 23 avril :<\/span><\/td>\n<td style=\"width: 3.61011%; height: 20px;\"><strong>263.5<\/strong><\/td>\n<\/tr>\n<tr>\n<td style=\"width: 39.4247%;\"><span style=\"font-size: 12pt;\">Semaine du 17 mai :<\/span><\/td>\n<td style=\"width: 3.61011%;\"><strong>105.8<\/strong><\/td>\n<\/tr>\n<\/tbody>\n<\/table>\n<h4><strong><u>SECTEUR EHPAD<\/u><\/strong><\/h4>\n<p>PAS DE CAS DE COVID-19<\/p>\n<h4><strong>SECTEUR SANITAIRE (M\u00c9DECINE, SSR)<\/strong><\/h4>\n<p>PAS DE CAS DE COVID-19<\/p>\n<h4><strong>SECTEUR SANITAIRE (unite covid-19)<\/strong><\/h4>\n<p><strong><u>UNIT\u00c9 FERMEE<\/u><\/strong><\/p>\n","protected":false},"excerpt":{"rendered":"<p>QUELLE EST LA SITUATION GLOBALE AU SEIN DE LA STRUCTURE (MAJ 27\/05\/2021) SECTEURS SANITAIRES ET EHPAD MESURES DE PR\u00c9VENTION PRISES A L\u2019\u00c9GARD DES R\u00c9SIDENTS 1\u00b0 QUAND LE CONFINEMENT EST-IL MIS EN PLACE ? Le confinement en chambre pour un r\u00e9sident ou patient est mis en \u0153uvre \u00e0 titre de pr\u00e9caution lors d\u2019une admission en EHPAD [&hellip;]<\/p>\n","protected":false},"author":14,"featured_media":0,"parent":2050,"menu_order":7,"comment_status":"closed","ping_status":"closed","template":"","meta":{"footnotes":""},"class_list":["post-2121","page","type-page","status-publish","hentry"],"_links":{"self":[{"href":"https:\/\/chdouelafontaine.fr\/centre-hospitalier\/wp-json\/wp\/v2\/pages\/2121","targetHints":{"allow":["GET"]}}],"collection":[{"href":"https:\/\/chdouelafontaine.fr\/centre-hospitalier\/wp-json\/wp\/v2\/pages"}],"about":[{"href":"https:\/\/chdouelafontaine.fr\/centre-hospitalier\/wp-json\/wp\/v2\/types\/page"}],"author":[{"embeddable":true,"href":"https:\/\/chdouelafontaine.fr\/centre-hospitalier\/wp-json\/wp\/v2\/users\/14"}],"replies":[{"embeddable":true,"href":"https:\/\/chdouelafontaine.fr\/centre-hospitalier\/wp-json\/wp\/v2\/comments?post=2121"}],"version-history":[{"count":43,"href":"https:\/\/chdouelafontaine.fr\/centre-hospitalier\/wp-json\/wp\/v2\/pages\/2121\/revisions"}],"predecessor-version":[{"id":2625,"href":"https:\/\/chdouelafontaine.fr\/centre-hospitalier\/wp-json\/wp\/v2\/pages\/2121\/revisions\/2625"}],"up":[{"embeddable":true,"href":"https:\/\/chdouelafontaine.fr\/centre-hospitalier\/wp-json\/wp\/v2\/pages\/2050"}],"wp:attachment":[{"href":"https:\/\/chdouelafontaine.fr\/centre-hospitalier\/wp-json\/wp\/v2\/media?parent=2121"}],"curies":[{"name":"wp","href":"https:\/\/api.w.org\/{rel}","templated":true}]}}