{"id":2149,"date":"2020-03-24T18:15:25","date_gmt":"2020-03-24T17:15:25","guid":{"rendered":"http:\/\/chdouelafontaine.fr\/centre-hospitalier\/?page_id=2149"},"modified":"2020-04-25T15:17:36","modified_gmt":"2020-04-25T13:17:36","slug":"le-quotidien","status":"publish","type":"page","link":"https:\/\/chdouelafontaine.fr\/centre-hospitalier\/covid-19\/le-quotidien\/","title":{"rendered":"LE QUOTIDIEN"},"content":{"rendered":"<h1><strong>Comment se d\u00e9roule la vie au sein des EHPAD, le mot de nos animatrices (MAJ au 24\/04\/2020)<\/strong><\/h1>\n<p><strong>\u00a0<\/strong>Les animatrices au nombre de 4 sont r\u00e9parties comme vous le savez sur nos diff\u00e9rentes unit\u00e9s<\/p>\n<ul>\n<li>Une animatrice pour le RDC de la r\u00e9sidence du Petit Bois et le 2<sup>\u00e8me<\/sup> \u00e9tage<\/li>\n<li>Une animatrice pour le 1<sup>er<\/sup> niveau de la r\u00e9sidence du Petit Bois<\/li>\n<li>Une animatrice \u00e0 mi-temps pour la r\u00e9sidence la Pens\u00e9e du Layon<\/li>\n<li>Une animatrice \u00e0 0.70 ETP pour l\u2019UPHA, le Village Mosa\u00efque \u00e0 Dou\u00e9 la Fontaine<\/li>\n<\/ul>\n<p><em>Nous avons actuellement un arr\u00eat de travail de l\u2019une des animatrices, donc les 3 autres assurent l\u2019animation sur tous nos sites.<\/em><\/p>\n<h3><strong>Le matin\u00a0: <\/strong><\/h3>\n<p>Les animatrices consacrent leur temps au passage en chambres pour \u00e9changer avec les r\u00e9sidents. La demande est essentiellement tourn\u00e9e vers le dialogue. Quelques r\u00e9sidents cependant demandent \u00e0 faire un jeu avec l\u2019animatrice.<br \/>\nCe temps de dialogue en l\u2019absence de visites des familles est tr\u00e8s attendu et tr\u00e8s important.<\/p>\n<p><strong>Au rez-de-chauss\u00e9e de la R\u00e9sidence du Petit Bois et au 2<sup>\u00e8me<\/sup> \u00e9tage<\/strong><\/p>\n<p><em>Semaine du 13 au 18 avril : vacances annuelles de l\u2019animatrice, un agent recrut\u00e9 en sus a anim\u00e9 les visio-conf\u00e9rences r\u00e9sidents\/familles.<\/em><\/p>\n<p><strong>Au premier niveau de la R\u00e9sidence du Petit Bois <\/strong><\/p>\n<ul>\n<li><strong><u>Lundi 13 Avril<br \/>\n<\/u><\/strong><u>F\u00e9ri\u00e9<\/u><\/li>\n<li><strong><u>Mardi 14 Avril<br \/>\n<\/u><\/strong>Temps consacr\u00e9 aux rendez-vous visio<\/li>\n<li><strong><u>Mercredi 15 Avril<br \/>\n<\/u><\/strong><u>Le matin<\/u> : Rencontres individuelles (5 personnes), aide \u00e0 la marche, accompagner une r\u00e9sidente pour la pause cigarette, \u00eatre \u00e0 l\u2019\u00e9coute<br \/>\n<u>L\u2019apr\u00e8s-midi<\/u> : jeux du scrabble (3 personnes); coloriage mandala (2 personnes), visio familles\/r\u00e9sidents (3 personnes)<\/li>\n<li><strong><u>Jeudi 16 Avril<br \/>\n<\/u><\/strong><u>Le matin<\/u> : Rencontres individuelles (3 personnes), soutien moral, \u00eatre \u00e0 l\u2019\u00e9coute, rassurer sur les conditions actuelles difficiles surtout le manque de ses proches<br \/>\n<u>L\u2019apr\u00e8s-midi<\/u> : Bricolage peinture (1 personne), coloriage (4 personnes), visio familles\/r\u00e9sidents (3 personnes)<\/li>\n<li><strong><u>Vendredi 17 Avril<br \/>\n<\/u><\/strong><u>Le matin<\/u> : Rencontres individuelles (3 personnes), discussion, soutien moral, gym douce par groupe de 2 personnes, accompagner une r\u00e9sidente pour la pause cigarette<br \/>\n<u>L\u2019apr\u00e8s-midi<\/u> : Rencontre individuelle (2 personnes) discussions, \u00e9coute, visio familles\/r\u00e9sidents (2 personnes)<\/li>\n<li><span style=\"text-decoration: underline;\"><strong>Samedi 18 Avril<\/strong><\/span><br \/>\n<u>L\u2019apr\u00e8s-midi<\/u> : Distribution des colis, visio familles\/r\u00e9sidents (4 personnes)<\/li>\n<\/ul>\n<p><strong>A Nueil-Sur-Layon :<\/strong><\/p>\n<p><strong>\u00a0<\/strong>L\u2019animatrice absente est relay\u00e9e par l\u2019animatrice de l\u2019UPHA qui se partage sur les deux sites :<\/p>\n<ul>\n<li><strong><u>Lundi 13 Avril<br \/>\n<\/u><\/strong><u>F\u00e9ri\u00e9<\/u><\/li>\n<li><strong><u>Mardi 14 Avril<br \/>\n<\/u><\/strong><u>Le matin<\/u> : Visio avec 1 r\u00e9sident, soins individuels en chambres manucure avec 8 r\u00e9sidents,eEnlever l\u2019herbe du patio avec un r\u00e9sident<\/li>\n<li><strong><u>Mercredi 15 Avril<br \/>\n<\/u><\/strong><u>Le matin<\/u> : Coloriage et d\u00e9coupage (4 r\u00e9sidents), visio avec 1 r\u00e9sident<\/li>\n<li><strong><u>Jeudi 16 Avril<br \/>\n<\/u><\/strong><u>Le matin<\/u> : Set de tables individuelles (5 r\u00e9sidents), visio avec 1 r\u00e9sident<\/li>\n<li><strong><u>Vendredi 17 Avril<br \/>\n<\/u><\/strong><u>Le matin<\/u> : Set de tables individuelles (6 r\u00e9sidents)<\/li>\n<li><span style=\"text-decoration: underline;\"><strong>Samedi 18 Avril<\/strong><\/span><br \/>\n<u>L\u2019apr\u00e8s-midi<\/u> : Loto<\/li>\n<\/ul>\n<p><img loading=\"lazy\" decoding=\"async\" class=\"alignnone size-medium wp-image-2255\" src=\"https:\/\/chdouelafontaine.fr\/centre-hospitalier\/wp-content\/uploads\/2020\/04\/PHOTO_NUEIL-24_04-300x225.jpg\" alt=\"\" width=\"300\" height=\"225\" srcset=\"https:\/\/chdouelafontaine.fr\/centre-hospitalier\/wp-content\/uploads\/2020\/04\/PHOTO_NUEIL-24_04-300x225.jpg 300w, https:\/\/chdouelafontaine.fr\/centre-hospitalier\/wp-content\/uploads\/2020\/04\/PHOTO_NUEIL-24_04-1024x768.jpg 1024w, https:\/\/chdouelafontaine.fr\/centre-hospitalier\/wp-content\/uploads\/2020\/04\/PHOTO_NUEIL-24_04-768x576.jpg 768w, https:\/\/chdouelafontaine.fr\/centre-hospitalier\/wp-content\/uploads\/2020\/04\/PHOTO_NUEIL-24_04-1536x1152.jpg 1536w, https:\/\/chdouelafontaine.fr\/centre-hospitalier\/wp-content\/uploads\/2020\/04\/PHOTO_NUEIL-24_04-2048x1536.jpg 2048w\" sizes=\"auto, (max-width: 300px) 100vw, 300px\" \/> <img loading=\"lazy\" decoding=\"async\" class=\"size-medium wp-image-2256\" style=\"font-weight: bold; background-color: transparent; color: #767676;\" src=\"https:\/\/chdouelafontaine.fr\/centre-hospitalier\/wp-content\/uploads\/2020\/04\/PHOTO_LAYON-24_04-225x300.jpg\" alt=\"\" width=\"225\" height=\"300\" srcset=\"https:\/\/chdouelafontaine.fr\/centre-hospitalier\/wp-content\/uploads\/2020\/04\/PHOTO_LAYON-24_04-225x300.jpg 225w, https:\/\/chdouelafontaine.fr\/centre-hospitalier\/wp-content\/uploads\/2020\/04\/PHOTO_LAYON-24_04-768x1024.jpg 768w, https:\/\/chdouelafontaine.fr\/centre-hospitalier\/wp-content\/uploads\/2020\/04\/PHOTO_LAYON-24_04-1152x1536.jpg 1152w, https:\/\/chdouelafontaine.fr\/centre-hospitalier\/wp-content\/uploads\/2020\/04\/PHOTO_LAYON-24_04-1536x2048.jpg 1536w, https:\/\/chdouelafontaine.fr\/centre-hospitalier\/wp-content\/uploads\/2020\/04\/PHOTO_LAYON-24_04-scaled.jpg 1920w\" sizes=\"auto, (max-width: 225px) 100vw, 225px\" \/> <img loading=\"lazy\" decoding=\"async\" class=\"alignnone size-medium wp-image-2204\" src=\"https:\/\/chdouelafontaine.fr\/centre-hospitalier\/wp-content\/uploads\/2020\/04\/animation_PDL-300x225.jpg\" alt=\"\" width=\"300\" height=\"225\" srcset=\"https:\/\/chdouelafontaine.fr\/centre-hospitalier\/wp-content\/uploads\/2020\/04\/animation_PDL-300x225.jpg 300w, https:\/\/chdouelafontaine.fr\/centre-hospitalier\/wp-content\/uploads\/2020\/04\/animation_PDL-1024x768.jpg 1024w, https:\/\/chdouelafontaine.fr\/centre-hospitalier\/wp-content\/uploads\/2020\/04\/animation_PDL-768x576.jpg 768w, https:\/\/chdouelafontaine.fr\/centre-hospitalier\/wp-content\/uploads\/2020\/04\/animation_PDL-1536x1152.jpg 1536w, https:\/\/chdouelafontaine.fr\/centre-hospitalier\/wp-content\/uploads\/2020\/04\/animation_PDL-2048x1536.jpg 2048w\" sizes=\"auto, (max-width: 300px) 100vw, 300px\" \/><\/p>\n<p><strong>A l\u2019UPHA\u00a0:<\/strong><\/p>\n<ul>\n<li><strong><u>Lundi 13 Avril<br \/>\n<\/u><\/strong><u>Le matin<\/u> : Lecture du journal (6 personnes)<br \/>\n<u>L\u2019apr\u00e8s-midi<\/u> : Jeux ext\u00e9rieurs (7 personnes)<\/li>\n<li><strong><u>Mardi 14 Avril<br \/>\n<\/u><\/strong><u>Le matin<\/u> : Lecture du journal (7 personnes)<br \/>\n<u>L\u2019apr\u00e8s-midi<\/u> : Bricolage de fleures, Jeux ext\u00e9rieurs ballons (7 personnes)<\/li>\n<li><strong><u>Mercredi 15 Avril<br \/>\n<\/u><\/strong><u>Le matin<\/u> : Lecture du journal (5 personnes)<br \/>\n<u>L\u2019apr\u00e8s-midi<\/u> : Tableau avec photos r\u00e9sident, Jeux ext\u00e9rieurs mollky (7 personnes)<\/li>\n<li><strong><u>Jeudi 16 Avril<br \/>\n<\/u><\/strong><u>Le matin<\/u> : Travaux de d\u00e9coration de boules et \u00e9toiles (4 personnes)<br \/>\n<u>L\u2019apr\u00e8s-midi<\/u> : Bricolage mosa\u00efque (7 personnes)<\/li>\n<li><strong><u>Vendredi 17 Avril<br \/>\n<\/u><\/strong><u>Le matin<\/u> : Lecture du journal (5 personnes)<br \/>\n<u>L\u2019apr\u00e8s-midi<\/u> : Go\u00fbter, anniversaire d\u2019un r\u00e9sident, Jeux ext\u00e9rieurs<\/li>\n<li><span style=\"text-decoration: underline;\"><strong>Samedi 18 Avril<\/strong><\/span><br \/>\n<u>Le matin<\/u> :\u00a0Lecture du journal<br \/>\n<u>L\u2019apr\u00e8s-midi<\/u> :Bricolage (6 personnes)<\/li>\n<li><span style=\"text-decoration: underline;\"><strong>Dimanche 19 Avril<br \/>\n<\/strong><\/span><u>Le matin<\/u> :\u00a0Lecture du journal<br \/>\n<u>L\u2019apr\u00e8s-midi<\/u> : Bricolage et jeux (6 personnes)<\/li>\n<\/ul>\n<p><img loading=\"lazy\" decoding=\"async\" class=\"alignnone size-medium wp-image-2257\" src=\"https:\/\/chdouelafontaine.fr\/centre-hospitalier\/wp-content\/uploads\/2020\/04\/UPHA_24-04-300x225.jpg\" alt=\"\" width=\"300\" height=\"225\" srcset=\"https:\/\/chdouelafontaine.fr\/centre-hospitalier\/wp-content\/uploads\/2020\/04\/UPHA_24-04-300x225.jpg 300w, https:\/\/chdouelafontaine.fr\/centre-hospitalier\/wp-content\/uploads\/2020\/04\/UPHA_24-04-1024x768.jpg 1024w, https:\/\/chdouelafontaine.fr\/centre-hospitalier\/wp-content\/uploads\/2020\/04\/UPHA_24-04-768x576.jpg 768w, https:\/\/chdouelafontaine.fr\/centre-hospitalier\/wp-content\/uploads\/2020\/04\/UPHA_24-04-1536x1152.jpg 1536w, https:\/\/chdouelafontaine.fr\/centre-hospitalier\/wp-content\/uploads\/2020\/04\/UPHA_24-04-2048x1536.jpg 2048w\" sizes=\"auto, (max-width: 300px) 100vw, 300px\" \/><\/p>\n<p><img loading=\"lazy\" decoding=\"async\" class=\"wp-image-2184 size-medium alignleft\" src=\"https:\/\/chdouelafontaine.fr\/centre-hospitalier\/wp-content\/uploads\/2020\/04\/dominos_31-03-300x225.jpg\" alt=\"\" width=\"300\" height=\"225\" srcset=\"https:\/\/chdouelafontaine.fr\/centre-hospitalier\/wp-content\/uploads\/2020\/04\/dominos_31-03-300x225.jpg 300w, https:\/\/chdouelafontaine.fr\/centre-hospitalier\/wp-content\/uploads\/2020\/04\/dominos_31-03-1024x768.jpg 1024w, https:\/\/chdouelafontaine.fr\/centre-hospitalier\/wp-content\/uploads\/2020\/04\/dominos_31-03-768x576.jpg 768w, https:\/\/chdouelafontaine.fr\/centre-hospitalier\/wp-content\/uploads\/2020\/04\/dominos_31-03-1536x1152.jpg 1536w, https:\/\/chdouelafontaine.fr\/centre-hospitalier\/wp-content\/uploads\/2020\/04\/dominos_31-03.jpg 1600w\" sizes=\"auto, (max-width: 300px) 100vw, 300px\" \/>\u00a0<img loading=\"lazy\" decoding=\"async\" class=\"wp-image-2183 size-medium alignleft\" src=\"https:\/\/chdouelafontaine.fr\/centre-hospitalier\/wp-content\/uploads\/2020\/04\/cactus_31-03-300x225.jpg\" alt=\"\" width=\"300\" height=\"225\" srcset=\"https:\/\/chdouelafontaine.fr\/centre-hospitalier\/wp-content\/uploads\/2020\/04\/cactus_31-03-300x225.jpg 300w, https:\/\/chdouelafontaine.fr\/centre-hospitalier\/wp-content\/uploads\/2020\/04\/cactus_31-03-1024x768.jpg 1024w, https:\/\/chdouelafontaine.fr\/centre-hospitalier\/wp-content\/uploads\/2020\/04\/cactus_31-03-768x576.jpg 768w, https:\/\/chdouelafontaine.fr\/centre-hospitalier\/wp-content\/uploads\/2020\/04\/cactus_31-03-1536x1152.jpg 1536w, https:\/\/chdouelafontaine.fr\/centre-hospitalier\/wp-content\/uploads\/2020\/04\/cactus_31-03.jpg 1600w\" sizes=\"auto, (max-width: 300px) 100vw, 300px\" \/><\/p>\n<p><img loading=\"lazy\" decoding=\"async\" class=\"wp-image-2151 size-medium alignleft\" src=\"https:\/\/chdouelafontaine.fr\/centre-hospitalier\/wp-content\/uploads\/2020\/03\/jeux_lynx-300x225.jpg\" alt=\"\" width=\"300\" height=\"225\" srcset=\"https:\/\/chdouelafontaine.fr\/centre-hospitalier\/wp-content\/uploads\/2020\/03\/jeux_lynx-300x225.jpg 300w, https:\/\/chdouelafontaine.fr\/centre-hospitalier\/wp-content\/uploads\/2020\/03\/jeux_lynx-1024x768.jpg 1024w, https:\/\/chdouelafontaine.fr\/centre-hospitalier\/wp-content\/uploads\/2020\/03\/jeux_lynx-768x576.jpg 768w, https:\/\/chdouelafontaine.fr\/centre-hospitalier\/wp-content\/uploads\/2020\/03\/jeux_lynx-1536x1152.jpg 1536w, https:\/\/chdouelafontaine.fr\/centre-hospitalier\/wp-content\/uploads\/2020\/03\/jeux_lynx-2048x1536.jpg 2048w\" sizes=\"auto, (max-width: 300px) 100vw, 300px\" \/><img loading=\"lazy\" decoding=\"async\" class=\"wp-image-2152 size-medium alignleft\" src=\"https:\/\/chdouelafontaine.fr\/centre-hospitalier\/wp-content\/uploads\/2020\/03\/jeu_mandala-300x225.jpg\" alt=\"\" width=\"300\" height=\"225\" srcset=\"https:\/\/chdouelafontaine.fr\/centre-hospitalier\/wp-content\/uploads\/2020\/03\/jeu_mandala-300x225.jpg 300w, https:\/\/chdouelafontaine.fr\/centre-hospitalier\/wp-content\/uploads\/2020\/03\/jeu_mandala-1024x768.jpg 1024w, https:\/\/chdouelafontaine.fr\/centre-hospitalier\/wp-content\/uploads\/2020\/03\/jeu_mandala-768x576.jpg 768w, https:\/\/chdouelafontaine.fr\/centre-hospitalier\/wp-content\/uploads\/2020\/03\/jeu_mandala-1536x1152.jpg 1536w, https:\/\/chdouelafontaine.fr\/centre-hospitalier\/wp-content\/uploads\/2020\/03\/jeu_mandala.jpg 1600w\" sizes=\"auto, (max-width: 300px) 100vw, 300px\" \/><\/p>\n<p>&nbsp;<\/p>\n<p>&nbsp;<\/p>\n<p>&nbsp;<\/p>\n<p>&nbsp;<\/p>\n<p>&nbsp;<\/p>\n<p><img loading=\"lazy\" decoding=\"async\" class=\"wp-image-2158 size-medium alignleft\" src=\"https:\/\/chdouelafontaine.fr\/centre-hospitalier\/wp-content\/uploads\/2020\/03\/repas_oriental-300x225.jpg\" alt=\"\" width=\"300\" height=\"225\" srcset=\"https:\/\/chdouelafontaine.fr\/centre-hospitalier\/wp-content\/uploads\/2020\/03\/repas_oriental-300x225.jpg 300w, https:\/\/chdouelafontaine.fr\/centre-hospitalier\/wp-content\/uploads\/2020\/03\/repas_oriental-1024x768.jpg 1024w, https:\/\/chdouelafontaine.fr\/centre-hospitalier\/wp-content\/uploads\/2020\/03\/repas_oriental-768x576.jpg 768w, https:\/\/chdouelafontaine.fr\/centre-hospitalier\/wp-content\/uploads\/2020\/03\/repas_oriental-1536x1152.jpg 1536w, https:\/\/chdouelafontaine.fr\/centre-hospitalier\/wp-content\/uploads\/2020\/03\/repas_oriental-2048x1536.jpg 2048w\" sizes=\"auto, (max-width: 300px) 100vw, 300px\" \/> <img loading=\"lazy\" decoding=\"async\" class=\"wp-image-2162 size-medium alignleft\" src=\"https:\/\/chdouelafontaine.fr\/centre-hospitalier\/wp-content\/uploads\/2020\/03\/peinture-225x300.jpg\" alt=\"\" width=\"225\" height=\"300\" srcset=\"https:\/\/chdouelafontaine.fr\/centre-hospitalier\/wp-content\/uploads\/2020\/03\/peinture-225x300.jpg 225w, https:\/\/chdouelafontaine.fr\/centre-hospitalier\/wp-content\/uploads\/2020\/03\/peinture-768x1024.jpg 768w, https:\/\/chdouelafontaine.fr\/centre-hospitalier\/wp-content\/uploads\/2020\/03\/peinture-1152x1536.jpg 1152w, https:\/\/chdouelafontaine.fr\/centre-hospitalier\/wp-content\/uploads\/2020\/03\/peinture.jpg 1200w\" sizes=\"auto, (max-width: 225px) 100vw, 225px\" \/><\/p>\n<p>&nbsp;<\/p>\n<p>&nbsp;<\/p>\n<p>&nbsp;<\/p>\n<p>&nbsp;<\/p>\n<p>&nbsp;<\/p>\n<p>&nbsp;<\/p>\n<p>&nbsp;<\/p>\n<p>Nos animatrices incitent les r\u00e9sidents \u00e0 utiliser le solut\u00e9 hydro-alcoolique et les sensibilisent aux gestes barri\u00e8res \u00e0 chaque animation.<\/p>\n","protected":false},"excerpt":{"rendered":"<p>Comment se d\u00e9roule la vie au sein des EHPAD, le mot de nos animatrices (MAJ au 24\/04\/2020) \u00a0Les animatrices au nombre de 4 sont r\u00e9parties comme vous le savez sur nos diff\u00e9rentes unit\u00e9s Une animatrice pour le RDC de la r\u00e9sidence du Petit Bois et le 2\u00e8me \u00e9tage Une animatrice pour le 1er niveau de [&hellip;]<\/p>\n","protected":false},"author":8,"featured_media":0,"parent":2050,"menu_order":6,"comment_status":"closed","ping_status":"closed","template":"","meta":{"footnotes":""},"class_list":["post-2149","page","type-page","status-publish","hentry"],"_links":{"self":[{"href":"https:\/\/chdouelafontaine.fr\/centre-hospitalier\/wp-json\/wp\/v2\/pages\/2149","targetHints":{"allow":["GET"]}}],"collection":[{"href":"https:\/\/chdouelafontaine.fr\/centre-hospitalier\/wp-json\/wp\/v2\/pages"}],"about":[{"href":"https:\/\/chdouelafontaine.fr\/centre-hospitalier\/wp-json\/wp\/v2\/types\/page"}],"author":[{"embeddable":true,"href":"https:\/\/chdouelafontaine.fr\/centre-hospitalier\/wp-json\/wp\/v2\/users\/8"}],"replies":[{"embeddable":true,"href":"https:\/\/chdouelafontaine.fr\/centre-hospitalier\/wp-json\/wp\/v2\/comments?post=2149"}],"version-history":[{"count":14,"href":"https:\/\/chdouelafontaine.fr\/centre-hospitalier\/wp-json\/wp\/v2\/pages\/2149\/revisions"}],"predecessor-version":[{"id":2261,"href":"https:\/\/chdouelafontaine.fr\/centre-hospitalier\/wp-json\/wp\/v2\/pages\/2149\/revisions\/2261"}],"up":[{"embeddable":true,"href":"https:\/\/chdouelafontaine.fr\/centre-hospitalier\/wp-json\/wp\/v2\/pages\/2050"}],"wp:attachment":[{"href":"https:\/\/chdouelafontaine.fr\/centre-hospitalier\/wp-json\/wp\/v2\/media?parent=2149"}],"curies":[{"name":"wp","href":"https:\/\/api.w.org\/{rel}","templated":true}]}}