{"id":2394,"date":"2020-06-29T18:03:34","date_gmt":"2020-06-29T16:03:34","guid":{"rendered":"http:\/\/chdouelafontaine.fr\/centre-hospitalier\/?page_id=2394"},"modified":"2022-04-25T10:57:13","modified_gmt":"2022-04-25T08:57:13","slug":"conditions_visites_libres","status":"publish","type":"page","link":"https:\/\/chdouelafontaine.fr\/centre-hospitalier\/covid-19\/conditions_visites_libres\/","title":{"rendered":"CONDITIONS DES VISITES LIBRES"},"content":{"rendered":"<p><strong><u>CONDITIONS GENERALES DES VISITES ET RENCONTRES <\/u><\/strong><\/p>\n<p><strong><u>DANS L\u2019ETABLISSEMENT (MAJ DU 25\/04\/2022)<\/u><\/strong><\/p>\n<p><strong><span style=\"color: #ffcc00; font-size: 14pt;\">SITUATION DE L\u2019ETABLISSEMENT AU REGARD DU COVID-19<\/span><\/strong><\/p>\n<p><span style=\"font-size: 14pt; color: #ff0000;\">Le service du rez-de-chauss\u00e9e de la R\u00e9sidence Petit Bois est ferm\u00e9 \u00e0 compter du 25\/04\/22 jusqu&rsquo;au 01\/05\/22 pour cause de cluster COVID (r\u00e9vision de la fermeture le 02\/05\/22 au matin).<\/span><\/p>\n<p><span style=\"font-size: 14pt; color: #ff0000;\">L&rsquo;\u00e9tablissement a connu r\u00e9cemment un cluster avec 14 r\u00e9sidents sur le site de Nueil sur Layon.<br \/>\n<\/span><\/p>\n<p><span style=\"color: #ffcc00; font-size: 14pt;\">RELATIONS AVEC VOS PROCHES<em>\u00a0<\/em><em>:<\/em><\/span><\/p>\n<ul>\n<li><strong>t\u00e9l\u00e9phonique\u00a0<\/strong>: soit vous appelez directement votre proche s\u2019il a le t\u00e9l\u00e9phone, soit vous appelez l\u2019\u00e9quipe l\u2019apr\u00e8s midi<\/li>\n<li><strong>visio-conf\u00e9rence\u00a0: <\/strong>maintien de cette possibilit\u00e9<\/li>\n<li><strong>reprise des visites en chambre : voir rubrique COMMENT COMMUNIQUER AVEC SES PROCHES<\/strong><\/li>\n<li><strong>salons famille et espaces prot\u00e9g\u00e9s\u00a0: <\/strong>ferm\u00e9s \u00e0 ce jour<\/li>\n<li><strong>sortie en familles possibles pour tous<\/strong> (voir rubrique comment communiquer avec ses proches)<\/li>\n<\/ul>\n<p><strong>TOUTE DIFFICULTE EST A SIGNALER SUR LA BOITE MAIL<\/strong> :\u00a0<a href=\"mailto:contact@chdouelafontaine.fr\">contact@chdouelafontaine.fr<\/a><\/p>\n","protected":false},"excerpt":{"rendered":"<p>CONDITIONS GENERALES DES VISITES ET RENCONTRES DANS L\u2019ETABLISSEMENT (MAJ DU 25\/04\/2022) SITUATION DE L\u2019ETABLISSEMENT AU REGARD DU COVID-19 Le service du rez-de-chauss\u00e9e de la R\u00e9sidence Petit Bois est ferm\u00e9 \u00e0 compter du 25\/04\/22 jusqu&rsquo;au 01\/05\/22 pour cause de cluster COVID (r\u00e9vision de la fermeture le 02\/05\/22 au matin). L&rsquo;\u00e9tablissement a connu r\u00e9cemment un cluster avec [&hellip;]<\/p>\n","protected":false},"author":14,"featured_media":0,"parent":2050,"menu_order":9,"comment_status":"closed","ping_status":"closed","template":"","meta":{"footnotes":""},"class_list":["post-2394","page","type-page","status-publish","hentry"],"_links":{"self":[{"href":"https:\/\/chdouelafontaine.fr\/centre-hospitalier\/wp-json\/wp\/v2\/pages\/2394","targetHints":{"allow":["GET"]}}],"collection":[{"href":"https:\/\/chdouelafontaine.fr\/centre-hospitalier\/wp-json\/wp\/v2\/pages"}],"about":[{"href":"https:\/\/chdouelafontaine.fr\/centre-hospitalier\/wp-json\/wp\/v2\/types\/page"}],"author":[{"embeddable":true,"href":"https:\/\/chdouelafontaine.fr\/centre-hospitalier\/wp-json\/wp\/v2\/users\/14"}],"replies":[{"embeddable":true,"href":"https:\/\/chdouelafontaine.fr\/centre-hospitalier\/wp-json\/wp\/v2\/comments?post=2394"}],"version-history":[{"count":47,"href":"https:\/\/chdouelafontaine.fr\/centre-hospitalier\/wp-json\/wp\/v2\/pages\/2394\/revisions"}],"predecessor-version":[{"id":2756,"href":"https:\/\/chdouelafontaine.fr\/centre-hospitalier\/wp-json\/wp\/v2\/pages\/2394\/revisions\/2756"}],"up":[{"embeddable":true,"href":"https:\/\/chdouelafontaine.fr\/centre-hospitalier\/wp-json\/wp\/v2\/pages\/2050"}],"wp:attachment":[{"href":"https:\/\/chdouelafontaine.fr\/centre-hospitalier\/wp-json\/wp\/v2\/media?parent=2394"}],"curies":[{"name":"wp","href":"https:\/\/api.w.org\/{rel}","templated":true}]}}