{"id":3135,"date":"2025-04-23T12:26:04","date_gmt":"2025-04-23T10:26:04","guid":{"rendered":"http:\/\/chdouelafontaine.fr\/centre-hospitalier\/?page_id=3135"},"modified":"2026-04-01T12:39:32","modified_gmt":"2026-04-01T10:39:32","slug":"accueil-2","status":"publish","type":"page","link":"https:\/\/chdouelafontaine.fr\/centre-hospitalier\/","title":{"rendered":"Accueil"},"content":{"rendered":"\n<div class=\"wp-block-columns container is-layout-flex wp-container-core-columns-is-layout-9d6595d7 wp-block-columns-is-layout-flex\">\n<div class=\"wp-block-column is-layout-flow wp-block-column-is-layout-flow\">\n<p>&nbsp;<\/p>\n<div>\n<div><div id=\"metaslider-id-984\" style=\"width: 100%; margin: 0 auto;\" class=\"ml-slider-3-105-0 metaslider metaslider-flex metaslider-984 ml-slider ms-theme-default nav-hidden\" role=\"region\" aria-label=\"Accueil\" data-height=\"650\" data-width=\"1400\">\n    <div id=\"metaslider_container_984\">\n        <div id=\"metaslider_984\">\n            <ul class='slides'>\n                <li style=\"display: block; width: 100%;\" class=\"slide-1020 ms-image \" aria-roledescription=\"slide\" data-date=\"2018-02-01 09:23:22\" data-filename=\"CIHD-2-1400x650.jpg\" data-slide-type=\"image\"><img loading=\"lazy\" decoding=\"async\" src=\"https:\/\/chdouelafontaine.fr\/centre-hospitalier\/wp-content\/uploads\/2018\/02\/CIHD-2-1400x650.jpg\" height=\"650\" width=\"1400\" alt=\"\" class=\"slider-984 slide-1020 msDefaultImage\" \/><\/li>\n                <li style=\"display: none; width: 100%;\" class=\"slide-1024 ms-image \" aria-roledescription=\"slide\" data-date=\"2018-02-01 09:24:04\" data-filename=\"Photo-UPHA-5-2-scaled-1400x650.jpg\" data-slide-type=\"image\"><img loading=\"lazy\" decoding=\"async\" src=\"https:\/\/chdouelafontaine.fr\/centre-hospitalier\/wp-content\/uploads\/2025\/07\/Photo-UPHA-5-2-scaled-1400x650.jpg\" height=\"650\" width=\"1400\" alt=\"\" class=\"slider-984 slide-1024 msDefaultImage\" \/><\/li>\n                <li style=\"display: none; width: 100%;\" class=\"slide-1027 ms-image \" aria-roledescription=\"slide\" data-date=\"2018-02-01 09:25:52\" data-filename=\"ERGO-et-EHPAD-22-scaled-1400x650.jpg\" data-slide-type=\"image\"><img loading=\"lazy\" decoding=\"async\" src=\"https:\/\/chdouelafontaine.fr\/centre-hospitalier\/wp-content\/uploads\/2025\/07\/ERGO-et-EHPAD-22-scaled-1400x650.jpg\" height=\"650\" width=\"1400\" alt=\"\" class=\"slider-984 slide-1027 msDefaultImage\" \/><\/li>\n            <\/ul>\n        <\/div>\n        \n    <\/div>\n<\/div><\/div>\n<\/div>\n<\/div>\n<\/div>\n\n\n\n<div class=\"wp-block-columns container is-layout-flex wp-container-core-columns-is-layout-9d6595d7 wp-block-columns-is-layout-flex\">\n<div class=\"wp-block-column is-layout-flow wp-block-column-is-layout-flow\">\n<div id=\"accueil-directeur\" style=\"padding-top: 10px;\">\n<h2>LE MOT DU DIRECTEUR<\/h2>\n<p>Madame, Monsieur, Bonjour<\/p>\n<p>Vous recherchez une structure d\u2019accueil pour vous-m\u00eame ou votre proche dans la r\u00e9gion de Dou\u00e9-En-Anjou. Notre \u00e9tablissement, \u00e9tablissement public de proximit\u00e9, vous propose une palette diversifi\u00e9e \u00e0 travers l\u2019ensemble de ses services allant du secteur sanitaire au secteur m\u00e9dico-social, le tout sur deux sites neufs ou r\u00e9cents, celui de Dou\u00e9-La-Fontaine et celui de Nueil-Sur-Layon.<\/p>\n<p>L\u2019\u00e9quipe s\u2019associe \u00e0 moi pour vous souhaiter bonne lecture et se tient \u00e0 votre disposition pour toute demande de pr\u00e9cisions.<\/p>\n<p>La Directrice, Sophie GUINOISEAU<\/p>\n<p>\u00a0<\/p>\n<\/div>\n\n\n\n<div class=\"wp-block-columns is-layout-flex wp-container-core-columns-is-layout-9d6595d7 wp-block-columns-is-layout-flex\">\n<div class=\"wp-block-column is-layout-flow wp-block-column-is-layout-flow\" style=\"flex-basis:66.66%\">\n<div class=\"wp-block-columns is-layout-flex wp-container-core-columns-is-layout-9d6595d7 wp-block-columns-is-layout-flex\">\n<div class=\"wp-block-column is-layout-flow wp-block-column-is-layout-flow\">\n<div class=\"th-sectionhead th-alignleft th-nopattren\">\n<div class=\"th-sectiontitle\">\n<h2>NOS <span style=\"color: #d3482f;\">SERVICES<\/span><\/h2>\n<\/div>\n<div class=\"th-description\">\n<p>Le Centre Hospitalier de Dou\u00e9-la-Fontaine vous propose une palette de services diversifi\u00e9s et sp\u00e9cifiques sur le territoire Douessin.<\/p>\n<p style=\"text-align: left;\"><strong>Pour tout renseignement vous pouvez joindre l&rsquo;\u00e9tablissement du lundi au vendredi de 9h \u00e0 16h30 au : 02.41.83.46.10<\/strong><\/p>\n<\/div>\n<\/div>\n<\/div>\n<\/div>\n\n\n\n<div class=\"wp-block-columns is-layout-flex wp-container-core-columns-is-layout-9d6595d7 wp-block-columns-is-layout-flex\">\n<div class=\"wp-block-column is-layout-flow wp-block-column-is-layout-flow\">\n<div class=\"th-feature\">\n<div class=\"th-featurehead\"><i class=\"fa fa-blind\"><\/i>\n<div class=\"th-featuretitle\">\n<h3><a>EHPAD<\/a><\/h3>\n<\/div>\n<\/div>\n<div class=\"th-description\">\n<p>Les r\u00e9sidences m\u00e9dicalis\u00e9es du \u00ab\u00a0Petit Bois\u00a0\u00bb \u00e0 Dou\u00e9-la-Fontaine et \u00ab\u00a0la Pens\u00e9e du Layon\u00a0\u00bb \u00e0 Nueil-sur-Layon accueillent les personnes \u00e2g\u00e9es d\u00e9pendantes sur leurs sites enti\u00e8rement neufs.<\/p>\n<br \/><a href=\"https:\/\/chdouelafontaine.fr\/centre-hospitalier\/ehpad\/presentation-de-lehpad\/\">En savoir plus<\/a>\n<p>\u00a0<\/p>\n<\/div>\n<\/div>\n<\/div>\n\n\n\n<div class=\"wp-block-column is-layout-flow wp-block-column-is-layout-flow\">\n<div class=\"th-feature\">\n<div class=\"th-featurehead\"><i class=\"fa fa-heartbeat\"><\/i>\n<div class=\"th-featuretitle\">\n<h3><a>M\u00e9decine &#8211; SMR<\/a><\/h3>\n<\/div>\n<\/div>\n<div class=\"th-description\">\n<p>Le secteur Sanitaire vous accueille dans ses services de M\u00e9decine et de Soins M\u00e9dicaux et de R\u00e9adaptation. Il dispose \u00e9galement de lits identifi\u00e9s en Soins Palliatifs.<\/p>\n<br><a href=\"https:\/\/chdouelafontaine.fr\/centre-hospitalier\/presentation-du-service-de-soins-medicaux-et-de-readaptation\/\">En savoir plus<\/a>\n<p>&nbsp;<\/p>\n<\/div>\n<\/div>\n<\/div>\n<\/div>\n\n\n\n<div class=\"wp-block-columns is-layout-flex wp-container-core-columns-is-layout-9d6595d7 wp-block-columns-is-layout-flex\">\n<div class=\"wp-block-column is-layout-flow wp-block-column-is-layout-flow\">\n<div class=\"th-feature\">\n<div class=\"th-featurehead\"><i class=\"fa fa-home\"><\/i>\n<div class=\"th-featuretitle\">\n<h3><a>SSIAD<\/a><\/h3>\n<\/div>\n<\/div>\n<div class=\"th-description\">\n<p>Les professionnels du Service de Soins Infirmiers \u00e0 Domicile se d\u00e9placent chez vous, sur prescription m\u00e9dicale, pour r\u00e9aliser des soins param\u00e9dicaux.<\/p>\n<br><a href=\"https:\/\/chdouelafontaine.fr\/centre-hospitalier\/ssiad\/presentation-du-ssiad\/\">En savoir plus<\/a>\n<p>&nbsp;<\/p>\n<\/div>\n<div>&nbsp;<\/div>\n<\/div>\n<\/div>\n\n\n\n<div class=\"wp-block-column is-layout-flow wp-block-column-is-layout-flow\">\n<div class=\"th-feature\">\n<div class=\"th-featurehead\"><i class=\"fa fa-cubes\"><\/i>\n<div class=\"th-featuretitle\">\n<h3><a>Accueil de jour<\/a><\/h3>\n<\/div>\n<\/div>\n<div class=\"th-description\">\n<p>La \u00ab&nbsp;Halte des Saisons&nbsp;\u00bb accueille \u00e0 la journ\u00e9e les personnes \u00e2g\u00e9es r\u00e9sidant \u00e0 leur domicile et pr\u00e9sentant des troubles l\u00e9gers du comportement. Il s\u2019agit notamment d\u2019apporter un soutien aux aidants.<\/p>\n<br><a href=\"https:\/\/chdouelafontaine.fr\/centre-hospitalier\/accueil-de-jour\/presentation-de-laccueil-de-jour\/\">En savoir plus<\/a>\n<p>&nbsp;<\/p>\n<\/div>\n<\/div>\n<\/div>\n<\/div>\n\n\n\n<div class=\"wp-block-columns is-layout-flex wp-container-core-columns-is-layout-9d6595d7 wp-block-columns-is-layout-flex\">\n<div class=\"wp-block-column is-layout-flow wp-block-column-is-layout-flow\">\n<div class=\"th-feature\">\n<div class=\"th-featurehead\"><i class=\"fa fa-cutlery\"><\/i>\n<div class=\"th-featuretitle\">\n<h3><a>Repas \u00e0 domicile<\/a><\/h3>\n<\/div>\n<\/div>\n<div class=\"th-description\">\n<p>Le Centre Hospitalier propose aux habitants de la r\u00e9gion de Dou\u00e9-en-Anjou des repas complets r\u00e9alis\u00e9s par nos cuisiniers, valid\u00e9s par une di\u00e9t\u00e9ticienne et livr\u00e9s \u00e0 votre domicile.<\/p>\n<br><a href=\"https:\/\/chdouelafontaine.fr\/centre-hospitalier\/prestations-externes\/repas-a-domicile\/\">En savoir plus<\/a>\n<p>&nbsp;<\/p>\n<\/div>\n<\/div>\n<\/div>\n\n\n\n<div class=\"wp-block-column is-layout-flow wp-block-column-is-layout-flow\">\n<div class=\"th-feature\">\n<div class=\"th-featurehead\"><i class=\"fa fa-stethoscope\"><\/i>\n<div class=\"th-featuretitle\">\n<h3><a>Consultations externes<\/a><\/h3>\n<\/div>\n<\/div>\n<div class=\"th-description\">\n<p><strong>Le Centre Hospitalier de Dou\u00e9-en-Anjou dispose d&rsquo;un p\u00f4le de consultations externe<\/strong>s <strong>offrant un acc\u00e8s \u00e0 diverses sp\u00e9cialit\u00e9s m\u00e9dicales.&nbsp;<\/strong><\/p>\n<p>Un service ouvert \u00e0 tous, sur rendez-vous.<\/p>\n<br><a href=\"https:\/\/chdouelafontaine.fr\/centre-hospitalier\/prestations-externes\/consultations-externes\/\">En savoir plus<\/a>\n<p>&nbsp;<\/p>\n<\/div>\n<\/div>\n<\/div>\n<\/div>\n<\/div>\n\n\n\n<div class=\"wp-block-column is-layout-flow wp-block-column-is-layout-flow\" style=\"flex-basis:33.33%\">\n<div class=\"col-xs-12 builder-column \">\n<div class=\"th-openingtime\" style=\"background: #2d3e50;\">\n<h3><i class=\"fa fa-home\"><\/i> NOS \u00c9TABLISSEMENTS<\/h3>\n<h4>CENTRE HOSPITALIER \u2013 SERVICE MEDECINE \/<br \/>SOINS DE SUITE ET DE READAPTATION<\/h4>\n<ul class=\"th-workingtime\">\n<li>3 rue du Petit Bois<br \/>Dou\u00e9-la-Fontaine<br \/>49700 Dou\u00e9-En-Anjou<\/li>\n<\/ul>\n<h4>EHPAD \u00ab\u00a0R\u00e9sidence du Petit Bois\u00a0\u00bb<\/h4>\n<ul class=\"th-workingtime\">\n<li>30ter rue Saint-Fran\u00e7ois<br \/>Dou\u00e9-la-Fontaine<br \/>49700 Dou\u00e9-En-Anjou<\/li>\n<\/ul>\n<h4>EHPAD \u00ab\u00a0La Pens\u00e9e du Layon\u00a0\u00bb<\/h4>\n<ul class=\"th-workingtime\">\n<li>Rue du Chatelier<br \/>Nueil-sur-Layon<br \/>49560 Lys-Haut-Layon<\/li>\n<\/ul>\n<\/div>\n<\/div>\n<\/div>\n<\/div>\n<\/div>\n<\/div>\n\n\n\n<div class=\"wp-block-columns derniere-actualite is-layout-flex wp-container-core-columns-is-layout-9d6595d7 wp-block-columns-is-layout-flex\">\n<div class=\"wp-block-column container is-layout-flow wp-block-column-is-layout-flow\">\n<div class=\"th-sectionhead th-aligncenter\">\n\n                                    <div class=\"th-sectiontitle\">\n                                        <h2>\n                                            Derni\u00e8re <span>actualit\u00e9<\/span>\n                                        <\/h2>\n                                    <\/div>\n                                <\/div>\n\n\n<article class=\"th-post\"><div class=\"col-md-4 col-xs-12\"><figure class=\"th-postimg\"><figcaption><ul class=\"th-postmate\"><li><a href=\"https:\/\/chdouelafontaine.fr\/centre-hospitalier\/2972-2\/\"><i class=\"fa fa-calendar\"><\/i><span>21 avril 2026<\/span> <\/a><li> <\/ul><\/figcaption><\/figure> <div style=\"float: left; margin-top: 20px; margin-bottom: 20px;\"><a href=\"\" target=\"_blank\"><img decoding=\"async\" src=\"\/centre-hospitalier\/wp-content\/uploads\/2018\/02\/animation_pdf.jpg\"><\/a> <\/div><\/div><div class=\"col-md-8 col-xs-12\"><div class=\"th-postcontent\"><div class=\"th-posttitel\" id=\"postit\"><\/div><div class=\"th-description\" style=\"margin-bottom: 20px;\"><p><b>Depuis le 9 octobre 2025, le Centre Hospitalier de Dou\u00e9-en-Anjou vous propose des consultations pour la prise en charge du syndrome de fatigue chronique et Covid long sur le p\u00f4le de consultation avec le Dr GHALI Alaa.<\/b><\/p>\n<p>Plus d'informations dans la rubrique \"Autres prestations\" - \"Consultations Externes\"<\/p>\n<h1><img loading=\"lazy\" decoding=\"async\" class=\" wp-image-4133 aligncenter\" src=\"https:\/\/chdouelafontaine.fr\/centre-hospitalier\/wp-content\/uploads\/2024\/07\/Photo-Dr-GALHI-1-300x225.jpg\" alt=\"\" width=\"452\" height=\"339\" srcset=\"https:\/\/chdouelafontaine.fr\/centre-hospitalier\/wp-content\/uploads\/2024\/07\/Photo-Dr-GALHI-1-300x225.jpg 300w, https:\/\/chdouelafontaine.fr\/centre-hospitalier\/wp-content\/uploads\/2024\/07\/Photo-Dr-GALHI-1-1024x768.jpg 1024w, https:\/\/chdouelafontaine.fr\/centre-hospitalier\/wp-content\/uploads\/2024\/07\/Photo-Dr-GALHI-1-768x576.jpg 768w, https:\/\/chdouelafontaine.fr\/centre-hospitalier\/wp-content\/uploads\/2024\/07\/Photo-Dr-GALHI-1-1536x1152.jpg 1536w, https:\/\/chdouelafontaine.fr\/centre-hospitalier\/wp-content\/uploads\/2024\/07\/Photo-Dr-GALHI-1-2048x1536.jpg 2048w\" sizes=\"auto, (max-width: 452px) 100vw, 452px\" \/><\/h1>\n\n<!-- wp:tadv\/classic-paragraph \/--><\/div><\/div><\/div><\/article>\n<\/div>\n<\/div>\n","protected":false},"excerpt":{"rendered":"<p>&nbsp; LE MOT DU DIRECTEUR Madame, Monsieur, Bonjour Vous recherchez une structure d\u2019accueil pour vous-m\u00eame ou votre proche dans la r\u00e9gion de Dou\u00e9-En-Anjou. Notre \u00e9tablissement, \u00e9tablissement public de proximit\u00e9, vous propose une palette diversifi\u00e9e \u00e0 travers l\u2019ensemble de ses services allant du secteur sanitaire au secteur m\u00e9dico-social, le tout sur deux sites neufs ou r\u00e9cents, [&hellip;]<\/p>\n","protected":false},"author":1,"featured_media":0,"parent":0,"menu_order":15,"comment_status":"closed","ping_status":"closed","template":"custom_accueil.php","meta":{"footnotes":""},"class_list":["post-3135","page","type-page","status-publish","hentry"],"_links":{"self":[{"href":"https:\/\/chdouelafontaine.fr\/centre-hospitalier\/wp-json\/wp\/v2\/pages\/3135","targetHints":{"allow":["GET"]}}],"collection":[{"href":"https:\/\/chdouelafontaine.fr\/centre-hospitalier\/wp-json\/wp\/v2\/pages"}],"about":[{"href":"https:\/\/chdouelafontaine.fr\/centre-hospitalier\/wp-json\/wp\/v2\/types\/page"}],"author":[{"embeddable":true,"href":"https:\/\/chdouelafontaine.fr\/centre-hospitalier\/wp-json\/wp\/v2\/users\/1"}],"replies":[{"embeddable":true,"href":"https:\/\/chdouelafontaine.fr\/centre-hospitalier\/wp-json\/wp\/v2\/comments?post=3135"}],"version-history":[{"count":41,"href":"https:\/\/chdouelafontaine.fr\/centre-hospitalier\/wp-json\/wp\/v2\/pages\/3135\/revisions"}],"predecessor-version":[{"id":4195,"href":"https:\/\/chdouelafontaine.fr\/centre-hospitalier\/wp-json\/wp\/v2\/pages\/3135\/revisions\/4195"}],"wp:attachment":[{"href":"https:\/\/chdouelafontaine.fr\/centre-hospitalier\/wp-json\/wp\/v2\/media?parent=3135"}],"curies":[{"name":"wp","href":"https:\/\/api.w.org\/{rel}","templated":true}]}}