{"id":3374,"date":"2025-07-21T14:00:26","date_gmt":"2025-07-21T12:00:26","guid":{"rendered":"https:\/\/chdouelafontaine.fr\/centre-hospitalier\/?page_id=3374"},"modified":"2026-03-23T18:27:23","modified_gmt":"2026-03-23T17:27:23","slug":"presentation-du-service-de-soins-medicaux-et-de-readaptation","status":"publish","type":"page","link":"https:\/\/chdouelafontaine.fr\/centre-hospitalier\/presentation-du-service-de-soins-medicaux-et-de-readaptation\/","title":{"rendered":"Pr\u00e9sentation du service de Soins M\u00e9dicaux et de R\u00e9adaptation"},"content":{"rendered":"\n<h2 class=\"wp-block-heading\">SERVICE DE SOINS MEDICAUX ET DE READAPTATION (SMR)          &#8211; 30 LITS<\/h2>\n\n\n\n<p><\/p>\n\n\n\n<h2 class=\"wp-block-heading has-text-align-center has-text-color has-link-color has-large-font-size wp-elements-e0227847d751cb7df15673be9f3f66aa\" style=\"color:#68ae40\">BIENVENUE AU SMR<\/h2>\n\n\n\n<div class=\"wp-block-cover has-custom-content-position is-position-top-center has-small-font-size\"><img loading=\"lazy\" decoding=\"async\" width=\"1024\" height=\"768\" class=\"wp-block-cover__image-background wp-image-3378 size-large\" alt=\"\" src=\"https:\/\/chdouelafontaine.fr\/centre-hospitalier\/wp-content\/uploads\/2025\/07\/Photo-SMR-22-1024x768.jpeg\" style=\"object-position:45% 57%\" data-object-fit=\"cover\" data-object-position=\"45% 57%\" srcset=\"https:\/\/chdouelafontaine.fr\/centre-hospitalier\/wp-content\/uploads\/2025\/07\/Photo-SMR-22-1024x768.jpeg 1024w, https:\/\/chdouelafontaine.fr\/centre-hospitalier\/wp-content\/uploads\/2025\/07\/Photo-SMR-22-300x225.jpeg 300w, https:\/\/chdouelafontaine.fr\/centre-hospitalier\/wp-content\/uploads\/2025\/07\/Photo-SMR-22-768x576.jpeg 768w, https:\/\/chdouelafontaine.fr\/centre-hospitalier\/wp-content\/uploads\/2025\/07\/Photo-SMR-22-1536x1152.jpeg 1536w, https:\/\/chdouelafontaine.fr\/centre-hospitalier\/wp-content\/uploads\/2025\/07\/Photo-SMR-22-2048x1536.jpeg 2048w\" sizes=\"auto, (max-width: 1024px) 100vw, 1024px\" \/><span aria-hidden=\"true\" class=\"wp-block-cover__background has-background-dim-0 has-background-dim\" style=\"background-color:#7e746c\"><\/span><div class=\"wp-block-cover__inner-container is-layout-constrained wp-block-cover-is-layout-constrained\">\n<p class=\"has-text-align-center has-large-font-size\"><\/p>\n<\/div><\/div>\n\n\n\n<p><\/p>\n\n\n\n<p class=\"has-background\" style=\"background-color:#68ae40;font-size:20px\"><strong>Le service de soins de suite et de r\u00e9adaptation situ\u00e9 3, Rue du Petit Bois au 1er \u00e9tage \u00e0 Dou\u00e9 la fontaine (commune de Dou\u00e9-en-Anjou)<\/strong>, a pour objectif de pr\u00e9venir ou r\u00e9duire les cons\u00e9quence fonctionnelles, physiques, cognitives, psychologiques ou sociales des d\u00e9ficiences et des limitations de capacit\u00e9 des patients et de promouvoir leur r\u00e9adaptation et leur r\u00e9insertion. <\/p>\n\n\n\n<p class=\"has-text-align-center has-black-color has-text-color has-link-color wp-elements-99b24fe807125b9db9205e7dd6793267\" style=\"font-size:20px\"><strong>Ce service vous offre des prestations de soins adapt\u00e9es \u00e0 vos besoins dans un cadre d&rsquo;h\u00e9bergement moderne et confortable. <\/strong><\/p>\n\n\n\n<div class=\"wp-block-columns is-layout-flex wp-container-core-columns-is-layout-9d6595d7 wp-block-columns-is-layout-flex\">\n<div class=\"wp-block-column is-layout-flow wp-block-column-is-layout-flow\" style=\"flex-basis:33.6%\">\n<figure class=\"wp-block-gallery has-nested-images columns-default is-cropped wp-block-gallery-1 is-layout-flex wp-block-gallery-is-layout-flex\">\n<figure class=\"wp-block-image size-full is-style-default\"><img loading=\"lazy\" decoding=\"async\" width=\"1937\" height=\"2560\" data-id=\"3394\" src=\"https:\/\/chdouelafontaine.fr\/centre-hospitalier\/wp-content\/uploads\/2025\/07\/alexis-scaled.jpg\" alt=\"\" class=\"wp-image-3394\" srcset=\"https:\/\/chdouelafontaine.fr\/centre-hospitalier\/wp-content\/uploads\/2025\/07\/alexis-scaled.jpg 1937w, https:\/\/chdouelafontaine.fr\/centre-hospitalier\/wp-content\/uploads\/2025\/07\/alexis-227x300.jpg 227w, https:\/\/chdouelafontaine.fr\/centre-hospitalier\/wp-content\/uploads\/2025\/07\/alexis-775x1024.jpg 775w, https:\/\/chdouelafontaine.fr\/centre-hospitalier\/wp-content\/uploads\/2025\/07\/alexis-768x1015.jpg 768w, https:\/\/chdouelafontaine.fr\/centre-hospitalier\/wp-content\/uploads\/2025\/07\/alexis-1162x1536.jpg 1162w, https:\/\/chdouelafontaine.fr\/centre-hospitalier\/wp-content\/uploads\/2025\/07\/alexis-1550x2048.jpg 1550w\" sizes=\"auto, (max-width: 1937px) 100vw, 1937px\" \/><\/figure>\n<\/figure>\n<\/div>\n\n\n\n<div class=\"wp-block-column is-layout-flow wp-block-column-is-layout-flow\" style=\"flex-basis:33.34%\">\n<figure class=\"wp-block-gallery has-nested-images columns-default is-cropped wp-block-gallery-2 is-layout-flex wp-block-gallery-is-layout-flex\">\n<figure class=\"wp-block-image size-full\"><img loading=\"lazy\" decoding=\"async\" width=\"1920\" height=\"2560\" data-id=\"3408\" src=\"https:\/\/chdouelafontaine.fr\/centre-hospitalier\/wp-content\/uploads\/2025\/07\/elisa-2-1-scaled.jpg\" alt=\"\" class=\"wp-image-3408\" srcset=\"https:\/\/chdouelafontaine.fr\/centre-hospitalier\/wp-content\/uploads\/2025\/07\/elisa-2-1-scaled.jpg 1920w, https:\/\/chdouelafontaine.fr\/centre-hospitalier\/wp-content\/uploads\/2025\/07\/elisa-2-1-225x300.jpg 225w, https:\/\/chdouelafontaine.fr\/centre-hospitalier\/wp-content\/uploads\/2025\/07\/elisa-2-1-768x1024.jpg 768w, https:\/\/chdouelafontaine.fr\/centre-hospitalier\/wp-content\/uploads\/2025\/07\/elisa-2-1-1152x1536.jpg 1152w, https:\/\/chdouelafontaine.fr\/centre-hospitalier\/wp-content\/uploads\/2025\/07\/elisa-2-1-1536x2048.jpg 1536w\" sizes=\"auto, (max-width: 1920px) 100vw, 1920px\" \/><\/figure>\n<\/figure>\n<\/div>\n\n\n\n<div class=\"wp-block-column is-layout-flow wp-block-column-is-layout-flow\" style=\"flex-basis:33.33%\">\n<figure class=\"wp-block-gallery has-nested-images columns-default is-cropped wp-block-gallery-3 is-layout-flex wp-block-gallery-is-layout-flex\">\n<figure class=\"wp-block-image size-large\"><img loading=\"lazy\" decoding=\"async\" width=\"768\" height=\"1024\" data-id=\"3395\" src=\"https:\/\/chdouelafontaine.fr\/centre-hospitalier\/wp-content\/uploads\/2025\/07\/Photo-SMR-21-768x1024.jpeg\" alt=\"\" class=\"wp-image-3395\" srcset=\"https:\/\/chdouelafontaine.fr\/centre-hospitalier\/wp-content\/uploads\/2025\/07\/Photo-SMR-21-768x1024.jpeg 768w, https:\/\/chdouelafontaine.fr\/centre-hospitalier\/wp-content\/uploads\/2025\/07\/Photo-SMR-21-225x300.jpeg 225w, https:\/\/chdouelafontaine.fr\/centre-hospitalier\/wp-content\/uploads\/2025\/07\/Photo-SMR-21-1152x1536.jpeg 1152w, https:\/\/chdouelafontaine.fr\/centre-hospitalier\/wp-content\/uploads\/2025\/07\/Photo-SMR-21-1536x2048.jpeg 1536w, https:\/\/chdouelafontaine.fr\/centre-hospitalier\/wp-content\/uploads\/2025\/07\/Photo-SMR-21-scaled.jpeg 1920w\" sizes=\"auto, (max-width: 768px) 100vw, 768px\" \/><\/figure>\n<\/figure>\n<\/div>\n<\/div>\n\n\n\n<p class=\"has-background\" style=\"background-color:#68ae40;font-size:20px\">Le service fonctionne<strong> 24 heures \/ 24 <\/strong>; l&rsquo;admission se fait sur prescription m\u00e9dicale. Un \u00e9quipe pluridisciplinaire m\u00e9dicale, param\u00e9dicale et de psychor\u00e9\u00e9ducateurs assure le suivi de votre projet th\u00e9rapeutique personnalis\u00e9 construit en fonction de votre \u00e9tat de sant\u00e9.<\/p>\n\n\n\n<p style=\"font-size:20px\">Notre \u00e9quipe est tout particuli\u00e8rement vigilante \u00e0 : <\/p>\n\n\n\n<ul class=\"wp-block-list\">\n<li style=\"font-size:20px\">La r\u00e9\u00e9ducation et la r\u00e9adaptation (dans la salle enti\u00e8rement \u00e9quip\u00e9e ou en chambre)<\/li>\n\n\n\n<li style=\"font-size:20px\">La qualit\u00e9 et la s\u00e9curit\u00e9 des soins dans le respect de la personne <\/li>\n\n\n\n<li style=\"font-size:20px\">La lutte contre la douleur <\/li>\n\n\n\n<li style=\"font-size:20px\">La lutte contres les infections associ\u00e9es aux soins <\/li>\n\n\n\n<li style=\"font-size:20px\">L&rsquo;identito-vigilance <\/li>\n<\/ul>\n\n\n\n<figure class=\"wp-block-image size-large\"><img loading=\"lazy\" decoding=\"async\" width=\"1024\" height=\"724\" src=\"https:\/\/chdouelafontaine.fr\/centre-hospitalier\/wp-content\/uploads\/2026\/03\/Modifications-sur-le-site-internet-1-1024x724.png\" alt=\"\" class=\"wp-image-4190\" srcset=\"https:\/\/chdouelafontaine.fr\/centre-hospitalier\/wp-content\/uploads\/2026\/03\/Modifications-sur-le-site-internet-1-1024x724.png 1024w, https:\/\/chdouelafontaine.fr\/centre-hospitalier\/wp-content\/uploads\/2026\/03\/Modifications-sur-le-site-internet-1-300x212.png 300w, https:\/\/chdouelafontaine.fr\/centre-hospitalier\/wp-content\/uploads\/2026\/03\/Modifications-sur-le-site-internet-1-768x543.png 768w, https:\/\/chdouelafontaine.fr\/centre-hospitalier\/wp-content\/uploads\/2026\/03\/Modifications-sur-le-site-internet-1-1536x1086.png 1536w, https:\/\/chdouelafontaine.fr\/centre-hospitalier\/wp-content\/uploads\/2026\/03\/Modifications-sur-le-site-internet-1.png 2000w\" sizes=\"auto, (max-width: 1024px) 100vw, 1024px\" \/><\/figure>\n\n\n\n<p><\/p>\n\n\n\n<div class=\"wp-block-buttons is-content-justification-center is-layout-flex wp-container-core-buttons-is-layout-16018d1d wp-block-buttons-is-layout-flex\">\n<div class=\"wp-block-button\"><a class=\"wp-block-button__link has-black-color has-text-color has-background has-link-color has-custom-font-size wp-element-button\" href=\"https:\/\/chdouelafontaine.fr\/centre-hospitalier\/wp-content\/uploads\/2025\/07\/TARIFS-SMR-MEDECINE-2.pdf\" style=\"background-color:#68ae40;font-size:16px\">Tarifs M\u00e9decine<\/a><\/div>\n\n\n\n<div class=\"wp-block-button\"><a class=\"wp-block-button__link has-black-color has-text-color has-background has-link-color has-custom-font-size wp-element-button\" href=\"https:\/\/chdouelafontaine.fr\/centre-hospitalier\/wp-content\/uploads\/2025\/07\/TARIFS-SMR-MEDECINE-1.pdf\" style=\"background-color:#68ae40;font-size:16px\">Tarifs des prestations du service M\u00e9decine \/ SMR<\/a><\/div>\n\n\n\n<div class=\"wp-block-button\"><a class=\"wp-block-button__link has-black-color has-text-color has-background has-link-color has-custom-font-size wp-element-button\" style=\"background-color:#68ae40;font-size:16px\">Livret d&rsquo;accueil M\u00e9decine \/ SMR<\/a><\/div>\n<\/div>\n\n\n\n<p><\/p>\n","protected":false},"excerpt":{"rendered":"<p>SERVICE DE SOINS MEDICAUX ET DE READAPTATION (SMR) &#8211; 30 LITS BIENVENUE AU SMR Le service de soins de suite et de r\u00e9adaptation situ\u00e9 3, Rue du Petit Bois au 1er \u00e9tage \u00e0 Dou\u00e9 la fontaine (commune de Dou\u00e9-en-Anjou), a pour objectif de pr\u00e9venir ou r\u00e9duire les cons\u00e9quence fonctionnelles, physiques, cognitives, psychologiques ou sociales des [&hellip;]<\/p>\n","protected":false},"author":6,"featured_media":0,"parent":0,"menu_order":0,"comment_status":"closed","ping_status":"closed","template":"","meta":{"footnotes":""},"class_list":["post-3374","page","type-page","status-publish","hentry"],"_links":{"self":[{"href":"https:\/\/chdouelafontaine.fr\/centre-hospitalier\/wp-json\/wp\/v2\/pages\/3374","targetHints":{"allow":["GET"]}}],"collection":[{"href":"https:\/\/chdouelafontaine.fr\/centre-hospitalier\/wp-json\/wp\/v2\/pages"}],"about":[{"href":"https:\/\/chdouelafontaine.fr\/centre-hospitalier\/wp-json\/wp\/v2\/types\/page"}],"author":[{"embeddable":true,"href":"https:\/\/chdouelafontaine.fr\/centre-hospitalier\/wp-json\/wp\/v2\/users\/6"}],"replies":[{"embeddable":true,"href":"https:\/\/chdouelafontaine.fr\/centre-hospitalier\/wp-json\/wp\/v2\/comments?post=3374"}],"version-history":[{"count":48,"href":"https:\/\/chdouelafontaine.fr\/centre-hospitalier\/wp-json\/wp\/v2\/pages\/3374\/revisions"}],"predecessor-version":[{"id":4192,"href":"https:\/\/chdouelafontaine.fr\/centre-hospitalier\/wp-json\/wp\/v2\/pages\/3374\/revisions\/4192"}],"wp:attachment":[{"href":"https:\/\/chdouelafontaine.fr\/centre-hospitalier\/wp-json\/wp\/v2\/media?parent=3374"}],"curies":[{"name":"wp","href":"https:\/\/api.w.org\/{rel}","templated":true}]}}