{"id":3441,"date":"2025-07-21T15:20:34","date_gmt":"2025-07-21T13:20:34","guid":{"rendered":"https:\/\/chdouelafontaine.fr\/centre-hospitalier\/?page_id=3441"},"modified":"2025-08-27T16:46:40","modified_gmt":"2025-08-27T14:46:40","slug":"notre-equipe","status":"publish","type":"page","link":"https:\/\/chdouelafontaine.fr\/centre-hospitalier\/notre-equipe\/","title":{"rendered":"Pr\u00e9sentation du SSIAD"},"content":{"rendered":"\n<h2 class=\"wp-block-heading has-text-align-center has-vivid-red-color has-text-color has-link-color has-large-font-size wp-elements-fa749ce8e89d8bad221b260e44477c96\">BIENVENUE AU SSIAD<\/h2>\n\n\n\n<div class=\"wp-block-cover\"><img loading=\"lazy\" decoding=\"async\" width=\"1024\" height=\"588\" class=\"wp-block-cover__image-background wp-image-3329 size-large\" alt=\"\" src=\"https:\/\/chdouelafontaine.fr\/centre-hospitalier\/wp-content\/uploads\/2025\/07\/780-1024x588.png\" style=\"object-position:49% 16%\" data-object-fit=\"cover\" data-object-position=\"49% 16%\" srcset=\"https:\/\/chdouelafontaine.fr\/centre-hospitalier\/wp-content\/uploads\/2025\/07\/780-1024x588.png 1024w, https:\/\/chdouelafontaine.fr\/centre-hospitalier\/wp-content\/uploads\/2025\/07\/780-300x172.png 300w, https:\/\/chdouelafontaine.fr\/centre-hospitalier\/wp-content\/uploads\/2025\/07\/780-768x441.png 768w, https:\/\/chdouelafontaine.fr\/centre-hospitalier\/wp-content\/uploads\/2025\/07\/780.png 1260w\" sizes=\"auto, (max-width: 1024px) 100vw, 1024px\" \/><span aria-hidden=\"true\" class=\"wp-block-cover__background has-background-dim-0 has-background-dim\" style=\"background-color:#827f78\"><\/span><div class=\"wp-block-cover__inner-container is-layout-constrained wp-block-cover-is-layout-constrained\">\n<p class=\"has-text-align-center has-large-font-size\"><\/p>\n<\/div><\/div>\n\n\n\n<p><\/p>\n\n\n\n<p class=\"has-background\" style=\"background-color:#ff8685;font-size:20px\">Le <strong>Service de Soins Infirmiers \u00e0 Domicile (SSIAD)<\/strong> du Centre Hospitalier de Dou\u00e9-en-Anjou, situ\u00e9 30ter rue Saint-Fran\u00e7ois 49700 Dou\u00e9-en-Anjou, propose 70 places (65 pour personnes \u00e2g\u00e9es et de 5 pour personnes handicap\u00e9es vieillissantes) et assure, sur prescription m\u00e9dicale, des prestations de soins infirmiers dans le champ de l&rsquo;hygi\u00e8ne ayant pour objectif : <\/p>\n\n\n\n<ul class=\"wp-block-list\">\n<li style=\"font-size:20px\">De pr\u00e9venir la perte d&rsquo;autonomie,<\/li>\n\n\n\n<li style=\"font-size:20px\">D&rsquo;\u00e9viter une hospitalisation, <\/li>\n\n\n\n<li style=\"font-size:20px\">De faciliter le retour \u00e0 domicile apr\u00e8s une hospitalisation, <\/li>\n\n\n\n<li style=\"font-size:20px\">De retarder une entr\u00e9e dans un \u00e9tablissement d&rsquo;h\u00e9bergement.<\/li>\n<\/ul>\n\n\n\n<p class=\"has-text-align-center has-vivid-red-color has-text-color has-link-color wp-elements-2a07bffc798a3ef57c4e86cb0de940e7\" style=\"font-size:20px\"><strong>Ces interventions peuvent \u00eatre de courte, de moyenne ou de longue dur\u00e9e selon l&rsquo;\u00e9tat de sant\u00e9 et les besoins du patients<\/strong><\/p>\n\n\n\n<div class=\"wp-block-columns is-layout-flex wp-container-core-columns-is-layout-9d6595d7 wp-block-columns-is-layout-flex\">\n<div class=\"wp-block-column is-layout-flow wp-block-column-is-layout-flow\" style=\"flex-basis:50%\">\n<figure class=\"wp-block-gallery has-nested-images columns-default is-cropped wp-block-gallery-1 is-layout-flex wp-block-gallery-is-layout-flex\">\n<figure class=\"wp-block-image size-large\"><img loading=\"lazy\" decoding=\"async\" width=\"768\" height=\"1024\" data-id=\"3467\" src=\"https:\/\/chdouelafontaine.fr\/centre-hospitalier\/wp-content\/uploads\/2025\/07\/Page-de-garde-SSIAD-1-3-768x1024.jpeg\" alt=\"\" class=\"wp-image-3467\" srcset=\"https:\/\/chdouelafontaine.fr\/centre-hospitalier\/wp-content\/uploads\/2025\/07\/Page-de-garde-SSIAD-1-3-768x1024.jpeg 768w, https:\/\/chdouelafontaine.fr\/centre-hospitalier\/wp-content\/uploads\/2025\/07\/Page-de-garde-SSIAD-1-3-225x300.jpeg 225w, https:\/\/chdouelafontaine.fr\/centre-hospitalier\/wp-content\/uploads\/2025\/07\/Page-de-garde-SSIAD-1-3-1152x1536.jpeg 1152w, https:\/\/chdouelafontaine.fr\/centre-hospitalier\/wp-content\/uploads\/2025\/07\/Page-de-garde-SSIAD-1-3-1536x2048.jpeg 1536w, https:\/\/chdouelafontaine.fr\/centre-hospitalier\/wp-content\/uploads\/2025\/07\/Page-de-garde-SSIAD-1-3-scaled.jpeg 1920w\" sizes=\"auto, (max-width: 768px) 100vw, 768px\" \/><\/figure>\n<\/figure>\n<\/div>\n\n\n\n<div class=\"wp-block-column is-layout-flow wp-block-column-is-layout-flow\" style=\"flex-basis:50%\">\n<figure class=\"wp-block-image size-large\"><img loading=\"lazy\" decoding=\"async\" width=\"768\" height=\"1024\" src=\"https:\/\/chdouelafontaine.fr\/centre-hospitalier\/wp-content\/uploads\/2025\/07\/Photo-SSIAD-2-1-768x1024.jpg\" alt=\"\" class=\"wp-image-3468\" srcset=\"https:\/\/chdouelafontaine.fr\/centre-hospitalier\/wp-content\/uploads\/2025\/07\/Photo-SSIAD-2-1-768x1024.jpg 768w, https:\/\/chdouelafontaine.fr\/centre-hospitalier\/wp-content\/uploads\/2025\/07\/Photo-SSIAD-2-1-225x300.jpg 225w, https:\/\/chdouelafontaine.fr\/centre-hospitalier\/wp-content\/uploads\/2025\/07\/Photo-SSIAD-2-1-1152x1536.jpg 1152w, https:\/\/chdouelafontaine.fr\/centre-hospitalier\/wp-content\/uploads\/2025\/07\/Photo-SSIAD-2-1-1536x2048.jpg 1536w, https:\/\/chdouelafontaine.fr\/centre-hospitalier\/wp-content\/uploads\/2025\/07\/Photo-SSIAD-2-1-scaled.jpg 1920w\" sizes=\"auto, (max-width: 768px) 100vw, 768px\" \/><\/figure>\n<\/div>\n<\/div>\n\n\n\n<p><\/p>\n\n\n\n<div class=\"wp-block-columns is-layout-flex wp-container-core-columns-is-layout-9d6595d7 wp-block-columns-is-layout-flex\">\n<div class=\"wp-block-column is-layout-flow wp-block-column-is-layout-flow\">\n<p><\/p>\n\n\n\n<h3 class=\"wp-block-heading\" style=\"font-size:25px\"><strong>Les modalit\u00e9s de prise en charge sont les suivantes :<\/strong><\/h3>\n\n\n\n<p style=\"font-size:20px\">Il faut \u00eatre :<\/p>\n\n\n\n<ul class=\"wp-block-list\">\n<li style=\"font-size:20px\">Affili\u00e9 \u00e0 un r\u00e9gime de s\u00e9curit\u00e9 sociale (CPAM, MSA, RSI),<\/li>\n\n\n\n<li style=\"font-size:20px\">\u00c2g\u00e9 de 60 ans au moins, malade ou en perte d&rsquo;autonomie,<\/li>\n\n\n\n<li style=\"font-size:20px\">\u00c2g\u00e9 de moins de 60 ans en situation de handicap ou atteint d&rsquo;une maladie chronique,<\/li>\n\n\n\n<li style=\"font-size:20px\">Habiter dans le secteur d&rsquo;intervention <strong>(carte ci-contre)<\/strong><\/li>\n<\/ul>\n<\/div>\n\n\n\n<div class=\"wp-block-column is-layout-flow wp-block-column-is-layout-flow\">\n<figure class=\"wp-block-image size-full\"><img loading=\"lazy\" decoding=\"async\" width=\"554\" height=\"520\" src=\"https:\/\/chdouelafontaine.fr\/centre-hospitalier\/wp-content\/uploads\/2025\/07\/carte-ssiad-4.png\" alt=\"\" class=\"wp-image-3506\" srcset=\"https:\/\/chdouelafontaine.fr\/centre-hospitalier\/wp-content\/uploads\/2025\/07\/carte-ssiad-4.png 554w, https:\/\/chdouelafontaine.fr\/centre-hospitalier\/wp-content\/uploads\/2025\/07\/carte-ssiad-4-300x282.png 300w\" sizes=\"auto, (max-width: 554px) 100vw, 554px\" \/><\/figure>\n<\/div>\n<\/div>\n\n\n\n<p><\/p>\n\n\n\n<h3 class=\"wp-block-heading\" style=\"font-size:25px\"><strong>Les diff\u00e9rentes prestations sont principalement :<\/strong><\/h3>\n\n\n\n<ul class=\"wp-block-list\">\n<li class=\"has-medium-font-size\">Des soins d&rsquo;hygi\u00e8ne et de confort corporel dan un environnement sain, agr\u00e9able et s\u00e9curis\u00e9 (toilette, douche, shampoing, soins des pieds, rasage&#8230;),<\/li>\n\n\n\n<li class=\"has-medium-font-size\">La pr\u00e9vention de la douleur ainsi son \u00e9valuation dans le cadre des mobilisations et de l&rsquo;installation de la personne,<\/li>\n\n\n\n<li class=\"has-medium-font-size\">La pr\u00e9vention de la d\u00e9nutrition de la d\u00e9shydratation,<\/li>\n\n\n\n<li class=\"has-medium-font-size\">Le pr\u00e9vention des chutes par des conseils d&rsquo;am\u00e9nagement du domicile,<\/li>\n\n\n\n<li class=\"has-medium-font-size\">L&rsquo;aide \u00e0 la prise du traitement m\u00e9dicamenteux,<\/li>\n\n\n\n<li class=\"has-medium-font-size\">Des soins infirmiers sont pratiqu\u00e9s le cas \u00e9ch\u00e9ant en collaboration avec nos partenaires, infirmiers lib\u00e9raux.<\/li>\n<\/ul>\n\n\n\n<div class=\"wp-block-columns is-layout-flex wp-container-core-columns-is-layout-9d6595d7 wp-block-columns-is-layout-flex\">\n<div class=\"wp-block-column is-layout-flow wp-block-column-is-layout-flow\" style=\"flex-basis:100%\">\n<div class=\"wp-block-buttons is-content-justification-center is-layout-flex wp-container-core-buttons-is-layout-14c487f4 wp-block-buttons-is-layout-flex\">\n<div class=\"wp-block-button\"><a class=\"wp-block-button__link has-vivid-red-background-color has-background wp-element-button\" href=\"https:\/\/chdouelafontaine.fr\/centre-hospitalier\/wp-content\/uploads\/2025\/07\/DOSSIER-MEDICAL-SSIAD_v5.pdf\">Dossier d&rsquo;inscription<\/a><\/div>\n\n\n\n<div class=\"wp-block-button\"><a class=\"wp-block-button__link has-vivid-red-background-color has-background wp-element-button\">Livret d&rsquo;accueil SSIAD<\/a><\/div>\n<\/div>\n\n\n\n<p><\/p>\n<\/div>\n<\/div>\n","protected":false},"excerpt":{"rendered":"<p>BIENVENUE AU SSIAD Le Service de Soins Infirmiers \u00e0 Domicile (SSIAD) du Centre Hospitalier de Dou\u00e9-en-Anjou, situ\u00e9 30ter rue Saint-Fran\u00e7ois 49700 Dou\u00e9-en-Anjou, propose 70 places (65 pour personnes \u00e2g\u00e9es et de 5 pour personnes handicap\u00e9es vieillissantes) et assure, sur prescription m\u00e9dicale, des prestations de soins infirmiers dans le champ de l&rsquo;hygi\u00e8ne ayant pour objectif : [&hellip;]<\/p>\n","protected":false},"author":6,"featured_media":0,"parent":0,"menu_order":0,"comment_status":"closed","ping_status":"closed","template":"","meta":{"footnotes":""},"class_list":["post-3441","page","type-page","status-publish","hentry"],"_links":{"self":[{"href":"https:\/\/chdouelafontaine.fr\/centre-hospitalier\/wp-json\/wp\/v2\/pages\/3441","targetHints":{"allow":["GET"]}}],"collection":[{"href":"https:\/\/chdouelafontaine.fr\/centre-hospitalier\/wp-json\/wp\/v2\/pages"}],"about":[{"href":"https:\/\/chdouelafontaine.fr\/centre-hospitalier\/wp-json\/wp\/v2\/types\/page"}],"author":[{"embeddable":true,"href":"https:\/\/chdouelafontaine.fr\/centre-hospitalier\/wp-json\/wp\/v2\/users\/6"}],"replies":[{"embeddable":true,"href":"https:\/\/chdouelafontaine.fr\/centre-hospitalier\/wp-json\/wp\/v2\/comments?post=3441"}],"version-history":[{"count":54,"href":"https:\/\/chdouelafontaine.fr\/centre-hospitalier\/wp-json\/wp\/v2\/pages\/3441\/revisions"}],"predecessor-version":[{"id":3983,"href":"https:\/\/chdouelafontaine.fr\/centre-hospitalier\/wp-json\/wp\/v2\/pages\/3441\/revisions\/3983"}],"wp:attachment":[{"href":"https:\/\/chdouelafontaine.fr\/centre-hospitalier\/wp-json\/wp\/v2\/media?parent=3441"}],"curies":[{"name":"wp","href":"https:\/\/api.w.org\/{rel}","templated":true}]}}