{"id":3522,"date":"2025-07-22T11:16:34","date_gmt":"2025-07-22T09:16:34","guid":{"rendered":"https:\/\/chdouelafontaine.fr\/centre-hospitalier\/?page_id=3522"},"modified":"2026-03-23T18:26:44","modified_gmt":"2026-03-23T17:26:44","slug":"presentation-du-service-de-medecine","status":"publish","type":"page","link":"https:\/\/chdouelafontaine.fr\/centre-hospitalier\/presentation-du-service-de-medecine\/","title":{"rendered":"Pr\u00e9sentation du service de m\u00e9decine"},"content":{"rendered":"\n<h2 class=\"wp-block-heading\">Service de m\u00e9decine &#8211; 10 lits <\/h2>\n\n\n\n<h2 class=\"wp-block-heading has-text-align-center has-text-color has-link-color has-large-font-size wp-elements-f20cc299b3c234650805ec4b9a32a299\" style=\"color:#68ae40\">BIENVENUE EN M\u00c9DECINE<\/h2>\n\n\n\n<div class=\"wp-block-cover is-light\"><img loading=\"lazy\" decoding=\"async\" width=\"1024\" height=\"768\" class=\"wp-block-cover__image-background wp-image-3523 size-large\" alt=\"\" src=\"https:\/\/chdouelafontaine.fr\/centre-hospitalier\/wp-content\/uploads\/2025\/07\/Photo-SMR-6-1-1024x768.jpeg\" style=\"object-position:53% 70%\" data-object-fit=\"cover\" data-object-position=\"53% 70%\" srcset=\"https:\/\/chdouelafontaine.fr\/centre-hospitalier\/wp-content\/uploads\/2025\/07\/Photo-SMR-6-1-1024x768.jpeg 1024w, https:\/\/chdouelafontaine.fr\/centre-hospitalier\/wp-content\/uploads\/2025\/07\/Photo-SMR-6-1-300x225.jpeg 300w, https:\/\/chdouelafontaine.fr\/centre-hospitalier\/wp-content\/uploads\/2025\/07\/Photo-SMR-6-1-768x576.jpeg 768w, https:\/\/chdouelafontaine.fr\/centre-hospitalier\/wp-content\/uploads\/2025\/07\/Photo-SMR-6-1-1536x1152.jpeg 1536w, https:\/\/chdouelafontaine.fr\/centre-hospitalier\/wp-content\/uploads\/2025\/07\/Photo-SMR-6-1-2048x1536.jpeg 2048w\" sizes=\"auto, (max-width: 1024px) 100vw, 1024px\" \/><span aria-hidden=\"true\" class=\"wp-block-cover__background has-background-dim-0 has-background-dim\" style=\"background-color:#8c8880\"><\/span><div class=\"wp-block-cover__inner-container is-layout-constrained wp-block-cover-is-layout-constrained\">\n<p class=\"has-text-align-center has-large-font-size\"><\/p>\n<\/div><\/div>\n\n\n\n<p><\/p>\n\n\n\n<p class=\"has-background\" style=\"background-color:#68ae40;font-size:20px\"><strong>Le service de m\u00e9decine situ\u00e9, 3 Rue du Petit Bois &#8211; au 1er \u00e9tage &#8211; \u00e0 Dou\u00e9-en-Anjou<\/strong>, est un lieu d&rsquo;hospitalisation pour les affections aigu\u00ebs de sant\u00e9. Il vous offres des prestations de soins adapt\u00e9es \u00e0 vos besoins dans un cadre d&rsquo;h\u00e9bergement moderne et confortable.<\/p>\n\n\n\n<div class=\"wp-block-columns is-layout-flex wp-container-core-columns-is-layout-9d6595d7 wp-block-columns-is-layout-flex\">\n<div class=\"wp-block-column is-layout-flow wp-block-column-is-layout-flow\" style=\"flex-basis:33.34%\">\n<figure class=\"wp-block-image size-large\"><img loading=\"lazy\" decoding=\"async\" width=\"803\" height=\"1024\" src=\"https:\/\/chdouelafontaine.fr\/centre-hospitalier\/wp-content\/uploads\/2025\/07\/elisa-2-803x1024.jpg\" alt=\"\" class=\"wp-image-3397\" srcset=\"https:\/\/chdouelafontaine.fr\/centre-hospitalier\/wp-content\/uploads\/2025\/07\/elisa-2-803x1024.jpg 803w, https:\/\/chdouelafontaine.fr\/centre-hospitalier\/wp-content\/uploads\/2025\/07\/elisa-2-235x300.jpg 235w, https:\/\/chdouelafontaine.fr\/centre-hospitalier\/wp-content\/uploads\/2025\/07\/elisa-2-768x979.jpg 768w, https:\/\/chdouelafontaine.fr\/centre-hospitalier\/wp-content\/uploads\/2025\/07\/elisa-2-1205x1536.jpg 1205w, https:\/\/chdouelafontaine.fr\/centre-hospitalier\/wp-content\/uploads\/2025\/07\/elisa-2-1606x2048.jpg 1606w, https:\/\/chdouelafontaine.fr\/centre-hospitalier\/wp-content\/uploads\/2025\/07\/elisa-2-scaled.jpg 2008w\" sizes=\"auto, (max-width: 803px) 100vw, 803px\" \/><\/figure>\n<\/div>\n\n\n\n<div class=\"wp-block-column is-layout-flow wp-block-column-is-layout-flow\" style=\"flex-basis:33.34%\">\n<figure class=\"wp-block-image size-large is-resized\"><img loading=\"lazy\" decoding=\"async\" width=\"768\" height=\"1024\" src=\"https:\/\/chdouelafontaine.fr\/centre-hospitalier\/wp-content\/uploads\/2025\/07\/Photo-SMR-112-768x1024.jpg\" alt=\"\" class=\"wp-image-3536\" style=\"width:263px;height:auto\" srcset=\"https:\/\/chdouelafontaine.fr\/centre-hospitalier\/wp-content\/uploads\/2025\/07\/Photo-SMR-112-768x1024.jpg 768w, https:\/\/chdouelafontaine.fr\/centre-hospitalier\/wp-content\/uploads\/2025\/07\/Photo-SMR-112-225x300.jpg 225w, https:\/\/chdouelafontaine.fr\/centre-hospitalier\/wp-content\/uploads\/2025\/07\/Photo-SMR-112-1152x1536.jpg 1152w, https:\/\/chdouelafontaine.fr\/centre-hospitalier\/wp-content\/uploads\/2025\/07\/Photo-SMR-112-1536x2048.jpg 1536w, https:\/\/chdouelafontaine.fr\/centre-hospitalier\/wp-content\/uploads\/2025\/07\/Photo-SMR-112-scaled.jpg 1920w\" sizes=\"auto, (max-width: 768px) 100vw, 768px\" \/><\/figure>\n<\/div>\n\n\n\n<div class=\"wp-block-column is-layout-flow wp-block-column-is-layout-flow\" style=\"flex-basis:33.33%\">\n<figure class=\"wp-block-image size-large is-resized\"><img loading=\"lazy\" decoding=\"async\" width=\"768\" height=\"1024\" src=\"https:\/\/chdouelafontaine.fr\/centre-hospitalier\/wp-content\/uploads\/2025\/07\/Photo-SMR-20-1-768x1024.jpg\" alt=\"\" class=\"wp-image-3537\" style=\"width:263px;height:auto\" srcset=\"https:\/\/chdouelafontaine.fr\/centre-hospitalier\/wp-content\/uploads\/2025\/07\/Photo-SMR-20-1-768x1024.jpg 768w, https:\/\/chdouelafontaine.fr\/centre-hospitalier\/wp-content\/uploads\/2025\/07\/Photo-SMR-20-1-225x300.jpg 225w, https:\/\/chdouelafontaine.fr\/centre-hospitalier\/wp-content\/uploads\/2025\/07\/Photo-SMR-20-1-1152x1536.jpg 1152w, https:\/\/chdouelafontaine.fr\/centre-hospitalier\/wp-content\/uploads\/2025\/07\/Photo-SMR-20-1-1536x2048.jpg 1536w, https:\/\/chdouelafontaine.fr\/centre-hospitalier\/wp-content\/uploads\/2025\/07\/Photo-SMR-20-1-scaled.jpg 1920w\" sizes=\"auto, (max-width: 768px) 100vw, 768px\" \/><\/figure>\n<\/div>\n<\/div>\n\n\n\n<p class=\"has-background\" style=\"background-color:#68ae40;font-size:20px\"><strong>Le service fonctionne 24 heures \/ 24 <\/strong>; l&rsquo;admission se fait sur prescription m\u00e9dicale. Une \u00e9quipe pluridisciplinaire m\u00e9dicale, param\u00e9dicale et de psycho-r\u00e9\u00e9ducateurs assure le suivi de votre projet th\u00e9rapeutique personnalis\u00e9 construit en fonction de votre \u00e9tat de sant\u00e9.<\/p>\n\n\n\n<p style=\"font-size:20px\">Notre \u00e9quipe est tout particuli\u00e8rement vigilante \u00e0 : <\/p>\n\n\n\n<ul class=\"wp-block-list\">\n<li style=\"font-size:20px\">La prise en soins palliative (2 lits d\u00e9di\u00e9s sont actifs sur l&rsquo;unit\u00e9 de m\u00e9decine),<\/li>\n\n\n\n<li style=\"font-size:20px\">La lutte contre la douleur,<\/li>\n\n\n\n<li style=\"font-size:20px\">La qualit\u00e9 et la s\u00e9curit\u00e9 des soins dans le respect de la personne,<\/li>\n\n\n\n<li style=\"font-size:20px\">La lutte contre les infections associ\u00e9es aux soins,<\/li>\n\n\n\n<li style=\"font-size:20px\">L&rsquo;identito-vigilance.<\/li>\n<\/ul>\n\n\n\n<figure class=\"wp-block-image size-large\"><img loading=\"lazy\" decoding=\"async\" width=\"1024\" height=\"724\" src=\"https:\/\/chdouelafontaine.fr\/centre-hospitalier\/wp-content\/uploads\/2026\/03\/Modifications-sur-le-site-internet-1-1024x724.png\" alt=\"\" class=\"wp-image-4190\" srcset=\"https:\/\/chdouelafontaine.fr\/centre-hospitalier\/wp-content\/uploads\/2026\/03\/Modifications-sur-le-site-internet-1-1024x724.png 1024w, https:\/\/chdouelafontaine.fr\/centre-hospitalier\/wp-content\/uploads\/2026\/03\/Modifications-sur-le-site-internet-1-300x212.png 300w, https:\/\/chdouelafontaine.fr\/centre-hospitalier\/wp-content\/uploads\/2026\/03\/Modifications-sur-le-site-internet-1-768x543.png 768w, https:\/\/chdouelafontaine.fr\/centre-hospitalier\/wp-content\/uploads\/2026\/03\/Modifications-sur-le-site-internet-1-1536x1086.png 1536w, https:\/\/chdouelafontaine.fr\/centre-hospitalier\/wp-content\/uploads\/2026\/03\/Modifications-sur-le-site-internet-1.png 2000w\" sizes=\"auto, (max-width: 1024px) 100vw, 1024px\" \/><\/figure>\n\n\n\n<p><\/p>\n\n\n\n<div class=\"wp-block-buttons is-content-justification-center is-layout-flex wp-container-core-buttons-is-layout-16018d1d wp-block-buttons-is-layout-flex\">\n<div class=\"wp-block-button\"><a class=\"wp-block-button__link has-black-color has-text-color has-background has-link-color has-custom-font-size wp-element-button\" href=\"https:\/\/chdouelafontaine.fr\/centre-hospitalier\/wp-content\/uploads\/2025\/07\/TARIFS-SMR-MEDECINE-2.pdf\" style=\"background-color:#68ae40;font-size:16px\">Tarifs M\u00e9decine<\/a><\/div>\n\n\n\n<div class=\"wp-block-button\"><a class=\"wp-block-button__link has-black-color has-text-color has-background has-link-color has-custom-font-size wp-element-button\" href=\"https:\/\/chdouelafontaine.fr\/centre-hospitalier\/wp-content\/uploads\/2025\/07\/TARIFS-SMR-MEDECINE-1.pdf\" style=\"background-color:#68ae40;font-size:16px\">Tarifs des prestations du service M\u00e9decine \/ SMR<\/a><\/div>\n\n\n\n<div class=\"wp-block-button\"><a class=\"wp-block-button__link has-black-color has-text-color has-background has-link-color has-custom-font-size wp-element-button\" style=\"background-color:#68ae40;font-size:16px\">Livret d&rsquo;accueil M\u00e9decine\/SMR<\/a><\/div>\n<\/div>\n\n\n\n<p><\/p>\n\n\n\n<p><\/p>\n","protected":false},"excerpt":{"rendered":"<p>Service de m\u00e9decine &#8211; 10 lits BIENVENUE EN M\u00c9DECINE Le service de m\u00e9decine situ\u00e9, 3 Rue du Petit Bois &#8211; au 1er \u00e9tage &#8211; \u00e0 Dou\u00e9-en-Anjou, est un lieu d&rsquo;hospitalisation pour les affections aigu\u00ebs de sant\u00e9. Il vous offres des prestations de soins adapt\u00e9es \u00e0 vos besoins dans un cadre d&rsquo;h\u00e9bergement moderne et confortable. Le [&hellip;]<\/p>\n","protected":false},"author":6,"featured_media":0,"parent":0,"menu_order":0,"comment_status":"closed","ping_status":"closed","template":"","meta":{"footnotes":""},"class_list":["post-3522","page","type-page","status-publish","hentry"],"_links":{"self":[{"href":"https:\/\/chdouelafontaine.fr\/centre-hospitalier\/wp-json\/wp\/v2\/pages\/3522","targetHints":{"allow":["GET"]}}],"collection":[{"href":"https:\/\/chdouelafontaine.fr\/centre-hospitalier\/wp-json\/wp\/v2\/pages"}],"about":[{"href":"https:\/\/chdouelafontaine.fr\/centre-hospitalier\/wp-json\/wp\/v2\/types\/page"}],"author":[{"embeddable":true,"href":"https:\/\/chdouelafontaine.fr\/centre-hospitalier\/wp-json\/wp\/v2\/users\/6"}],"replies":[{"embeddable":true,"href":"https:\/\/chdouelafontaine.fr\/centre-hospitalier\/wp-json\/wp\/v2\/comments?post=3522"}],"version-history":[{"count":32,"href":"https:\/\/chdouelafontaine.fr\/centre-hospitalier\/wp-json\/wp\/v2\/pages\/3522\/revisions"}],"predecessor-version":[{"id":4191,"href":"https:\/\/chdouelafontaine.fr\/centre-hospitalier\/wp-json\/wp\/v2\/pages\/3522\/revisions\/4191"}],"wp:attachment":[{"href":"https:\/\/chdouelafontaine.fr\/centre-hospitalier\/wp-json\/wp\/v2\/media?parent=3522"}],"curies":[{"name":"wp","href":"https:\/\/api.w.org\/{rel}","templated":true}]}}