{"id":3552,"date":"2025-07-23T14:56:37","date_gmt":"2025-07-23T12:56:37","guid":{"rendered":"https:\/\/chdouelafontaine.fr\/centre-hospitalier\/?page_id=3552"},"modified":"2025-08-27T16:49:10","modified_gmt":"2025-08-27T14:49:10","slug":"3552-2","status":"publish","type":"page","link":"https:\/\/chdouelafontaine.fr\/centre-hospitalier\/3552-2\/","title":{"rendered":"HISTORIQUE"},"content":{"rendered":"\n<h2 class=\"wp-block-heading\">Historique de l&rsquo;\u00e9tablissement <\/h2>\n\n\n\n<h2 class=\"wp-block-heading has-text-align-center has-vivid-cyan-blue-color has-text-color has-link-color wp-elements-91cd340011785ae50a29c9930ad82d95\">L&rsquo;histoire du Centre Hospitalier de Dou\u00e9-en-Anjou <\/h2>\n\n\n\n<div class=\"wp-block-cover is-light\"><img loading=\"lazy\" decoding=\"async\" width=\"1024\" height=\"683\" class=\"wp-block-cover__image-background wp-image-3594 size-large\" alt=\"\" src=\"https:\/\/chdouelafontaine.fr\/centre-hospitalier\/wp-content\/uploads\/2025\/07\/Doue-batiment-1024x683.png\" data-object-fit=\"cover\" srcset=\"https:\/\/chdouelafontaine.fr\/centre-hospitalier\/wp-content\/uploads\/2025\/07\/Doue-batiment-1024x683.png 1024w, https:\/\/chdouelafontaine.fr\/centre-hospitalier\/wp-content\/uploads\/2025\/07\/Doue-batiment-300x200.png 300w, https:\/\/chdouelafontaine.fr\/centre-hospitalier\/wp-content\/uploads\/2025\/07\/Doue-batiment-768x512.png 768w, https:\/\/chdouelafontaine.fr\/centre-hospitalier\/wp-content\/uploads\/2025\/07\/Doue-batiment.png 1536w\" sizes=\"auto, (max-width: 1024px) 100vw, 1024px\" \/><span aria-hidden=\"true\" class=\"wp-block-cover__background has-background-dim-0 has-background-dim\" style=\"background-color:#ac916b\"><\/span><div class=\"wp-block-cover__inner-container is-layout-constrained wp-block-cover-is-layout-constrained\">\n<p class=\"has-text-align-center has-large-font-size\"><\/p>\n<\/div><\/div>\n\n\n\n<p><\/p>\n\n\n\n<div class=\"wp-block-columns is-not-stacked-on-mobile is-layout-flex wp-container-core-columns-is-layout-9d6595d7 wp-block-columns-is-layout-flex\">\n<div class=\"wp-block-column is-vertically-aligned-center is-layout-flow wp-block-column-is-layout-flow\">\n<p style=\"font-size:20px\">L&rsquo;histoire du Centre Hospitalier de Dou\u00e9-en-Anjou remonte \u00e0 la premi\u00e8re moiti\u00e9 du XII\u00e8me si\u00e8cle, lorsqu&rsquo;Eustachie Gelduin, Dame de Dou\u00e9, et son fils Andr\u00e9, font construire une Aum\u00f4nerie pour les pauvre de la ville et ceux de passage. Cette maison devient par la suite Maison-Dieu puis l&rsquo;H\u00f4pital avec la cr\u00e9ation de la confr\u00e9rie \u00ab\u00a0les soeur de la Charit\u00e9\u00a0\u00bb. Il a perdur\u00e9 au cours des si\u00e8cles connaissant \u00e9volutions et transformations.<\/p>\n<\/div>\n\n\n\n<div class=\"wp-block-column is-vertically-aligned-center is-layout-flow wp-block-column-is-layout-flow\">\n<figure class=\"wp-block-image size-large\"><img loading=\"lazy\" decoding=\"async\" width=\"1024\" height=\"695\" src=\"https:\/\/chdouelafontaine.fr\/centre-hospitalier\/wp-content\/uploads\/2018\/02\/001-1024x695.jpg\" alt=\"\" class=\"wp-image-1035\" srcset=\"https:\/\/chdouelafontaine.fr\/centre-hospitalier\/wp-content\/uploads\/2018\/02\/001-1024x695.jpg 1024w, https:\/\/chdouelafontaine.fr\/centre-hospitalier\/wp-content\/uploads\/2018\/02\/001-300x204.jpg 300w, https:\/\/chdouelafontaine.fr\/centre-hospitalier\/wp-content\/uploads\/2018\/02\/001-768x521.jpg 768w, https:\/\/chdouelafontaine.fr\/centre-hospitalier\/wp-content\/uploads\/2018\/02\/001-370x250.jpg 370w, https:\/\/chdouelafontaine.fr\/centre-hospitalier\/wp-content\/uploads\/2018\/02\/001.jpg 1158w\" sizes=\"auto, (max-width: 1024px) 100vw, 1024px\" \/><\/figure>\n<\/div>\n<\/div>\n\n\n\n<p><\/p>\n\n\n\n<div class=\"wp-block-columns is-layout-flex wp-container-core-columns-is-layout-9d6595d7 wp-block-columns-is-layout-flex\">\n<div class=\"wp-block-column is-vertically-aligned-center is-layout-flow wp-block-column-is-layout-flow\">\n<figure class=\"wp-block-image size-large\"><img loading=\"lazy\" decoding=\"async\" width=\"1024\" height=\"747\" src=\"https:\/\/chdouelafontaine.fr\/centre-hospitalier\/wp-content\/uploads\/2018\/02\/002-1024x747.jpg\" alt=\"\" class=\"wp-image-1041\" srcset=\"https:\/\/chdouelafontaine.fr\/centre-hospitalier\/wp-content\/uploads\/2018\/02\/002-1024x747.jpg 1024w, https:\/\/chdouelafontaine.fr\/centre-hospitalier\/wp-content\/uploads\/2018\/02\/002-300x219.jpg 300w, https:\/\/chdouelafontaine.fr\/centre-hospitalier\/wp-content\/uploads\/2018\/02\/002-768x560.jpg 768w, https:\/\/chdouelafontaine.fr\/centre-hospitalier\/wp-content\/uploads\/2018\/02\/002.jpg 1347w\" sizes=\"auto, (max-width: 1024px) 100vw, 1024px\" \/><\/figure>\n<\/div>\n\n\n\n<div class=\"wp-block-column is-vertically-aligned-center is-layout-flow wp-block-column-is-layout-flow\">\n<p style=\"font-size:20px\"><strong>En 1887<\/strong>, la maternit\u00e9 est install\u00e9e dans l\u2019une des parties les plus ensoleill\u00e9es de l\u2019enceinte. Elle devient ensuite un bureau de consultation, puis une salle de chirurgie y est cr\u00e9\u00e9e. Madame Robert met \u00e0 la disposition des S\u0153urs sa propri\u00e9t\u00e9 du Bosquet afin d\u2019y construire une \u00e9cole de filles, un asile, un orphelinat, une chapelle et une aum\u00f4nerie.<\/p>\n<\/div>\n<\/div>\n\n\n\n<p><\/p>\n\n\n\n<div class=\"wp-block-columns is-layout-flex wp-container-core-columns-is-layout-9d6595d7 wp-block-columns-is-layout-flex\">\n<div class=\"wp-block-column is-vertically-aligned-center is-layout-flow wp-block-column-is-layout-flow\">\n<ul class=\"wp-block-list\">\n<li style=\"font-size:20px\">En <strong>1975<\/strong>, la maison de retraite des Jardins d&rsquo;Automne est construite.<\/li>\n\n\n\n<li style=\"font-size:20px\">En avril <strong>1989<\/strong>, le b\u00e2timent de la Fontaine d&rsquo;Antan est inaugur\u00e9.<\/li>\n\n\n\n<li style=\"font-size:20px\">Le <strong>1er juin 1991<\/strong>, le SSIAD (Service de Soins Infirmiers) commence son activit\u00e9.<\/li>\n<\/ul>\n\n\n\n<p style=\"font-size:20px\">Le <strong>1er janvier 2004<\/strong>, la Maison de Retraite de Nueil sur Layon int\u00e8gre l&rsquo;\u00e9tablissement. Cette ann\u00e9e-l\u00e0 est \u00e9galement construit un b\u00e2timent commun avec la maison de convalescence des R\u00e9collets, accueillant 16 lits de m\u00e9decine et 24 lits de soins de suite.<\/p>\n<\/div>\n\n\n\n<div class=\"wp-block-column is-vertically-aligned-center is-layout-flow wp-block-column-is-layout-flow\">\n<figure class=\"wp-block-image size-large\"><img loading=\"lazy\" decoding=\"async\" width=\"1024\" height=\"727\" src=\"https:\/\/chdouelafontaine.fr\/centre-hospitalier\/wp-content\/uploads\/2018\/02\/003-1024x727.jpg\" alt=\"\" class=\"wp-image-1043\" srcset=\"https:\/\/chdouelafontaine.fr\/centre-hospitalier\/wp-content\/uploads\/2018\/02\/003-1024x727.jpg 1024w, https:\/\/chdouelafontaine.fr\/centre-hospitalier\/wp-content\/uploads\/2018\/02\/003-300x213.jpg 300w, https:\/\/chdouelafontaine.fr\/centre-hospitalier\/wp-content\/uploads\/2018\/02\/003-768x545.jpg 768w, https:\/\/chdouelafontaine.fr\/centre-hospitalier\/wp-content\/uploads\/2018\/02\/003.jpg 1389w\" sizes=\"auto, (max-width: 1024px) 100vw, 1024px\" \/><\/figure>\n<\/div>\n<\/div>\n\n\n\n<p><\/p>\n\n\n\n<div class=\"wp-block-columns is-layout-flex wp-container-core-columns-is-layout-9d6595d7 wp-block-columns-is-layout-flex\">\n<div class=\"wp-block-column is-vertically-aligned-center is-layout-flow wp-block-column-is-layout-flow\">\n<figure class=\"wp-block-image size-full\"><img loading=\"lazy\" decoding=\"async\" width=\"1000\" height=\"642\" src=\"https:\/\/chdouelafontaine.fr\/centre-hospitalier\/wp-content\/uploads\/2018\/02\/Hopital.jpg\" alt=\"\" class=\"wp-image-1044\" srcset=\"https:\/\/chdouelafontaine.fr\/centre-hospitalier\/wp-content\/uploads\/2018\/02\/Hopital.jpg 1000w, https:\/\/chdouelafontaine.fr\/centre-hospitalier\/wp-content\/uploads\/2018\/02\/Hopital-300x193.jpg 300w, https:\/\/chdouelafontaine.fr\/centre-hospitalier\/wp-content\/uploads\/2018\/02\/Hopital-768x493.jpg 768w\" sizes=\"auto, (max-width: 1000px) 100vw, 1000px\" \/><\/figure>\n<\/div>\n\n\n\n<div class=\"wp-block-column is-vertically-aligned-center is-layout-flow wp-block-column-is-layout-flow\">\n<p style=\"font-size:20px\">Apr\u00e8s diverses augmentations de capacit\u00e9 et cr\u00e9ations de services, les travaux de reconstruction et de restructuration du secteur m\u00e9dico-social sur les sites de Dou\u00e9-la-Fontaine et de Nueil-sur-Layon ont commenc\u00e9 en <strong>octobre 2011<\/strong>. Ils se sont achev\u00e9s en <strong>mars 2017<\/strong>, permettant aux r\u00e9sidents de b\u00e9n\u00e9ficier d\u2019un cadre de vie d\u00e9sormais plus agr\u00e9able.<\/p>\n<\/div>\n<\/div>\n\n\n\n<p><\/p>\n","protected":false},"excerpt":{"rendered":"<p>Historique de l&rsquo;\u00e9tablissement L&rsquo;histoire du Centre Hospitalier de Dou\u00e9-en-Anjou L&rsquo;histoire du Centre Hospitalier de Dou\u00e9-en-Anjou remonte \u00e0 la premi\u00e8re moiti\u00e9 du XII\u00e8me si\u00e8cle, lorsqu&rsquo;Eustachie Gelduin, Dame de Dou\u00e9, et son fils Andr\u00e9, font construire une Aum\u00f4nerie pour les pauvre de la ville et ceux de passage. Cette maison devient par la suite Maison-Dieu puis l&rsquo;H\u00f4pital [&hellip;]<\/p>\n","protected":false},"author":6,"featured_media":0,"parent":0,"menu_order":0,"comment_status":"closed","ping_status":"closed","template":"","meta":{"footnotes":""},"class_list":["post-3552","page","type-page","status-publish","hentry"],"_links":{"self":[{"href":"https:\/\/chdouelafontaine.fr\/centre-hospitalier\/wp-json\/wp\/v2\/pages\/3552","targetHints":{"allow":["GET"]}}],"collection":[{"href":"https:\/\/chdouelafontaine.fr\/centre-hospitalier\/wp-json\/wp\/v2\/pages"}],"about":[{"href":"https:\/\/chdouelafontaine.fr\/centre-hospitalier\/wp-json\/wp\/v2\/types\/page"}],"author":[{"embeddable":true,"href":"https:\/\/chdouelafontaine.fr\/centre-hospitalier\/wp-json\/wp\/v2\/users\/6"}],"replies":[{"embeddable":true,"href":"https:\/\/chdouelafontaine.fr\/centre-hospitalier\/wp-json\/wp\/v2\/comments?post=3552"}],"version-history":[{"count":37,"href":"https:\/\/chdouelafontaine.fr\/centre-hospitalier\/wp-json\/wp\/v2\/pages\/3552\/revisions"}],"predecessor-version":[{"id":3987,"href":"https:\/\/chdouelafontaine.fr\/centre-hospitalier\/wp-json\/wp\/v2\/pages\/3552\/revisions\/3987"}],"wp:attachment":[{"href":"https:\/\/chdouelafontaine.fr\/centre-hospitalier\/wp-json\/wp\/v2\/media?parent=3552"}],"curies":[{"name":"wp","href":"https:\/\/api.w.org\/{rel}","templated":true}]}}