{"id":3627,"date":"2025-07-30T10:15:43","date_gmt":"2025-07-30T08:15:43","guid":{"rendered":"https:\/\/chdouelafontaine.fr\/centre-hospitalier\/?page_id=3627"},"modified":"2025-07-30T11:21:20","modified_gmt":"2025-07-30T09:21:20","slug":"preparez-votre-entree-en-hebergement-definitif","status":"publish","type":"page","link":"https:\/\/chdouelafontaine.fr\/centre-hospitalier\/preparez-votre-entree-en-hebergement-definitif\/","title":{"rendered":"PR\u00c9PAREZ VOTRE ENTR\u00c9E EN H\u00c9BERGEMENT D\u00c9FINITIF"},"content":{"rendered":"\n<h2 class=\"wp-block-heading\">L&rsquo;ACCUEIL EN H\u00c9BERGEMENT D\u00c9FINITIF<\/h2>\n\n\n\n<div class=\"wp-block-buttons is-content-justification-center is-layout-flex wp-container-core-buttons-is-layout-16018d1d wp-block-buttons-is-layout-flex\">\n<div class=\"wp-block-button\"><a class=\"wp-block-button__link has-background has-custom-font-size wp-element-button\" style=\"background-color:#6295db;font-size:16px\">Livret d&rsquo;accueil en EHPAD<\/a><\/div>\n<\/div>\n\n\n\n<p><\/p>\n\n\n\n<figure class=\"wp-block-image size-large\"><img loading=\"lazy\" decoding=\"async\" width=\"1024\" height=\"516\" src=\"https:\/\/chdouelafontaine.fr\/centre-hospitalier\/wp-content\/uploads\/2025\/07\/premiere-etape-1-1024x516.png\" alt=\"\" class=\"wp-image-3631\" srcset=\"https:\/\/chdouelafontaine.fr\/centre-hospitalier\/wp-content\/uploads\/2025\/07\/premiere-etape-1-1024x516.png 1024w, https:\/\/chdouelafontaine.fr\/centre-hospitalier\/wp-content\/uploads\/2025\/07\/premiere-etape-1-300x151.png 300w, https:\/\/chdouelafontaine.fr\/centre-hospitalier\/wp-content\/uploads\/2025\/07\/premiere-etape-1-768x387.png 768w, https:\/\/chdouelafontaine.fr\/centre-hospitalier\/wp-content\/uploads\/2025\/07\/premiere-etape-1-1536x774.png 1536w, https:\/\/chdouelafontaine.fr\/centre-hospitalier\/wp-content\/uploads\/2025\/07\/premiere-etape-1.png 2000w\" sizes=\"auto, (max-width: 1024px) 100vw, 1024px\" \/><\/figure>\n\n\n\n<figure class=\"wp-block-image size-large\"><img loading=\"lazy\" decoding=\"async\" width=\"1024\" height=\"407\" src=\"https:\/\/chdouelafontaine.fr\/centre-hospitalier\/wp-content\/uploads\/2025\/07\/deuxieme-etape-1024x407.png\" alt=\"\" class=\"wp-image-3634\" srcset=\"https:\/\/chdouelafontaine.fr\/centre-hospitalier\/wp-content\/uploads\/2025\/07\/deuxieme-etape-1024x407.png 1024w, https:\/\/chdouelafontaine.fr\/centre-hospitalier\/wp-content\/uploads\/2025\/07\/deuxieme-etape-300x119.png 300w, https:\/\/chdouelafontaine.fr\/centre-hospitalier\/wp-content\/uploads\/2025\/07\/deuxieme-etape-768x305.png 768w, https:\/\/chdouelafontaine.fr\/centre-hospitalier\/wp-content\/uploads\/2025\/07\/deuxieme-etape-1536x610.png 1536w, https:\/\/chdouelafontaine.fr\/centre-hospitalier\/wp-content\/uploads\/2025\/07\/deuxieme-etape.png 2000w\" sizes=\"auto, (max-width: 1024px) 100vw, 1024px\" \/><\/figure>\n\n\n\n<p><\/p>\n\n\n\n<p>En savoir plus : <a href=\"https:\/\/chdouelafontaine.fr\/centre-hospitalier\/ehpad\/le-calcul-des-frais-de-sejour\/\" data-type=\"link\" data-id=\"https:\/\/chdouelafontaine.fr\/centre-hospitalier\/ehpad\/le-calcul-des-frais-de-sejour\/\">Le calcul des Frais de S\u00e9jour<\/a><\/p>\n","protected":false},"excerpt":{"rendered":"<p>L&rsquo;ACCUEIL EN H\u00c9BERGEMENT D\u00c9FINITIF En savoir plus : Le calcul des Frais de S\u00e9jour<\/p>\n","protected":false},"author":6,"featured_media":0,"parent":0,"menu_order":0,"comment_status":"closed","ping_status":"closed","template":"","meta":{"footnotes":""},"class_list":["post-3627","page","type-page","status-publish","hentry"],"_links":{"self":[{"href":"https:\/\/chdouelafontaine.fr\/centre-hospitalier\/wp-json\/wp\/v2\/pages\/3627","targetHints":{"allow":["GET"]}}],"collection":[{"href":"https:\/\/chdouelafontaine.fr\/centre-hospitalier\/wp-json\/wp\/v2\/pages"}],"about":[{"href":"https:\/\/chdouelafontaine.fr\/centre-hospitalier\/wp-json\/wp\/v2\/types\/page"}],"author":[{"embeddable":true,"href":"https:\/\/chdouelafontaine.fr\/centre-hospitalier\/wp-json\/wp\/v2\/users\/6"}],"replies":[{"embeddable":true,"href":"https:\/\/chdouelafontaine.fr\/centre-hospitalier\/wp-json\/wp\/v2\/comments?post=3627"}],"version-history":[{"count":7,"href":"https:\/\/chdouelafontaine.fr\/centre-hospitalier\/wp-json\/wp\/v2\/pages\/3627\/revisions"}],"predecessor-version":[{"id":3643,"href":"https:\/\/chdouelafontaine.fr\/centre-hospitalier\/wp-json\/wp\/v2\/pages\/3627\/revisions\/3643"}],"wp:attachment":[{"href":"https:\/\/chdouelafontaine.fr\/centre-hospitalier\/wp-json\/wp\/v2\/media?parent=3627"}],"curies":[{"name":"wp","href":"https:\/\/api.w.org\/{rel}","templated":true}]}}