{"id":3651,"date":"2025-07-30T15:14:59","date_gmt":"2025-07-30T13:14:59","guid":{"rendered":"https:\/\/chdouelafontaine.fr\/centre-hospitalier\/?page_id=3651"},"modified":"2025-07-30T15:35:02","modified_gmt":"2025-07-30T13:35:02","slug":"preparation-de-linscription-a-laccueil-de-jour","status":"publish","type":"page","link":"https:\/\/chdouelafontaine.fr\/centre-hospitalier\/preparation-de-linscription-a-laccueil-de-jour\/","title":{"rendered":"PR\u00c9PARATION DE L&rsquo;INSCRIPTION \u00c0 L&rsquo;ACCUEIL DE JOUR"},"content":{"rendered":"\n<h2 class=\"wp-block-heading\">VOTRE INSCRIPTION \u00c0 L&rsquo;ACCUEIL DE JOUR <\/h2>\n\n\n\n<p style=\"font-size:17px\">Les d\u00e9marches \u00e0 effectuer sont les suivantes : <\/p>\n\n\n\n<figure class=\"wp-block-image size-large\"><img loading=\"lazy\" decoding=\"async\" width=\"1024\" height=\"496\" src=\"https:\/\/chdouelafontaine.fr\/centre-hospitalier\/wp-content\/uploads\/2025\/07\/5-1-1024x496.png\" alt=\"\" class=\"wp-image-3655\" srcset=\"https:\/\/chdouelafontaine.fr\/centre-hospitalier\/wp-content\/uploads\/2025\/07\/5-1-1024x496.png 1024w, https:\/\/chdouelafontaine.fr\/centre-hospitalier\/wp-content\/uploads\/2025\/07\/5-1-300x145.png 300w, https:\/\/chdouelafontaine.fr\/centre-hospitalier\/wp-content\/uploads\/2025\/07\/5-1-768x372.png 768w, https:\/\/chdouelafontaine.fr\/centre-hospitalier\/wp-content\/uploads\/2025\/07\/5-1-1536x744.png 1536w, https:\/\/chdouelafontaine.fr\/centre-hospitalier\/wp-content\/uploads\/2025\/07\/5-1.png 2000w\" sizes=\"auto, (max-width: 1024px) 100vw, 1024px\" \/><\/figure>\n\n\n\n<figure class=\"wp-block-image size-large\"><img loading=\"lazy\" decoding=\"async\" width=\"1024\" height=\"432\" src=\"https:\/\/chdouelafontaine.fr\/centre-hospitalier\/wp-content\/uploads\/2025\/07\/6-1024x432.png\" alt=\"\" class=\"wp-image-3656\" srcset=\"https:\/\/chdouelafontaine.fr\/centre-hospitalier\/wp-content\/uploads\/2025\/07\/6-1024x432.png 1024w, https:\/\/chdouelafontaine.fr\/centre-hospitalier\/wp-content\/uploads\/2025\/07\/6-300x126.png 300w, https:\/\/chdouelafontaine.fr\/centre-hospitalier\/wp-content\/uploads\/2025\/07\/6-768x324.png 768w, https:\/\/chdouelafontaine.fr\/centre-hospitalier\/wp-content\/uploads\/2025\/07\/6-1536x647.png 1536w, https:\/\/chdouelafontaine.fr\/centre-hospitalier\/wp-content\/uploads\/2025\/07\/6.png 2000w\" sizes=\"auto, (max-width: 1024px) 100vw, 1024px\" \/><\/figure>\n\n\n\n<figure class=\"wp-block-image size-large\"><img loading=\"lazy\" decoding=\"async\" width=\"1024\" height=\"400\" src=\"https:\/\/chdouelafontaine.fr\/centre-hospitalier\/wp-content\/uploads\/2025\/07\/7-1024x400.png\" alt=\"\" class=\"wp-image-3657\" srcset=\"https:\/\/chdouelafontaine.fr\/centre-hospitalier\/wp-content\/uploads\/2025\/07\/7-1024x400.png 1024w, https:\/\/chdouelafontaine.fr\/centre-hospitalier\/wp-content\/uploads\/2025\/07\/7-300x117.png 300w, https:\/\/chdouelafontaine.fr\/centre-hospitalier\/wp-content\/uploads\/2025\/07\/7-768x300.png 768w, https:\/\/chdouelafontaine.fr\/centre-hospitalier\/wp-content\/uploads\/2025\/07\/7-1536x601.png 1536w, https:\/\/chdouelafontaine.fr\/centre-hospitalier\/wp-content\/uploads\/2025\/07\/7.png 2000w\" sizes=\"auto, (max-width: 1024px) 100vw, 1024px\" \/><\/figure>\n\n\n\n<p>En savoir plus : <a href=\"https:\/\/chdouelafontaine.fr\/centre-hospitalier\/accueil-de-jour\/tarif-de-laccueil-de-jour\/\" data-type=\"link\" data-id=\"https:\/\/chdouelafontaine.fr\/centre-hospitalier\/accueil-de-jour\/tarif-de-laccueil-de-jour\/\">Les Tarifs<\/a> et <a href=\"https:\/\/chdouelafontaine.fr\/centre-hospitalier\/wp-content\/uploads\/2018\/02\/DOSSIER_INSCRIPTION_ACC_J.pdf\" data-type=\"link\" data-id=\"https:\/\/chdouelafontaine.fr\/centre-hospitalier\/wp-content\/uploads\/2018\/02\/DOSSIER_INSCRIPTION_ACC_J.pdf\">Dossier Accueil de Jour<\/a><\/p>\n\n\n\n<p><\/p>\n","protected":false},"excerpt":{"rendered":"<p>VOTRE INSCRIPTION \u00c0 L&rsquo;ACCUEIL DE JOUR Les d\u00e9marches \u00e0 effectuer sont les suivantes : En savoir plus : Les Tarifs et Dossier Accueil de Jour<\/p>\n","protected":false},"author":6,"featured_media":0,"parent":0,"menu_order":0,"comment_status":"closed","ping_status":"closed","template":"","meta":{"footnotes":""},"class_list":["post-3651","page","type-page","status-publish","hentry"],"_links":{"self":[{"href":"https:\/\/chdouelafontaine.fr\/centre-hospitalier\/wp-json\/wp\/v2\/pages\/3651","targetHints":{"allow":["GET"]}}],"collection":[{"href":"https:\/\/chdouelafontaine.fr\/centre-hospitalier\/wp-json\/wp\/v2\/pages"}],"about":[{"href":"https:\/\/chdouelafontaine.fr\/centre-hospitalier\/wp-json\/wp\/v2\/types\/page"}],"author":[{"embeddable":true,"href":"https:\/\/chdouelafontaine.fr\/centre-hospitalier\/wp-json\/wp\/v2\/users\/6"}],"replies":[{"embeddable":true,"href":"https:\/\/chdouelafontaine.fr\/centre-hospitalier\/wp-json\/wp\/v2\/comments?post=3651"}],"version-history":[{"count":5,"href":"https:\/\/chdouelafontaine.fr\/centre-hospitalier\/wp-json\/wp\/v2\/pages\/3651\/revisions"}],"predecessor-version":[{"id":3664,"href":"https:\/\/chdouelafontaine.fr\/centre-hospitalier\/wp-json\/wp\/v2\/pages\/3651\/revisions\/3664"}],"wp:attachment":[{"href":"https:\/\/chdouelafontaine.fr\/centre-hospitalier\/wp-json\/wp\/v2\/media?parent=3651"}],"curies":[{"name":"wp","href":"https:\/\/api.w.org\/{rel}","templated":true}]}}