{"id":3758,"date":"2025-08-01T16:12:30","date_gmt":"2025-08-01T14:12:30","guid":{"rendered":"https:\/\/chdouelafontaine.fr\/centre-hospitalier\/?page_id=3758"},"modified":"2025-08-01T17:21:08","modified_gmt":"2025-08-01T15:21:08","slug":"le-pole-dactivite-et-de-soins-adaptes-pasa","status":"publish","type":"page","link":"https:\/\/chdouelafontaine.fr\/centre-hospitalier\/le-pole-dactivite-et-de-soins-adaptes-pasa\/","title":{"rendered":"LE P\u00d4LE D&rsquo;ACTIVITE ET DE SOINS ADAPTES (PASA)"},"content":{"rendered":"\n<h2 class=\"wp-block-heading\">LE P.A.S.A<\/h2>\n\n\n\n<div class=\"wp-block-cover is-light\"><img loading=\"lazy\" decoding=\"async\" width=\"1000\" height=\"750\" class=\"wp-block-cover__image-background wp-image-1065 size-full\" alt=\"\" src=\"https:\/\/chdouelafontaine.fr\/centre-hospitalier\/wp-content\/uploads\/2018\/02\/009.jpg\" data-object-fit=\"cover\" srcset=\"https:\/\/chdouelafontaine.fr\/centre-hospitalier\/wp-content\/uploads\/2018\/02\/009.jpg 1000w, https:\/\/chdouelafontaine.fr\/centre-hospitalier\/wp-content\/uploads\/2018\/02\/009-300x225.jpg 300w, https:\/\/chdouelafontaine.fr\/centre-hospitalier\/wp-content\/uploads\/2018\/02\/009-768x576.jpg 768w\" sizes=\"auto, (max-width: 1000px) 100vw, 1000px\" \/><span aria-hidden=\"true\" class=\"wp-block-cover__background has-background-dim-0 has-background-dim\"><\/span><div class=\"wp-block-cover__inner-container is-layout-constrained wp-block-cover-is-layout-constrained\">\n<p class=\"has-text-align-center has-large-font-size\"><\/p>\n<\/div><\/div>\n\n\n\n<p><\/p>\n\n\n\n<p class=\"has-background\" style=\"background-color:#fa8085;font-size:17px\">Le service <strong>PASA <\/strong>est situ\u00e9 au Rez-de-Chauss\u00e9e de la R\u00e9sidence du Petit Bois, il accueille une moyenne de 12 r\u00e9sidents des deux sites<\/p>\n\n\n\n<p class=\"has-text-align-center has-text-color has-link-color wp-elements-b5b49abf786073ca2633571888390807\" style=\"color:#fa8085;font-size:23px\"><strong>Du lundi au vendredi de 10h00 \u00e0 16h30<\/strong><\/p>\n\n\n\n<h3 class=\"wp-block-heading has-text-align-left has-black-color has-text-color has-link-color wp-elements-843f17c3027b698aedd80a94d50ed8ca\" style=\"font-size:28px\">PUBLICS ACCUEILLIS<\/h3>\n\n\n\n<p class=\"has-background\" style=\"background-color:#fa8085;font-size:17px\">Ce sont des r\u00e9sidents h\u00e9berg\u00e9s dans l&rsquo;\u00e9tablissement atteints de la maladie d&rsquo;Alzheimer ou apparent\u00e9e, pr\u00e9sentant des troubles mod\u00e9r\u00e9s du comportement et ayant une autonomie qui r\u00e9pondent aux crit\u00e8res du projet de service. (Grille NPIES valid\u00e9e par le m\u00e9decin). Les demandes d&rsquo;inclusion \u00e9manent de l&rsquo;\u00e9quipe de soins ou des m\u00e9decins puis valid\u00e9es par le m\u00e9decin puis valid\u00e9es par le m\u00e9decin coordonnateur en accord avec le r\u00e9sident et la famille.<\/p>\n\n\n\n<h3 class=\"wp-block-heading has-text-align-left has-black-color has-text-color has-link-color wp-elements-29d1f2b8f7835d6c68b2e67a12744636\" style=\"font-size:28px\">LES PROFESSIONNELS <\/h3>\n\n\n\n<p class=\"has-background\" style=\"background-color:#fa8085;font-size:17px\">Des professionnels d\u00e9di\u00e9s : psychomotricien, aide m\u00e9dico-psychologique, assistant en soins g\u00e9rontologique, psychologues et agents de service hospitaliers, assurent chaque jour l&rsquo;accompagnement des r\u00e9sidents en adaptant aux personnes pr\u00e9sentes des activit\u00e9s collectives et\/ou individuelles r\u00e9pondant \u00e0 leur Projet d&rsquo;Accompagnement Personnalis\u00e9.<\/p>\n\n\n\n<figure class=\"wp-block-image size-large\"><img loading=\"lazy\" decoding=\"async\" width=\"1024\" height=\"346\" src=\"https:\/\/chdouelafontaine.fr\/centre-hospitalier\/wp-content\/uploads\/2025\/08\/PASAAAAAAAAAAAA-1024x346.png\" alt=\"\" class=\"wp-image-3809\" srcset=\"https:\/\/chdouelafontaine.fr\/centre-hospitalier\/wp-content\/uploads\/2025\/08\/PASAAAAAAAAAAAA-1024x346.png 1024w, https:\/\/chdouelafontaine.fr\/centre-hospitalier\/wp-content\/uploads\/2025\/08\/PASAAAAAAAAAAAA-300x101.png 300w, https:\/\/chdouelafontaine.fr\/centre-hospitalier\/wp-content\/uploads\/2025\/08\/PASAAAAAAAAAAAA-768x259.png 768w, https:\/\/chdouelafontaine.fr\/centre-hospitalier\/wp-content\/uploads\/2025\/08\/PASAAAAAAAAAAAA-1536x518.png 1536w, https:\/\/chdouelafontaine.fr\/centre-hospitalier\/wp-content\/uploads\/2025\/08\/PASAAAAAAAAAAAA.png 2000w\" sizes=\"auto, (max-width: 1024px) 100vw, 1024px\" \/><\/figure>\n\n\n\n<p><\/p>\n","protected":false},"excerpt":{"rendered":"<p>LE P.A.S.A Le service PASA est situ\u00e9 au Rez-de-Chauss\u00e9e de la R\u00e9sidence du Petit Bois, il accueille une moyenne de 12 r\u00e9sidents des deux sites Du lundi au vendredi de 10h00 \u00e0 16h30 PUBLICS ACCUEILLIS Ce sont des r\u00e9sidents h\u00e9berg\u00e9s dans l&rsquo;\u00e9tablissement atteints de la maladie d&rsquo;Alzheimer ou apparent\u00e9e, pr\u00e9sentant des troubles mod\u00e9r\u00e9s du comportement [&hellip;]<\/p>\n","protected":false},"author":6,"featured_media":0,"parent":0,"menu_order":0,"comment_status":"closed","ping_status":"closed","template":"","meta":{"footnotes":""},"class_list":["post-3758","page","type-page","status-publish","hentry"],"_links":{"self":[{"href":"https:\/\/chdouelafontaine.fr\/centre-hospitalier\/wp-json\/wp\/v2\/pages\/3758","targetHints":{"allow":["GET"]}}],"collection":[{"href":"https:\/\/chdouelafontaine.fr\/centre-hospitalier\/wp-json\/wp\/v2\/pages"}],"about":[{"href":"https:\/\/chdouelafontaine.fr\/centre-hospitalier\/wp-json\/wp\/v2\/types\/page"}],"author":[{"embeddable":true,"href":"https:\/\/chdouelafontaine.fr\/centre-hospitalier\/wp-json\/wp\/v2\/users\/6"}],"replies":[{"embeddable":true,"href":"https:\/\/chdouelafontaine.fr\/centre-hospitalier\/wp-json\/wp\/v2\/comments?post=3758"}],"version-history":[{"count":39,"href":"https:\/\/chdouelafontaine.fr\/centre-hospitalier\/wp-json\/wp\/v2\/pages\/3758\/revisions"}],"predecessor-version":[{"id":3813,"href":"https:\/\/chdouelafontaine.fr\/centre-hospitalier\/wp-json\/wp\/v2\/pages\/3758\/revisions\/3813"}],"wp:attachment":[{"href":"https:\/\/chdouelafontaine.fr\/centre-hospitalier\/wp-json\/wp\/v2\/media?parent=3758"}],"curies":[{"name":"wp","href":"https:\/\/api.w.org\/{rel}","templated":true}]}}