{"id":608,"date":"2017-11-09T17:28:19","date_gmt":"2017-11-09T16:28:19","guid":{"rendered":"http:\/\/localhost\/www\/ch_doue\/?page_id=608"},"modified":"2025-08-27T16:43:17","modified_gmt":"2025-08-27T14:43:17","slug":"repas-a-domicile","status":"publish","type":"page","link":"https:\/\/chdouelafontaine.fr\/centre-hospitalier\/prestations-externes\/repas-a-domicile\/","title":{"rendered":"Portage de repas \u00e0 domicile"},"content":{"rendered":"\n<h2 class=\"wp-block-heading has-text-align-center has-luminous-vivid-amber-color has-text-color has-link-color has-large-font-size wp-elements-c76f9850daf05fe7c482d19aedbf7826\">LIVRAISON DE REPAS \u00c0 DOMICILE<\/h2>\n\n\n\n<div class=\"wp-block-cover is-light\"><img loading=\"lazy\" decoding=\"async\" width=\"1024\" height=\"768\" class=\"wp-block-cover__image-background wp-image-3888 size-large\" alt=\"\" src=\"https:\/\/chdouelafontaine.fr\/centre-hospitalier\/wp-content\/uploads\/2025\/08\/IMG_7351-2-1024x768.jpg\" style=\"object-position:46% 15%\" data-object-fit=\"cover\" data-object-position=\"46% 15%\" srcset=\"https:\/\/chdouelafontaine.fr\/centre-hospitalier\/wp-content\/uploads\/2025\/08\/IMG_7351-2-1024x768.jpg 1024w, https:\/\/chdouelafontaine.fr\/centre-hospitalier\/wp-content\/uploads\/2025\/08\/IMG_7351-2-300x225.jpg 300w, https:\/\/chdouelafontaine.fr\/centre-hospitalier\/wp-content\/uploads\/2025\/08\/IMG_7351-2-768x576.jpg 768w, https:\/\/chdouelafontaine.fr\/centre-hospitalier\/wp-content\/uploads\/2025\/08\/IMG_7351-2-1536x1152.jpg 1536w, https:\/\/chdouelafontaine.fr\/centre-hospitalier\/wp-content\/uploads\/2025\/08\/IMG_7351-2-2048x1536.jpg 2048w\" sizes=\"auto, (max-width: 1024px) 100vw, 1024px\" \/><span aria-hidden=\"true\" class=\"wp-block-cover__background has-background-dim-0 has-background-dim\"><\/span><div class=\"wp-block-cover__inner-container is-layout-constrained wp-block-cover-is-layout-constrained\">\n<p class=\"has-text-align-center has-large-font-size\"><\/p>\n<\/div><\/div>\n\n\n\n<p><\/p>\n\n\n\n<p class=\"has-luminous-vivid-amber-background-color has-background\" style=\"font-size:20px\">Le Centre Hospitalier propose aux habitants de la r\u00e9gion de Dou\u00e9-en-Anjou et des communes avoisinantes (communes de livraison \u00e0 l&rsquo;int\u00e9rieur de l&rsquo;encadr\u00e9 rouge sur la carte ci-dessous),&nbsp;un repas complet conditionn\u00e9 en barquettes film\u00e9es \u00e0 r\u00e9chauffer.<\/p>\n\n\n\n<p><\/p>\n\n\n\n<div class=\"wp-block-columns is-layout-flex wp-container-core-columns-is-layout-9d6595d7 wp-block-columns-is-layout-flex\">\n<div class=\"wp-block-column is-layout-flow wp-block-column-is-layout-flow\">\n<p><\/p>\n\n\n\n<p class=\"has-text-align-center\" style=\"font-size:25px\"><strong>Le repas comprend&nbsp;:<\/strong><\/p>\n\n\n\n<ul class=\"wp-block-list\">\n<li class=\"has-medium-font-size\">un potage,<\/li>\n\n\n\n<li class=\"has-medium-font-size\">une entr\u00e9e,<\/li>\n\n\n\n<li class=\"has-medium-font-size\">un plat protidique (poisson ou viande),<\/li>\n\n\n\n<li class=\"has-medium-font-size\">une garniture (l\u00e9gume ou f\u00e9culent),<\/li>\n\n\n\n<li class=\"has-medium-font-size\">un fromage,<\/li>\n\n\n\n<li class=\"has-medium-font-size\">un dessert.<\/li>\n\n\n\n<li class=\"has-vivid-red-color has-text-color has-link-color wp-elements-752f2a4c8c83cc4b5734fcd1b91fa560\" style=\"font-size:17px\"><em><strong>Les boissons et le pain ne sont pas inclus dans la prestation.<\/strong><\/em><\/li>\n<\/ul>\n\n\n<\/div>\n\n\n\n<div class=\"wp-block-column is-layout-flow wp-block-column-is-layout-flow\"><div class=\"wp-block-image\">\n<figure class=\"alignright size-full\"><img loading=\"lazy\" decoding=\"async\" width=\"555\" height=\"345\" src=\"https:\/\/chdouelafontaine.fr\/centre-hospitalier\/wp-content\/uploads\/2025\/08\/RAD-3-1-rotated.jpg\" alt=\"\" class=\"wp-image-3895\" srcset=\"https:\/\/chdouelafontaine.fr\/centre-hospitalier\/wp-content\/uploads\/2025\/08\/RAD-3-1-rotated.jpg 555w, https:\/\/chdouelafontaine.fr\/centre-hospitalier\/wp-content\/uploads\/2025\/08\/RAD-3-1-300x186.jpg 300w\" sizes=\"auto, (max-width: 555px) 100vw, 555px\" \/><\/figure>\n<\/div><\/div>\n<\/div>\n\n\n\n<p><\/p>\n\n\n\n<div class=\"wp-block-columns is-layout-flex wp-container-core-columns-is-layout-9d6595d7 wp-block-columns-is-layout-flex\">\n<div class=\"wp-block-column is-layout-flow wp-block-column-is-layout-flow\"><div class=\"wp-block-image\">\n<figure class=\"alignleft size-full\"><img loading=\"lazy\" decoding=\"async\" width=\"480\" height=\"640\" src=\"https:\/\/chdouelafontaine.fr\/centre-hospitalier\/wp-content\/uploads\/2025\/08\/RAD-2.jpg\" alt=\"\" class=\"wp-image-3900\" srcset=\"https:\/\/chdouelafontaine.fr\/centre-hospitalier\/wp-content\/uploads\/2025\/08\/RAD-2.jpg 480w, https:\/\/chdouelafontaine.fr\/centre-hospitalier\/wp-content\/uploads\/2025\/08\/RAD-2-225x300.jpg 225w\" sizes=\"auto, (max-width: 480px) 100vw, 480px\" \/><\/figure>\n<\/div><\/div>\n\n\n\n<div class=\"wp-block-column is-vertically-aligned-center is-layout-flow wp-block-column-is-layout-flow\">\n<p style=\"font-size:19px\"><strong>Les conditions d&rsquo;utilisation du service de portage \u00e0 domicile : <\/strong><\/p>\n\n\n\n<ul class=\"wp-block-list\">\n<li class=\"has-medium-font-size\">Les menus vous sont transmis une semaine \u00e0 l\u2019avance. Il est possible de personnaliser son repas selon le r\u00e9gime ou le go\u00fbt de chacun (seuls les plats mix\u00e9s ne peuvent pas \u00eatre r\u00e9alis\u00e9s par le service restauration).<\/li>\n\n\n\n<li class=\"has-medium-font-size\">Les livraisons de repas par des chauffeurs-livreurs \u00e0 votre domicile ont lieu, <strong>la veille pour le lendemain<\/strong>&nbsp;(pour les repas du mardi au samedi midi), et <strong>le samedi apr\u00e8s-midi <\/strong>(pour les repas du dimanche et lundi).<\/li>\n\n\n\n<li class=\"has-medium-font-size\">En cas d\u2019hospitalisation, vous devez pr\u00e9venir imm\u00e9diatement par t\u00e9l\u00e9phone pour suspendre le service.<\/li>\n\n\n\n<li class=\"has-medium-font-size\">Pour une personne, la commande doit \u00eatre au minimum de 3 repas par semaine.<\/li>\n<\/ul>\n<\/div>\n<\/div>\n\n\n\n<p><\/p>\n\n\n\n<p class=\"has-text-align-center has-luminous-vivid-amber-background-color has-background has-medium-font-size\">Les inscriptions se font au num\u00e9ro suivant :<br><strong>02.41.83.46.15<br>Vous \u00eates ensuite livr\u00e9 dans les 2 \u00e0 3 jours.<\/strong><\/p>\n\n\n<div class=\"wp-block-image\">\n<figure class=\"aligncenter size-full\"><img loading=\"lazy\" decoding=\"async\" width=\"640\" height=\"618\" src=\"https:\/\/chdouelafontaine.fr\/centre-hospitalier\/wp-content\/uploads\/2025\/08\/RAD-1.jpg\" alt=\"\" class=\"wp-image-3906\" srcset=\"https:\/\/chdouelafontaine.fr\/centre-hospitalier\/wp-content\/uploads\/2025\/08\/RAD-1.jpg 640w, https:\/\/chdouelafontaine.fr\/centre-hospitalier\/wp-content\/uploads\/2025\/08\/RAD-1-300x290.jpg 300w\" sizes=\"auto, (max-width: 640px) 100vw, 640px\" \/><\/figure>\n<\/div>\n\n\n<p><\/p>\n\n\n\n<h3 class=\"wp-block-heading has-text-align-center has-black-color has-luminous-vivid-amber-background-color has-text-color has-background has-link-color wp-elements-1cbabe55a9093be3d01bb290736985ec\" style=\"font-size:28px\">TARIFICATION :<\/h3>\n\n\n\n<h5 style=\"text-align: center;\"><span style=\"text-decoration: underline;\"><strong>Le prix est fix\u00e9 \u00e0 <span style=\"color: #ff0000; text-decoration: underline;\">10.70\u20ac<\/span> au 01\/06\/2025.<\/strong><\/span><\/h5>\n\n\n\n<p><\/p>\n\n\n\n<p style=\"font-size:20px\">Des aides au repas peuvent \u00eatre vers\u00e9es soit par le Conseil D\u00e9partemental, soit par les caisses de retraite selon les conditions de revenus (renseignements aupr\u00e8s de la mairie du domicile).<\/p>\n\n\n\n<h3 class=\"wp-block-heading has-text-align-center has-luminous-vivid-amber-background-color has-background\" style=\"font-size:28px\">LA ZONE DE LIVRAISON<\/h3>\n\n\n\n<p style=\"font-size:20px\">Les repas \u00e0 domicile peuvent \u00eatre livr\u00e9s dans les villes ci-dessous et leurs hameaux : <\/p>\n\n\n\n<ul class=\"wp-block-list\">\n<li class=\"has-medium-font-size\">BROSSAY<\/li>\n\n\n\n<li class=\"has-medium-font-size\">CIZAY LA MADELAINE<\/li>\n\n\n\n<li class=\"has-medium-font-size\">COURCHAMPS<\/li>\n\n\n\n<li class=\"has-medium-font-size\">DOU\u00c9-EN-ANJOU<\/li>\n\n\n\n<li class=\"has-medium-font-size\">LE PUY NOTRE DAME<\/li>\n\n\n\n<li class=\"has-medium-font-size\">LOURESSE ROCHEMINIER<\/li>\n\n\n\n<li class=\"has-medium-font-size\">MONTREUIL BELLAY<\/li>\n\n\n\n<li class=\"has-medium-font-size\">SAINT MACAIRE DU BOIS<\/li>\n\n\n\n<li class=\"has-medium-font-size\">TUFFALUN<\/li>\n\n\n\n<li class=\"has-medium-font-size\">VAUDELNAY<\/li>\n<\/ul>\n\n\n\n<p class=\"has-vivid-cyan-blue-color has-text-color has-link-color has-medium-font-size wp-elements-d4b5640908a5ecf81539f580dbcd2b8e\"><strong>En cas de doute concernant la livraison des repas \u00e0 domicile dans votre commune ou votre hameau, n&rsquo;h\u00e9sitez pas \u00e0 contacter le service \u00c9conomat : 02.41.83.46.15 ou serviceseco@chdouelafontaine.fr<\/strong><\/p>\n\n\n\n<div class=\"wp-block-buttons is-content-justification-center is-layout-flex wp-container-core-buttons-is-layout-16018d1d wp-block-buttons-is-layout-flex\">\n<div class=\"wp-block-button has-custom-width wp-block-button__width-50 is-style-outline is-style-outline--1\"><a class=\"wp-block-button__link has-black-color has-luminous-vivid-amber-background-color has-text-color has-background has-link-color has-medium-font-size has-text-align-center has-custom-font-size wp-element-button\" href=\"https:\/\/chdouelafontaine.fr\/centre-hospitalier\/wp-content\/uploads\/2025\/08\/Plaquette-RAD-edition-2025.pdf\" style=\"border-radius:100px\">Livret du Service de Repas \u00e0 Domicile<\/a><\/div>\n<\/div>\n\n\n\n<p><\/p>\n","protected":false},"excerpt":{"rendered":"<p>LIVRAISON DE REPAS \u00c0 DOMICILE Le Centre Hospitalier propose aux habitants de la r\u00e9gion de Dou\u00e9-en-Anjou et des communes avoisinantes (communes de livraison \u00e0 l&rsquo;int\u00e9rieur de l&rsquo;encadr\u00e9 rouge sur la carte ci-dessous),&nbsp;un repas complet conditionn\u00e9 en barquettes film\u00e9es \u00e0 r\u00e9chauffer. Le repas comprend&nbsp;: Les conditions d&rsquo;utilisation du service de portage \u00e0 domicile : Les inscriptions [&hellip;]<\/p>\n","protected":false},"author":1,"featured_media":0,"parent":967,"menu_order":8,"comment_status":"closed","ping_status":"closed","template":"","meta":{"footnotes":""},"class_list":["post-608","page","type-page","status-publish","hentry"],"_links":{"self":[{"href":"https:\/\/chdouelafontaine.fr\/centre-hospitalier\/wp-json\/wp\/v2\/pages\/608","targetHints":{"allow":["GET"]}}],"collection":[{"href":"https:\/\/chdouelafontaine.fr\/centre-hospitalier\/wp-json\/wp\/v2\/pages"}],"about":[{"href":"https:\/\/chdouelafontaine.fr\/centre-hospitalier\/wp-json\/wp\/v2\/types\/page"}],"author":[{"embeddable":true,"href":"https:\/\/chdouelafontaine.fr\/centre-hospitalier\/wp-json\/wp\/v2\/users\/1"}],"replies":[{"embeddable":true,"href":"https:\/\/chdouelafontaine.fr\/centre-hospitalier\/wp-json\/wp\/v2\/comments?post=608"}],"version-history":[{"count":117,"href":"https:\/\/chdouelafontaine.fr\/centre-hospitalier\/wp-json\/wp\/v2\/pages\/608\/revisions"}],"predecessor-version":[{"id":3979,"href":"https:\/\/chdouelafontaine.fr\/centre-hospitalier\/wp-json\/wp\/v2\/pages\/608\/revisions\/3979"}],"up":[{"embeddable":true,"href":"https:\/\/chdouelafontaine.fr\/centre-hospitalier\/wp-json\/wp\/v2\/pages\/967"}],"wp:attachment":[{"href":"https:\/\/chdouelafontaine.fr\/centre-hospitalier\/wp-json\/wp\/v2\/media?parent=608"}],"curies":[{"name":"wp","href":"https:\/\/api.w.org\/{rel}","templated":true}]}}