{"id":610,"date":"2017-11-09T17:28:34","date_gmt":"2017-11-09T16:28:34","guid":{"rendered":"http:\/\/localhost\/www\/ch_doue\/?page_id=610"},"modified":"2026-04-07T15:06:05","modified_gmt":"2026-04-07T13:06:05","slug":"consultations-externes","status":"publish","type":"page","link":"https:\/\/chdouelafontaine.fr\/centre-hospitalier\/consultations-externes\/","title":{"rendered":"Consultations externes"},"content":{"rendered":"\n<div class=\"wp-block-cover is-light\" style=\"min-height:620px;aspect-ratio:unset;\"><img loading=\"lazy\" decoding=\"async\" width=\"1024\" height=\"768\" class=\"wp-block-cover__image-background wp-image-4133 size-large\" alt=\"\" src=\"https:\/\/chdouelafontaine.fr\/centre-hospitalier\/wp-content\/uploads\/2024\/07\/Photo-Dr-GALHI-1-1024x768.jpg\" data-object-fit=\"cover\" srcset=\"https:\/\/chdouelafontaine.fr\/centre-hospitalier\/wp-content\/uploads\/2024\/07\/Photo-Dr-GALHI-1-1024x768.jpg 1024w, https:\/\/chdouelafontaine.fr\/centre-hospitalier\/wp-content\/uploads\/2024\/07\/Photo-Dr-GALHI-1-300x225.jpg 300w, https:\/\/chdouelafontaine.fr\/centre-hospitalier\/wp-content\/uploads\/2024\/07\/Photo-Dr-GALHI-1-768x576.jpg 768w, https:\/\/chdouelafontaine.fr\/centre-hospitalier\/wp-content\/uploads\/2024\/07\/Photo-Dr-GALHI-1-1536x1152.jpg 1536w, https:\/\/chdouelafontaine.fr\/centre-hospitalier\/wp-content\/uploads\/2024\/07\/Photo-Dr-GALHI-1-2048x1536.jpg 2048w\" sizes=\"auto, (max-width: 1024px) 100vw, 1024px\" \/><span aria-hidden=\"true\" class=\"wp-block-cover__background has-background-dim\" style=\"background-color:#ae9e7e\"><\/span><div class=\"wp-block-cover__inner-container is-layout-flow wp-block-cover-is-layout-flow\">\n<p class=\"has-text-align-center has-large-font-size\"><\/p>\n<\/div><\/div>\n\n\n\n<p>\u00a0<\/p>\n<p>Le Centre Hospitalier de Dou\u00e9-en-Anjou dispose d\u2019un p\u00f4le de consultations externes\u00a0offrant un acc\u00e8s \u00e0 diverses sp\u00e9cialit\u00e9s m\u00e9dicales dont :<\/p>\n<ul>\n<li>Des consultations syndrome de fatigue chronique &amp; Covid long ;<\/li>\n<li>Des consultations addictologiques de proximit\u00e9 ;<\/li>\n<li>Des consultations d&rsquo;orthop\u00e9die.<\/li>\n<\/ul>\n<p>\u00a0<\/p>\n<p>\u00a0<\/p>\n\n\n\n\n\n<h2 class=\"wp-block-columns\"><span style=\"background-color: #33cccc; color: #000000;\"><strong>Consultations syndrome de fatigue chronique et Covid long<\/strong><\/span><\/h2>\n\n\n\n<figure class=\"wp-block-image size-large\"><img loading=\"lazy\" decoding=\"async\" width=\"724\" height=\"1024\" src=\"https:\/\/chdouelafontaine.fr\/centre-hospitalier\/wp-content\/uploads\/2025\/11\/Affiche-consultation-SFC.pdf-1-724x1024.png\" alt=\"\" class=\"wp-image-4144\" srcset=\"https:\/\/chdouelafontaine.fr\/centre-hospitalier\/wp-content\/uploads\/2025\/11\/Affiche-consultation-SFC.pdf-1-724x1024.png 724w, https:\/\/chdouelafontaine.fr\/centre-hospitalier\/wp-content\/uploads\/2025\/11\/Affiche-consultation-SFC.pdf-1-212x300.png 212w, https:\/\/chdouelafontaine.fr\/centre-hospitalier\/wp-content\/uploads\/2025\/11\/Affiche-consultation-SFC.pdf-1-768x1086.png 768w, https:\/\/chdouelafontaine.fr\/centre-hospitalier\/wp-content\/uploads\/2025\/11\/Affiche-consultation-SFC.pdf-1-1086x1536.png 1086w, https:\/\/chdouelafontaine.fr\/centre-hospitalier\/wp-content\/uploads\/2025\/11\/Affiche-consultation-SFC.pdf-1-1448x2048.png 1448w, https:\/\/chdouelafontaine.fr\/centre-hospitalier\/wp-content\/uploads\/2025\/11\/Affiche-consultation-SFC.pdf-1.png 1587w\" sizes=\"auto, (max-width: 724px) 100vw, 724px\" \/><\/figure>\n\n\n\n<div class=\"wp-block-columns is-layout-flex wp-container-core-columns-is-layout-9d6595d7 wp-block-columns-is-layout-flex\">\n<div class=\"wp-block-column is-layout-flow wp-block-column-is-layout-flow\"><\/div>\n\n\n\n<div class=\"wp-block-column is-layout-flow wp-block-column-is-layout-flow\"><\/div>\n\n\n\n<div class=\"wp-block-column is-layout-flow wp-block-column-is-layout-flow\"><\/div>\n<\/div>\n\n\n\n<p>\u00a0<\/p>\n<p>\u00a0<\/p>\n<h2 class=\"wp-block-columns\"><span style=\"color: #000000; background-color: #33cccc;\"><strong>Consultations addictologiques de proximit\u00e9<\/strong><\/span><\/h2>\n\n\n\n<figure class=\"wp-block-image size-large\"><img loading=\"lazy\" decoding=\"async\" width=\"724\" height=\"1024\" src=\"https:\/\/chdouelafontaine.fr\/centre-hospitalier\/wp-content\/uploads\/2026\/04\/AFFICHE-_-consultations-addicto-ALIA-CH-Doue-_-2024-11_vF_page-0001-724x1024.jpg\" alt=\"\" class=\"wp-image-4218\" srcset=\"https:\/\/chdouelafontaine.fr\/centre-hospitalier\/wp-content\/uploads\/2026\/04\/AFFICHE-_-consultations-addicto-ALIA-CH-Doue-_-2024-11_vF_page-0001-724x1024.jpg 724w, https:\/\/chdouelafontaine.fr\/centre-hospitalier\/wp-content\/uploads\/2026\/04\/AFFICHE-_-consultations-addicto-ALIA-CH-Doue-_-2024-11_vF_page-0001-212x300.jpg 212w, https:\/\/chdouelafontaine.fr\/centre-hospitalier\/wp-content\/uploads\/2026\/04\/AFFICHE-_-consultations-addicto-ALIA-CH-Doue-_-2024-11_vF_page-0001-768x1086.jpg 768w, https:\/\/chdouelafontaine.fr\/centre-hospitalier\/wp-content\/uploads\/2026\/04\/AFFICHE-_-consultations-addicto-ALIA-CH-Doue-_-2024-11_vF_page-0001-1086x1536.jpg 1086w, https:\/\/chdouelafontaine.fr\/centre-hospitalier\/wp-content\/uploads\/2026\/04\/AFFICHE-_-consultations-addicto-ALIA-CH-Doue-_-2024-11_vF_page-0001.jpg 1241w\" sizes=\"auto, (max-width: 724px) 100vw, 724px\" \/><\/figure>\n\n\n\n<p>&nbsp;<\/p>\n\n\n\n<p>\u00a0<\/p>\n<p>\u00a0<\/p>\n<h2><span style=\"background-color: #33cccc; color: #000000;\"><strong>Consultation d&rsquo;orthop\u00e9die<\/strong><\/span><\/h2>\n\n\n\n<figure class=\"wp-block-image size-large\"><img loading=\"lazy\" decoding=\"async\" width=\"724\" height=\"1024\" src=\"https:\/\/chdouelafontaine.fr\/centre-hospitalier\/wp-content\/uploads\/2026\/04\/Affiche-consultation-ortho-RS_page-0001-724x1024.jpg\" alt=\"\" class=\"wp-image-4219\" srcset=\"https:\/\/chdouelafontaine.fr\/centre-hospitalier\/wp-content\/uploads\/2026\/04\/Affiche-consultation-ortho-RS_page-0001-724x1024.jpg 724w, https:\/\/chdouelafontaine.fr\/centre-hospitalier\/wp-content\/uploads\/2026\/04\/Affiche-consultation-ortho-RS_page-0001-212x300.jpg 212w, https:\/\/chdouelafontaine.fr\/centre-hospitalier\/wp-content\/uploads\/2026\/04\/Affiche-consultation-ortho-RS_page-0001-768x1086.jpg 768w, https:\/\/chdouelafontaine.fr\/centre-hospitalier\/wp-content\/uploads\/2026\/04\/Affiche-consultation-ortho-RS_page-0001-1086x1536.jpg 1086w, https:\/\/chdouelafontaine.fr\/centre-hospitalier\/wp-content\/uploads\/2026\/04\/Affiche-consultation-ortho-RS_page-0001-1448x2048.jpg 1448w, https:\/\/chdouelafontaine.fr\/centre-hospitalier\/wp-content\/uploads\/2026\/04\/Affiche-consultation-ortho-RS_page-0001-scaled.jpg 1810w\" sizes=\"auto, (max-width: 724px) 100vw, 724px\" \/><\/figure>\n","protected":false},"excerpt":{"rendered":"<p>\u00a0 Le Centre Hospitalier de Dou\u00e9-en-Anjou dispose d\u2019un p\u00f4le de consultations externes\u00a0offrant un acc\u00e8s \u00e0 diverses sp\u00e9cialit\u00e9s m\u00e9dicales dont : Des consultations syndrome de fatigue chronique &amp; Covid long ; Des consultations addictologiques de proximit\u00e9 ; Des consultations d&rsquo;orthop\u00e9die. \u00a0 \u00a0 Consultations syndrome de fatigue chronique et Covid long \u00a0 \u00a0 Consultations addictologiques de proximit\u00e9 [&hellip;]<\/p>\n","protected":false},"author":1,"featured_media":0,"parent":0,"menu_order":9,"comment_status":"closed","ping_status":"closed","template":"","meta":{"footnotes":""},"class_list":["post-610","page","type-page","status-publish","hentry"],"_links":{"self":[{"href":"https:\/\/chdouelafontaine.fr\/centre-hospitalier\/wp-json\/wp\/v2\/pages\/610","targetHints":{"allow":["GET"]}}],"collection":[{"href":"https:\/\/chdouelafontaine.fr\/centre-hospitalier\/wp-json\/wp\/v2\/pages"}],"about":[{"href":"https:\/\/chdouelafontaine.fr\/centre-hospitalier\/wp-json\/wp\/v2\/types\/page"}],"author":[{"embeddable":true,"href":"https:\/\/chdouelafontaine.fr\/centre-hospitalier\/wp-json\/wp\/v2\/users\/1"}],"replies":[{"embeddable":true,"href":"https:\/\/chdouelafontaine.fr\/centre-hospitalier\/wp-json\/wp\/v2\/comments?post=610"}],"version-history":[{"count":40,"href":"https:\/\/chdouelafontaine.fr\/centre-hospitalier\/wp-json\/wp\/v2\/pages\/610\/revisions"}],"predecessor-version":[{"id":4228,"href":"https:\/\/chdouelafontaine.fr\/centre-hospitalier\/wp-json\/wp\/v2\/pages\/610\/revisions\/4228"}],"wp:attachment":[{"href":"https:\/\/chdouelafontaine.fr\/centre-hospitalier\/wp-json\/wp\/v2\/media?parent=610"}],"curies":[{"name":"wp","href":"https:\/\/api.w.org\/{rel}","templated":true}]}}