{"id":702,"date":"2017-11-28T12:05:51","date_gmt":"2017-11-28T11:05:51","guid":{"rendered":"http:\/\/localhost\/www\/ch_doue\/?page_id=702"},"modified":"2020-01-08T10:53:07","modified_gmt":"2020-01-08T09:53:07","slug":"le-pole-dactivites-et-de-soins-adaptes-pasa","status":"publish","type":"page","link":"https:\/\/chdouelafontaine.fr\/centre-hospitalier\/ehpad\/le-pole-dactivites-et-de-soins-adaptes-pasa\/","title":{"rendered":"Le p\u00f4le d&rsquo;activit\u00e9s et de soins adapt\u00e9s (PASA)"},"content":{"rendered":"<div class=\"chdoue-float-address color-ehpad\"><strong>CENTRE HOSPITALIER Secteur EHPAD<\/strong><br \/>\n30ter rue Saint-Fran\u00e7ois<br \/>\nDou\u00e9 la Fontaine<br \/>\n49700 Dou\u00e9-En-Anjou<\/div>\n<h2>Le P.A.S.A.<\/h2>\n<div id=\"metaslider-id-1436\" style=\"max-width: 400px;\" class=\"ml-slider-3-105-0 metaslider metaslider-flex metaslider-1436 ml-slider alignleft_slider ms-theme-default nav-hidden\" role=\"region\" aria-label=\"PASA\" data-height=\"250\" data-width=\"400\">\n    <div id=\"metaslider_container_1436\">\n        <div id=\"metaslider_1436\">\n            <ul class='slides'>\n                <li style=\"display: block; width: 100%;\" class=\"slide-1438 ms-image \" aria-roledescription=\"slide\" data-date=\"2018-02-13 14:09:09\" data-filename=\"DOU42-1-400x250.jpg\" data-slide-type=\"image\"><img loading=\"lazy\" decoding=\"async\" src=\"https:\/\/chdouelafontaine.fr\/centre-hospitalier\/wp-content\/uploads\/2018\/02\/DOU42-1-400x250.jpg\" height=\"250\" width=\"400\" alt=\"\" class=\"slider-1436 slide-1438 msDefaultImage\" \/><\/li>\n                <li style=\"display: none; width: 100%;\" class=\"slide-1440 ms-image \" aria-roledescription=\"slide\" data-date=\"2018-02-13 14:09:09\" data-filename=\"011-400x250.jpg\" data-slide-type=\"image\"><img loading=\"lazy\" decoding=\"async\" src=\"https:\/\/chdouelafontaine.fr\/centre-hospitalier\/wp-content\/uploads\/2018\/02\/011-400x250.jpg\" height=\"250\" width=\"400\" alt=\"\" class=\"slider-1436 slide-1440 msDefaultImage\" \/><\/li>\n                <li style=\"display: none; width: 100%;\" class=\"slide-1442 ms-image \" aria-roledescription=\"slide\" data-date=\"2018-02-13 14:09:09\" data-filename=\"010-400x250.jpg\" data-slide-type=\"image\"><img loading=\"lazy\" decoding=\"async\" src=\"https:\/\/chdouelafontaine.fr\/centre-hospitalier\/wp-content\/uploads\/2018\/02\/010-400x250.jpg\" height=\"250\" width=\"400\" alt=\"\" class=\"slider-1436 slide-1442 msDefaultImage\" \/><\/li>\n                <li style=\"display: none; width: 100%;\" class=\"slide-1444 ms-image \" aria-roledescription=\"slide\" data-date=\"2018-02-13 14:09:10\" data-filename=\"009-400x250.jpg\" data-slide-type=\"image\"><img loading=\"lazy\" decoding=\"async\" src=\"https:\/\/chdouelafontaine.fr\/centre-hospitalier\/wp-content\/uploads\/2018\/02\/009-400x250.jpg\" height=\"250\" width=\"400\" alt=\"\" class=\"slider-1436 slide-1444 msDefaultImage\" \/><\/li>\n                <li style=\"display: none; width: 100%;\" class=\"slide-1446 ms-image \" aria-roledescription=\"slide\" data-date=\"2018-02-13 14:09:10\" data-filename=\"008-400x250.jpg\" data-slide-type=\"image\"><img loading=\"lazy\" decoding=\"async\" src=\"https:\/\/chdouelafontaine.fr\/centre-hospitalier\/wp-content\/uploads\/2018\/02\/008-400x250.jpg\" height=\"250\" width=\"400\" alt=\"\" class=\"slider-1436 slide-1446 msDefaultImage\" \/><\/li>\n            <\/ul>\n        <\/div>\n        \n    <\/div>\n<\/div>\n<p>Le service\u00a0<strong>PASA<\/strong>\u00a0est situ\u00e9 au Rez-de-Chauss\u00e9e de la R\u00e9sidence du Petit Bois, il accueille une moyenne de 12 r\u00e9sidents des deux sites.<\/p>\n<p><strong style=\"color: #3366ff;\">Du lundi au vendredi de 10H00 \u00e0 16H30<\/strong><\/p>\n<p>&nbsp;<\/p>\n<hr \/>\n<h5>Publics accueillis<\/h5>\n<p>Ce sont des r\u00e9sidents h\u00e9berg\u00e9s dans l\u2019\u00e9tablissement atteints de la maladie d\u2019Alzheimer ou apparent\u00e9e, pr\u00e9sentant des troubles mod\u00e9r\u00e9s du comportement et ayant une autonomie qui r\u00e9pondent aux crit\u00e8res du projet de service. (Grille NPIES valid\u00e9e par le m\u00e9decin)<br \/>\nLes demandes d\u2019inclusion \u00e9manent de l\u2019\u00e9quipe de soins ou des m\u00e9decins puis valid\u00e9es par le m\u00e9decin coordonnateur en accord avec le r\u00e9sident et la famille.<\/p>\n<h5>Les professionnels<\/h5>\n<p>Des professionnels d\u00e9di\u00e9s\u00a0: psychomotricien, aide m\u00e9dico-psychologique, assistant en soins g\u00e9rontologique, psychologues et agents de service hospitaliers, assurent chaque jour l\u2019accompagnement des r\u00e9sidents en adaptant aux personnes pr\u00e9sentes des activit\u00e9s collectives et\/ou individuelles r\u00e9pondant \u00e0 leur Projet d\u2019Accompagnement Personnalis\u00e9.<\/p>\n<h5>Les objectifs du PASA<a href=\"https:\/\/chdouelafontaine.fr\/centre-hospitalier\/wp-content\/uploads\/2018\/02\/007.jpg\"><img loading=\"lazy\" decoding=\"async\" class=\"size-medium wp-image-1063 alignright\" src=\"https:\/\/chdouelafontaine.fr\/centre-hospitalier\/wp-content\/uploads\/2018\/02\/007-225x300.jpg\" alt=\"\" width=\"225\" height=\"300\" srcset=\"https:\/\/chdouelafontaine.fr\/centre-hospitalier\/wp-content\/uploads\/2018\/02\/007-225x300.jpg 225w, https:\/\/chdouelafontaine.fr\/centre-hospitalier\/wp-content\/uploads\/2018\/02\/007.jpg 750w\" sizes=\"auto, (max-width: 225px) 100vw, 225px\" \/><\/a><\/h5>\n<ul style=\"list-style-type: square;\">\n<li>Maintenir le lien social\u00a0;<\/li>\n<li>Mobiliser les fonctions sensorielles\u00a0;<\/li>\n<li>Retrouver les gestes de la vie quotidienne\u00a0;<\/li>\n<li>Stimuler, r\u00e9habiliter les fonctions cognitives restantes\u00a0;<\/li>\n<li>Pr\u00e9venir les troubles de la marche et de l\u2019\u00e9quilibre.<\/li>\n<\/ul>\n<p>&nbsp;<\/p>\n<p>&nbsp;<\/p>\n","protected":false},"excerpt":{"rendered":"<p>CENTRE HOSPITALIER Secteur EHPAD 30ter rue Saint-Fran\u00e7ois Dou\u00e9 la Fontaine 49700 Dou\u00e9-En-Anjou Le P.A.S.A. Le service\u00a0PASA\u00a0est situ\u00e9 au Rez-de-Chauss\u00e9e de la R\u00e9sidence du Petit Bois, il accueille une moyenne de 12 r\u00e9sidents des deux sites. Du lundi au vendredi de 10H00 \u00e0 16H30 &nbsp; Publics accueillis Ce sont des r\u00e9sidents h\u00e9berg\u00e9s dans l\u2019\u00e9tablissement atteints de [&hellip;]<\/p>\n","protected":false},"author":1,"featured_media":0,"parent":959,"menu_order":5,"comment_status":"closed","ping_status":"closed","template":"","meta":{"footnotes":""},"class_list":["post-702","page","type-page","status-publish","hentry"],"_links":{"self":[{"href":"https:\/\/chdouelafontaine.fr\/centre-hospitalier\/wp-json\/wp\/v2\/pages\/702","targetHints":{"allow":["GET"]}}],"collection":[{"href":"https:\/\/chdouelafontaine.fr\/centre-hospitalier\/wp-json\/wp\/v2\/pages"}],"about":[{"href":"https:\/\/chdouelafontaine.fr\/centre-hospitalier\/wp-json\/wp\/v2\/types\/page"}],"author":[{"embeddable":true,"href":"https:\/\/chdouelafontaine.fr\/centre-hospitalier\/wp-json\/wp\/v2\/users\/1"}],"replies":[{"embeddable":true,"href":"https:\/\/chdouelafontaine.fr\/centre-hospitalier\/wp-json\/wp\/v2\/comments?post=702"}],"version-history":[{"count":37,"href":"https:\/\/chdouelafontaine.fr\/centre-hospitalier\/wp-json\/wp\/v2\/pages\/702\/revisions"}],"predecessor-version":[{"id":3216,"href":"https:\/\/chdouelafontaine.fr\/centre-hospitalier\/wp-json\/wp\/v2\/pages\/702\/revisions\/3216"}],"up":[{"embeddable":true,"href":"https:\/\/chdouelafontaine.fr\/centre-hospitalier\/wp-json\/wp\/v2\/pages\/959"}],"wp:attachment":[{"href":"https:\/\/chdouelafontaine.fr\/centre-hospitalier\/wp-json\/wp\/v2\/media?parent=702"}],"curies":[{"name":"wp","href":"https:\/\/api.w.org\/{rel}","templated":true}]}}