{"id":741,"date":"2017-11-28T17:18:35","date_gmt":"2017-11-28T16:18:35","guid":{"rendered":"http:\/\/localhost\/www\/ch_doue\/?page_id=741"},"modified":"2022-07-29T16:36:57","modified_gmt":"2022-07-29T14:36:57","slug":"espace-pro","status":"publish","type":"page","link":"https:\/\/chdouelafontaine.fr\/centre-hospitalier\/espace-pro\/","title":{"rendered":"Espace pro"},"content":{"rendered":"<h2>Espace pro<\/h2>\n<h5>Offres <span style=\"font-size: 14pt;\">d\u2019emplois<\/span><\/h5>\n<p><span style=\"color: #ff0000;\">Le Centre Hospitalier de Dou\u00e9-en-Anjou recrute :\u00a0<\/span><\/p>\n<ul>\n<li>un(e) Responsable Syst\u00e8mes d&rsquo;Information (<a href=\"https:\/\/chdouelafontaine.fr\/centre-hospitalier\/wp-content\/uploads\/2022\/07\/annonce-recrutement-responsable-SI.-29-07-2022.docx\" target=\"_blank\" rel=\"noopener\">annonce<\/a>)<\/li>\n<li><span style=\"color: #ff0000;\">un(e) infirmier(e)<\/span><\/li>\n<li><span style=\"color: #ff0000;\">un(e) aide-soignant(e)<\/span><\/li>\n<li><span style=\"color: #ff0000;\">un(e) agent(e) des services hospitaliers<\/span><\/li>\n<\/ul>\n<p>Les offres d\u2019emplois sont publi\u00e9es sur le site de la F\u00e9d\u00e9ration Hospitali\u00e8re de France et de P\u00f4le emploi.<\/p>\n<ul style=\"list-style-type: square;\">\n<li><a href=\"https:\/\/emploi.fhf.fr\/offres-etablissement.php?id_struct=1265\" target=\"_blank\" rel=\"noopener noreferrer\">F\u00e9d\u00e9ration Hospitali\u00e8re de France (Offres d&#8217;emploi, Pays de la Loire)<\/a><\/li>\n<li><a href=\"https:\/\/candidat.pole-emploi.fr\/offres\/recherche?domaine=J&amp;lieux=49125&amp;offresPartenaires=true&amp;rayon=10&amp;tri=0\" target=\"_blank\" rel=\"noopener noreferrer\">P\u00f4le Emploi (Offres d&#8217;emploi, Dou\u00e9-En-Anjou)<\/a>, R\u00e9f\u00e9rence HOPITAL LOCAL &#8211; Pensez \u00e0 affiner la recherche par le menu \u00ab\u00a0Domaine professionnel\u00a0\u00bb<\/li>\n<\/ul>\n<h5>Candidatures spontan\u00e9es et demandes de stages<\/h5>\n<p><strong>Il vous est possible d\u2019adresser une candidature spontan\u00e9e ou une demande de stage en<\/strong><strong> postulant en ligne :<br \/>\n<\/strong><\/p>\n\n<div class=\"wpcf7 no-js\" id=\"wpcf7-f744-o1\" lang=\"fr-FR\" dir=\"ltr\" data-wpcf7-id=\"744\">\n<div class=\"screen-reader-response\"><p role=\"status\" aria-live=\"polite\" aria-atomic=\"true\"><\/p> <ul><\/ul><\/div>\n<form action=\"\/centre-hospitalier\/wp-json\/wp\/v2\/pages\/741#wpcf7-f744-o1\" method=\"post\" class=\"wpcf7-form init\" aria-label=\"Formulaire de contact\" enctype=\"multipart\/form-data\" novalidate=\"novalidate\" data-status=\"init\">\n<fieldset class=\"hidden-fields-container\"><input type=\"hidden\" name=\"_wpcf7\" value=\"744\" \/><input type=\"hidden\" name=\"_wpcf7_version\" value=\"6.1.5\" \/><input type=\"hidden\" name=\"_wpcf7_locale\" value=\"fr_FR\" \/><input type=\"hidden\" name=\"_wpcf7_unit_tag\" value=\"wpcf7-f744-o1\" \/><input type=\"hidden\" name=\"_wpcf7_container_post\" value=\"0\" \/><input type=\"hidden\" name=\"_wpcf7_posted_data_hash\" value=\"\" \/><input type=\"hidden\" name=\"_wpcf7_recaptcha_response\" value=\"\" \/>\n<\/fieldset>\n<p>M\u00e9tier concern\u00e9 :<br \/>\n<span class=\"wpcf7-form-control-wrap\" data-name=\"Metier\"><span class=\"wpcf7-form-control wpcf7-radio\"><span class=\"wpcf7-list-item first\"><label><input type=\"radio\" name=\"Metier\" value=\"Emploi\" checked=\"checked\" \/><span class=\"wpcf7-list-item-label\">Emploi<\/span><\/label><\/span><span class=\"wpcf7-list-item last\"><label><input type=\"radio\" name=\"Metier\" value=\"Stage\" \/><span class=\"wpcf7-list-item-label\">Stage<\/span><\/label><\/span><\/span><\/span>\n<\/p>\n<p>Temps de travail :<br \/>\n<span class=\"wpcf7-form-control-wrap\" data-name=\"Temps-travail\"><span class=\"wpcf7-form-control wpcf7-checkbox\"><span class=\"wpcf7-list-item first\"><label><input type=\"checkbox\" name=\"Temps-travail[]\" value=\"Temps plein\" \/><span class=\"wpcf7-list-item-label\">Temps plein<\/span><\/label><\/span><span class=\"wpcf7-list-item\"><label><input type=\"checkbox\" name=\"Temps-travail[]\" value=\"Temps partiel\" \/><span class=\"wpcf7-list-item-label\">Temps partiel<\/span><\/label><\/span><span class=\"wpcf7-list-item last\"><label><input type=\"checkbox\" name=\"Temps-travail[]\" value=\"Indiff\u00e9rent\" \/><span class=\"wpcf7-list-item-label\">Indiff\u00e9rent<\/span><\/label><\/span><\/span><\/span>\n<\/p>\n<p>Type d'emploi :<br \/>\n<span class=\"wpcf7-form-control-wrap\" data-name=\"Type-emploi\"><span class=\"wpcf7-form-control wpcf7-checkbox\"><span class=\"wpcf7-list-item first\"><label><input type=\"checkbox\" name=\"Type-emploi[]\" value=\"Mutation\" \/><span class=\"wpcf7-list-item-label\">Mutation<\/span><\/label><\/span><span class=\"wpcf7-list-item\"><label><input type=\"checkbox\" name=\"Type-emploi[]\" value=\"D\u00e9tachement\" \/><span class=\"wpcf7-list-item-label\">D\u00e9tachement<\/span><\/label><\/span><span class=\"wpcf7-list-item\"><label><input type=\"checkbox\" name=\"Type-emploi[]\" value=\"CDD\" \/><span class=\"wpcf7-list-item-label\">CDD<\/span><\/label><\/span><span class=\"wpcf7-list-item last\"><label><input type=\"checkbox\" name=\"Type-emploi[]\" value=\"CDI\" \/><span class=\"wpcf7-list-item-label\">CDI<\/span><\/label><\/span><\/span><\/span>\n<\/p>\n<p><label> Date de disponibilit\u00e9 :<br \/>\n<span class=\"wpcf7-form-control-wrap\" data-name=\"Disponibilite\"><input class=\"wpcf7-form-control wpcf7-date wpcf7-validates-as-date contact-mid-input\" aria-invalid=\"false\" value=\"\" type=\"date\" name=\"Disponibilite\" \/><\/span><\/label>\n<\/p>\n<p>Civilit\u00e9 :<br \/>\n<span class=\"wpcf7-form-control-wrap\" data-name=\"Civilite\"><span class=\"wpcf7-form-control wpcf7-radio\"><span class=\"wpcf7-list-item first\"><label><input type=\"radio\" name=\"Civilite\" value=\"Mr\" checked=\"checked\" \/><span class=\"wpcf7-list-item-label\">Mr<\/span><\/label><\/span><span class=\"wpcf7-list-item last\"><label><input type=\"radio\" name=\"Civilite\" value=\"Mme\" \/><span class=\"wpcf7-list-item-label\">Mme<\/span><\/label><\/span><\/span><\/span><br \/>\n<label> Nom :<br \/>\n<span class=\"wpcf7-form-control-wrap\" data-name=\"Nom\"><input size=\"40\" maxlength=\"400\" class=\"wpcf7-form-control wpcf7-text wpcf7-validates-as-required\" aria-required=\"true\" aria-invalid=\"false\" value=\"\" type=\"text\" name=\"Nom\" \/><\/span> <\/label><label> Pr\u00e9nom :<br \/>\n<span class=\"wpcf7-form-control-wrap\" data-name=\"Prenom\"><input size=\"40\" maxlength=\"400\" class=\"wpcf7-form-control wpcf7-text wpcf7-validates-as-required\" aria-required=\"true\" aria-invalid=\"false\" value=\"\" type=\"text\" name=\"Prenom\" \/><\/span> <\/label>\n<\/p>\n<p><label> Adresse :<br \/>\n<span class=\"wpcf7-form-control-wrap\" data-name=\"Adresse\"><input size=\"40\" maxlength=\"400\" class=\"wpcf7-form-control wpcf7-text wpcf7-validates-as-required contact-large-input\" aria-required=\"true\" aria-invalid=\"false\" value=\"\" type=\"text\" name=\"Adresse\" \/><\/span> <\/label><br \/>\n<label> Code postal :<br \/>\n<span class=\"wpcf7-form-control-wrap\" data-name=\"Code-postal\"><input size=\"40\" maxlength=\"400\" class=\"wpcf7-form-control wpcf7-text wpcf7-validates-as-required\" aria-required=\"true\" aria-invalid=\"false\" value=\"\" type=\"text\" name=\"Code-postal\" \/><\/span><\/label><label> Ville :<br \/>\n<span class=\"wpcf7-form-control-wrap\" data-name=\"Ville\"><input size=\"40\" maxlength=\"400\" class=\"wpcf7-form-control wpcf7-text wpcf7-validates-as-required\" aria-required=\"true\" aria-invalid=\"false\" value=\"\" type=\"text\" name=\"Ville\" \/><\/span><\/label>\n<\/p>\n<p><label> Adresse de messagerie :<br \/>\n<span class=\"wpcf7-form-control-wrap\" data-name=\"Email\"><input size=\"40\" maxlength=\"400\" class=\"wpcf7-form-control wpcf7-email wpcf7-validates-as-required wpcf7-text wpcf7-validates-as-email\" aria-required=\"true\" aria-invalid=\"false\" value=\"\" type=\"email\" name=\"Email\" \/><\/span> <\/label><label>T\u00e9l\u00e9phone :<br \/>\n<span class=\"wpcf7-form-control-wrap\" data-name=\"Telephone\"><input size=\"40\" maxlength=\"400\" class=\"wpcf7-form-control wpcf7-tel wpcf7-validates-as-required wpcf7-text wpcf7-validates-as-tel\" aria-required=\"true\" aria-invalid=\"false\" value=\"\" type=\"tel\" name=\"Telephone\" \/><\/span><\/label>\n<\/p>\n<p><label> CV :<br \/>\n<span class=\"wpcf7-form-control-wrap\" data-name=\"CV\"><input size=\"40\" class=\"wpcf7-form-control wpcf7-file\" accept=\".pdf,.jpg,.png\" aria-invalid=\"false\" type=\"file\" name=\"CV\" \/><\/span><\/label>\n<\/p>\n<p><label> Lettre de motivation :<br \/>\n<span class=\"wpcf7-form-control-wrap\" data-name=\"Motivation\"><input size=\"40\" class=\"wpcf7-form-control wpcf7-file\" accept=\".pdf,.jpg,.png\" aria-invalid=\"false\" type=\"file\" name=\"Motivation\" \/><\/span><\/label>\n<\/p>\n<p><label> Commentaires :<br \/>\n<span class=\"wpcf7-form-control-wrap\" data-name=\"Commentaires\"><textarea cols=\"40\" rows=\"10\" maxlength=\"2000\" class=\"wpcf7-form-control wpcf7-textarea\" aria-invalid=\"false\" name=\"Commentaires\"><\/textarea><\/span><\/label>\n<\/p>\n<p><input class=\"wpcf7-form-control wpcf7-submit has-spinner\" type=\"submit\" value=\"Envoyer\" \/>\n<\/p><div class=\"wpcf7-response-output\" aria-hidden=\"true\"><\/div>\n<\/form>\n<\/div>\n\n<p style=\"text-align: left;\"><strong>Ou par courrier \u00e0 l\u2019adresse\u00a0:<\/strong><\/p>\n<p style=\"text-align: left;\"><strong>CENTRE HOSPITALIER<\/strong><br \/>\n30ter Rue Saint-Fran\u00e7ois<br \/>\nDOU\u00c9 LA FONTAINE<br \/>\nBP 50039<br \/>\n49700 DOU\u00c9 EN ANJOU<\/p>\n","protected":false},"excerpt":{"rendered":"<p>Espace pro Offres d\u2019emplois Le Centre Hospitalier de Dou\u00e9-en-Anjou recrute :\u00a0 un(e) Responsable Syst\u00e8mes d&rsquo;Information (annonce) un(e) infirmier(e) un(e) aide-soignant(e) un(e) agent(e) des services hospitaliers Les offres d\u2019emplois sont publi\u00e9es sur le site de la F\u00e9d\u00e9ration Hospitali\u00e8re de France et de P\u00f4le emploi. F\u00e9d\u00e9ration Hospitali\u00e8re de France (Offres d&#8217;emploi, Pays de la Loire) P\u00f4le Emploi [&hellip;]<\/p>\n","protected":false},"author":1,"featured_media":0,"parent":0,"menu_order":25,"comment_status":"closed","ping_status":"closed","template":"","meta":{"footnotes":""},"class_list":["post-741","page","type-page","status-publish","hentry"],"_links":{"self":[{"href":"https:\/\/chdouelafontaine.fr\/centre-hospitalier\/wp-json\/wp\/v2\/pages\/741","targetHints":{"allow":["GET"]}}],"collection":[{"href":"https:\/\/chdouelafontaine.fr\/centre-hospitalier\/wp-json\/wp\/v2\/pages"}],"about":[{"href":"https:\/\/chdouelafontaine.fr\/centre-hospitalier\/wp-json\/wp\/v2\/types\/page"}],"author":[{"embeddable":true,"href":"https:\/\/chdouelafontaine.fr\/centre-hospitalier\/wp-json\/wp\/v2\/users\/1"}],"replies":[{"embeddable":true,"href":"https:\/\/chdouelafontaine.fr\/centre-hospitalier\/wp-json\/wp\/v2\/comments?post=741"}],"version-history":[{"count":13,"href":"https:\/\/chdouelafontaine.fr\/centre-hospitalier\/wp-json\/wp\/v2\/pages\/741\/revisions"}],"predecessor-version":[{"id":2788,"href":"https:\/\/chdouelafontaine.fr\/centre-hospitalier\/wp-json\/wp\/v2\/pages\/741\/revisions\/2788"}],"wp:attachment":[{"href":"https:\/\/chdouelafontaine.fr\/centre-hospitalier\/wp-json\/wp\/v2\/media?parent=741"}],"curies":[{"name":"wp","href":"https:\/\/api.w.org\/{rel}","templated":true}]}}