{"id":747,"date":"2017-11-29T11:20:11","date_gmt":"2017-11-29T10:20:11","guid":{"rendered":"http:\/\/localhost\/www\/ch_doue\/?page_id=747"},"modified":"2025-08-28T16:04:10","modified_gmt":"2025-08-28T14:04:10","slug":"votre-sejour-au-quotidien","status":"publish","type":"page","link":"https:\/\/chdouelafontaine.fr\/centre-hospitalier\/ehpad\/votre-sejour-au-quotidien\/","title":{"rendered":"Votre s\u00e9jour au quotidien en EHPAD"},"content":{"rendered":"\n<h2 class=\"wp-block-heading has-text-align-center\">VOTRE S\u00c9JOUR DE A&#8230; \u00c0&#8230; Z<\/h2>\n\n\n\n<div id=\"metaslider-id-4013\" style=\"width: 100%; margin: 0 auto;\" class=\"ml-slider-3-105-0 metaslider metaslider-flex metaslider-4013 ml-slider ms-theme-default nav-hidden\" role=\"region\" aria-label=\"Votre s\u00e9jour de A \u00e0 Z\" data-height=\"650\" data-width=\"1400\">\n    <div id=\"metaslider_container_4013\">\n        <div id=\"metaslider_4013\">\n            <ul class='slides'>\n                <li style=\"display: block; width: 100%;\" class=\"slide-4018 ms-image \" aria-roledescription=\"slide\" data-date=\"2025-08-28 12:46:34\" data-filename=\"EHPAD-Anim-700-scaled-1400x650.jpg\" data-slide-type=\"image\"><img loading=\"lazy\" decoding=\"async\" src=\"https:\/\/chdouelafontaine.fr\/centre-hospitalier\/wp-content\/uploads\/2025\/08\/EHPAD-Anim-700-scaled-1400x650.jpg\" height=\"650\" width=\"1400\" alt=\"\" class=\"slider-4013 slide-4018 msDefaultImage\" title=\"EHPAD Anim 700\" \/><\/li>\n                <li style=\"display: none; width: 100%;\" class=\"slide-4017 ms-image \" aria-roledescription=\"slide\" data-date=\"2025-08-28 12:46:34\" data-filename=\"EHPAD-1-scaled-1400x650.jpg\" data-slide-type=\"image\"><img loading=\"lazy\" decoding=\"async\" src=\"https:\/\/chdouelafontaine.fr\/centre-hospitalier\/wp-content\/uploads\/2025\/08\/EHPAD-1-scaled-1400x650.jpg\" height=\"650\" width=\"1400\" alt=\"\" class=\"slider-4013 slide-4017 msDefaultImage\" title=\"EHPAD 1\" \/><\/li>\n                <li style=\"display: none; width: 100%;\" class=\"slide-4019 ms-image \" aria-roledescription=\"slide\" data-date=\"2025-08-28 12:46:34\" data-filename=\"ERGO-et-EHPAD-1-scaled-1400x650.jpg\" data-slide-type=\"image\"><img loading=\"lazy\" decoding=\"async\" src=\"https:\/\/chdouelafontaine.fr\/centre-hospitalier\/wp-content\/uploads\/2025\/08\/ERGO-et-EHPAD-1-scaled-1400x650.jpg\" height=\"650\" width=\"1400\" alt=\"\" class=\"slider-4013 slide-4019 msDefaultImage\" title=\"ERGO et EHPAD 1\" \/><\/li>\n                <li style=\"display: none; width: 100%;\" class=\"slide-4020 ms-image \" aria-roledescription=\"slide\" data-date=\"2025-08-28 12:46:34\" data-filename=\"ERGO-et-EHPAD-22-scaled-1400x650.jpg\" data-slide-type=\"image\"><img loading=\"lazy\" decoding=\"async\" src=\"https:\/\/chdouelafontaine.fr\/centre-hospitalier\/wp-content\/uploads\/2025\/08\/ERGO-et-EHPAD-22-scaled-1400x650.jpg\" height=\"650\" width=\"1400\" alt=\"\" class=\"slider-4013 slide-4020 msDefaultImage\" title=\"ERGO et EHPAD 22\" \/><\/li>\n            <\/ul>\n        <\/div>\n        \n    <\/div>\n<\/div>\n\n\n\n<p><\/p>\n\n\n\n<p class=\"has-medium-font-size\">Notre mission est de faire en sorte que votre s\u00e9jour dans notre \u00e9tablissement soit le plus agr\u00e9able possible. Nous veillerons \u00e0 votre sant\u00e9 mais aussi \u00e0 votre confort dans un lieu de vie neuf et adapt\u00e9.<\/p>\n\n\n\n<figure class=\"wp-block-image size-large\"><img loading=\"lazy\" decoding=\"async\" width=\"1024\" height=\"693\" src=\"https:\/\/chdouelafontaine.fr\/centre-hospitalier\/wp-content\/uploads\/2025\/08\/2-1-1024x693.png\" alt=\"\" class=\"wp-image-4031\" srcset=\"https:\/\/chdouelafontaine.fr\/centre-hospitalier\/wp-content\/uploads\/2025\/08\/2-1-1024x693.png 1024w, https:\/\/chdouelafontaine.fr\/centre-hospitalier\/wp-content\/uploads\/2025\/08\/2-1-300x203.png 300w, https:\/\/chdouelafontaine.fr\/centre-hospitalier\/wp-content\/uploads\/2025\/08\/2-1-768x520.png 768w, https:\/\/chdouelafontaine.fr\/centre-hospitalier\/wp-content\/uploads\/2025\/08\/2-1-1536x1039.png 1536w, https:\/\/chdouelafontaine.fr\/centre-hospitalier\/wp-content\/uploads\/2025\/08\/2-1-370x250.png 370w, https:\/\/chdouelafontaine.fr\/centre-hospitalier\/wp-content\/uploads\/2025\/08\/2-1.png 2000w\" sizes=\"auto, (max-width: 1024px) 100vw, 1024px\" \/><\/figure>\n\n\n\n<figure class=\"wp-block-image size-large\"><img loading=\"lazy\" decoding=\"async\" width=\"1024\" height=\"619\" src=\"https:\/\/chdouelafontaine.fr\/centre-hospitalier\/wp-content\/uploads\/2025\/08\/3-2-1024x619.png\" alt=\"\" class=\"wp-image-4032\" srcset=\"https:\/\/chdouelafontaine.fr\/centre-hospitalier\/wp-content\/uploads\/2025\/08\/3-2-1024x619.png 1024w, https:\/\/chdouelafontaine.fr\/centre-hospitalier\/wp-content\/uploads\/2025\/08\/3-2-300x181.png 300w, https:\/\/chdouelafontaine.fr\/centre-hospitalier\/wp-content\/uploads\/2025\/08\/3-2-768x464.png 768w, https:\/\/chdouelafontaine.fr\/centre-hospitalier\/wp-content\/uploads\/2025\/08\/3-2-1536x929.png 1536w, https:\/\/chdouelafontaine.fr\/centre-hospitalier\/wp-content\/uploads\/2025\/08\/3-2.png 2000w\" sizes=\"auto, (max-width: 1024px) 100vw, 1024px\" \/><\/figure>\n\n\n\n<figure class=\"wp-block-image size-large\"><img loading=\"lazy\" decoding=\"async\" width=\"1024\" height=\"654\" src=\"https:\/\/chdouelafontaine.fr\/centre-hospitalier\/wp-content\/uploads\/2025\/08\/4-2-1024x654.png\" alt=\"\" class=\"wp-image-4033\" srcset=\"https:\/\/chdouelafontaine.fr\/centre-hospitalier\/wp-content\/uploads\/2025\/08\/4-2-1024x654.png 1024w, https:\/\/chdouelafontaine.fr\/centre-hospitalier\/wp-content\/uploads\/2025\/08\/4-2-300x192.png 300w, https:\/\/chdouelafontaine.fr\/centre-hospitalier\/wp-content\/uploads\/2025\/08\/4-2-768x490.png 768w, https:\/\/chdouelafontaine.fr\/centre-hospitalier\/wp-content\/uploads\/2025\/08\/4-2-1536x981.png 1536w, https:\/\/chdouelafontaine.fr\/centre-hospitalier\/wp-content\/uploads\/2025\/08\/4-2.png 2000w\" sizes=\"auto, (max-width: 1024px) 100vw, 1024px\" \/><\/figure>\n\n\n\n<figure class=\"wp-block-image size-large\"><img loading=\"lazy\" decoding=\"async\" width=\"1024\" height=\"607\" src=\"https:\/\/chdouelafontaine.fr\/centre-hospitalier\/wp-content\/uploads\/2025\/08\/55-1024x607.png\" alt=\"\" class=\"wp-image-4038\" srcset=\"https:\/\/chdouelafontaine.fr\/centre-hospitalier\/wp-content\/uploads\/2025\/08\/55-1024x607.png 1024w, https:\/\/chdouelafontaine.fr\/centre-hospitalier\/wp-content\/uploads\/2025\/08\/55-300x178.png 300w, https:\/\/chdouelafontaine.fr\/centre-hospitalier\/wp-content\/uploads\/2025\/08\/55-768x455.png 768w, https:\/\/chdouelafontaine.fr\/centre-hospitalier\/wp-content\/uploads\/2025\/08\/55-1536x910.png 1536w, https:\/\/chdouelafontaine.fr\/centre-hospitalier\/wp-content\/uploads\/2025\/08\/55.png 2000w\" sizes=\"auto, (max-width: 1024px) 100vw, 1024px\" \/><\/figure>\n\n\n\n<figure class=\"wp-block-image size-large\"><img loading=\"lazy\" decoding=\"async\" width=\"1024\" height=\"322\" src=\"https:\/\/chdouelafontaine.fr\/centre-hospitalier\/wp-content\/uploads\/2025\/08\/6-1024x322.png\" alt=\"\" class=\"wp-image-4035\" srcset=\"https:\/\/chdouelafontaine.fr\/centre-hospitalier\/wp-content\/uploads\/2025\/08\/6-1024x322.png 1024w, https:\/\/chdouelafontaine.fr\/centre-hospitalier\/wp-content\/uploads\/2025\/08\/6-300x94.png 300w, https:\/\/chdouelafontaine.fr\/centre-hospitalier\/wp-content\/uploads\/2025\/08\/6-768x241.png 768w, https:\/\/chdouelafontaine.fr\/centre-hospitalier\/wp-content\/uploads\/2025\/08\/6-1536x482.png 1536w, https:\/\/chdouelafontaine.fr\/centre-hospitalier\/wp-content\/uploads\/2025\/08\/6.png 2000w\" sizes=\"auto, (max-width: 1024px) 100vw, 1024px\" \/><\/figure>\n\n\n\n<figure class=\"wp-block-image size-large\"><img loading=\"lazy\" decoding=\"async\" width=\"1024\" height=\"609\" src=\"https:\/\/chdouelafontaine.fr\/centre-hospitalier\/wp-content\/uploads\/2025\/08\/7-1024x609.png\" alt=\"\" class=\"wp-image-4036\" srcset=\"https:\/\/chdouelafontaine.fr\/centre-hospitalier\/wp-content\/uploads\/2025\/08\/7-1024x609.png 1024w, https:\/\/chdouelafontaine.fr\/centre-hospitalier\/wp-content\/uploads\/2025\/08\/7-300x178.png 300w, https:\/\/chdouelafontaine.fr\/centre-hospitalier\/wp-content\/uploads\/2025\/08\/7-768x457.png 768w, https:\/\/chdouelafontaine.fr\/centre-hospitalier\/wp-content\/uploads\/2025\/08\/7-1536x913.png 1536w, https:\/\/chdouelafontaine.fr\/centre-hospitalier\/wp-content\/uploads\/2025\/08\/7.png 2000w\" sizes=\"auto, (max-width: 1024px) 100vw, 1024px\" \/><\/figure>\n\n\n\n<figure class=\"wp-block-image size-large\"><img loading=\"lazy\" decoding=\"async\" width=\"1024\" height=\"705\" src=\"https:\/\/chdouelafontaine.fr\/centre-hospitalier\/wp-content\/uploads\/2025\/08\/8-2-1024x705.png\" alt=\"\" class=\"wp-image-4037\" srcset=\"https:\/\/chdouelafontaine.fr\/centre-hospitalier\/wp-content\/uploads\/2025\/08\/8-2-1024x705.png 1024w, https:\/\/chdouelafontaine.fr\/centre-hospitalier\/wp-content\/uploads\/2025\/08\/8-2-300x206.png 300w, https:\/\/chdouelafontaine.fr\/centre-hospitalier\/wp-content\/uploads\/2025\/08\/8-2-768x528.png 768w, https:\/\/chdouelafontaine.fr\/centre-hospitalier\/wp-content\/uploads\/2025\/08\/8-2-1536x1057.png 1536w, https:\/\/chdouelafontaine.fr\/centre-hospitalier\/wp-content\/uploads\/2025\/08\/8-2.png 2000w\" sizes=\"auto, (max-width: 1024px) 100vw, 1024px\" \/><\/figure>\n\n\n\n<p><\/p>\n","protected":false},"excerpt":{"rendered":"<p>VOTRE S\u00c9JOUR DE A&#8230; \u00c0&#8230; Z Notre mission est de faire en sorte que votre s\u00e9jour dans notre \u00e9tablissement soit le plus agr\u00e9able possible. Nous veillerons \u00e0 votre sant\u00e9 mais aussi \u00e0 votre confort dans un lieu de vie neuf et adapt\u00e9.<\/p>\n","protected":false},"author":1,"featured_media":0,"parent":959,"menu_order":6,"comment_status":"closed","ping_status":"closed","template":"","meta":{"footnotes":""},"class_list":["post-747","page","type-page","status-publish","hentry"],"_links":{"self":[{"href":"https:\/\/chdouelafontaine.fr\/centre-hospitalier\/wp-json\/wp\/v2\/pages\/747","targetHints":{"allow":["GET"]}}],"collection":[{"href":"https:\/\/chdouelafontaine.fr\/centre-hospitalier\/wp-json\/wp\/v2\/pages"}],"about":[{"href":"https:\/\/chdouelafontaine.fr\/centre-hospitalier\/wp-json\/wp\/v2\/types\/page"}],"author":[{"embeddable":true,"href":"https:\/\/chdouelafontaine.fr\/centre-hospitalier\/wp-json\/wp\/v2\/users\/1"}],"replies":[{"embeddable":true,"href":"https:\/\/chdouelafontaine.fr\/centre-hospitalier\/wp-json\/wp\/v2\/comments?post=747"}],"version-history":[{"count":38,"href":"https:\/\/chdouelafontaine.fr\/centre-hospitalier\/wp-json\/wp\/v2\/pages\/747\/revisions"}],"predecessor-version":[{"id":4039,"href":"https:\/\/chdouelafontaine.fr\/centre-hospitalier\/wp-json\/wp\/v2\/pages\/747\/revisions\/4039"}],"up":[{"embeddable":true,"href":"https:\/\/chdouelafontaine.fr\/centre-hospitalier\/wp-json\/wp\/v2\/pages\/959"}],"wp:attachment":[{"href":"https:\/\/chdouelafontaine.fr\/centre-hospitalier\/wp-json\/wp\/v2\/media?parent=747"}],"curies":[{"name":"wp","href":"https:\/\/api.w.org\/{rel}","templated":true}]}}